{"id":828,"date":"2020-11-18T15:34:23","date_gmt":"2020-11-18T14:34:23","guid":{"rendered":"https:\/\/haiticlimat.org\/site\/?page_id=828"},"modified":"2021-09-01T16:00:43","modified_gmt":"2021-09-01T14:00:43","slug":"cop","status":"publish","type":"page","link":"https:\/\/haiticlimat.org\/site\/cop\/","title":{"rendered":"COP"},"content":{"rendered":"<section class=\"kc-elm kc-css-392270 kc_row\"><div class=\"kc-row-container  kc-container\"><div class=\"kc-wrap-columns\"><div class=\"kc-elm kc-css-588955 kc_col-sm-12 kc_column kc_col-sm-12\"><div class=\"kc-col-container\"><div class=\"kc-elm kc-css-900286\" style=\"height: 20px; clear: both; width:100%;\"><\/div>\n<div class=\"kc-elm kc-css-650772 kc-blog-posts kc-blog-posts-3 kc-blog-grid kc_blog_masonry kc-image-align-both\">\n\t\n\t\t\n\t\t\t\t<div class=\"post-grid grid-3\">\n\t\t\t\t\t<div class=\"kc-list-item-3\">\n\t\t\t\t\t\t\t\t\t\t\t\t\t<a href=\"https:\/\/haiticlimat.org\/site\/transitionner-hors-des-energies-fossiles-un-accord-trop-vague-et-insatisfaisant-selon-le-docteur-david-noncent\/\" class=\"entry-thumb-link\">\n\t\t\t\t\t\t\t\t<div class=\"entry-thumb-wrapper\">\n\t\t\t\t\t\t\t\t\t<img decoding=\"async\" src=\"https:\/\/haiticlimat.org\/site\/wp-content\/uploads\/2023\/12\/David-Noncent.jpg\"\n\t\t\t\t\t\t\t\t\t     alt=\"\u00ab Transitionner hors des \u00e9nergies fossiles, un accord trop vague et insatisfaisant \u00bb, selon le docteur David Noncent\"\/>\n\t\t\t\t\t\t\t\t\t<div class=\"entry-thumb-overlay\"><\/div>\n\t\t\t\t\t\t\t\t<\/div>\n\t\t\t\t\t\t\t<\/a>\n\t\t\t\t\t\t\t\t\t\t\t\t<div class=\"content\">\n\t\t\t\t\t\t\t<h2 class=\"post-title-alt\"><a\n\t\t\t\t\t\t\t\thref=\"https:\/\/haiticlimat.org\/site\/transitionner-hors-des-energies-fossiles-un-accord-trop-vague-et-insatisfaisant-selon-le-docteur-david-noncent\/\">\u00ab Transitionner hors des \u00e9nergies fossiles, un accord trop vague et insatisfaisant \u00bb, selon le docteur David Noncent<\/a>\n\t\t\t\t\t\t\t<\/h2>\n\t\t\t\t\t\t\t\t\t\t\t\t\t\t\t<div class=\"entry-meta\">\n\t\t\t\t\t\t\t\t\t\t\t\t\t\t\t\t\t\t\t<span class=\"kc-post-author\"><a\n\t\t\t\t\t\t\t\t\t\t\t\thref=\"https:\/\/haiticlimat.org\/site\/author\/admin\/\"\n\t\t\t\t\t\t\t\t\t\t\t\ttitle=\"Posts by Haiti Climat\"\n\t\t\t\t\t\t\t\t\t\t\t\trel=\"author\">Haiti Climat<\/a><\/span>\n\t\t\t\t\t\t\t\t\t\t\t\t\t\t\t\t\t\t\t\t\t\t\t\t\t\t\t\t\t\t\t\t\t\t\t\t\t\t\t\t\t\t\t\t\t\t\t\t<span class=\"entry-cats\"><a href=\"https:\/\/haiticlimat.org\/site\/category\/climat\/\" rel=\"category tag\">Climat<\/a>, <a href=\"https:\/\/haiticlimat.org\/site\/category\/cop\/\" rel=\"category tag\">COP<\/a><\/span>\n\t\t\t\t\t\t\t\t\t\t\t\t\t\t\t\t\t\t\t\t\t\t\t\t\t\t\t<\/div>\n\t\t\t\t\t\t\t\t\t\t\t\t\t\t\t\t\t\t\t\t\t\t<div class=\"entry-excerpt\">\n\t\t\t\t\t\t\t\t\t<p>Au matin du mercredi 13 d\u00e9cembre 2023, alors qu&rsquo;elle devait se terminer le jour d&rsquo;avant, \u00e0 savoir le mardi 12,\u2026<\/p>\n\t\t\t\t\t\t\t\t<\/div>\n\t\t\t\t\t\t\t\t\t\t\t\t\t\t<a href=\"https:\/\/haiticlimat.org\/site\/transitionner-hors-des-energies-fossiles-un-accord-trop-vague-et-insatisfaisant-selon-le-docteur-david-noncent\/\"\n\t\t\t\t\t\t\t   class=\"kc-post-2-button\">Lire la suite <i\n\t\t\t\t\t\t\t\t\tclass=\"fa fa-angle-right\" aria-hidden=\"true\"><\/i><\/a>\n\t\t\t\t\t\t\t\t\t\t\t\t\t<\/div>\n\t\t\t\t\t<\/div>\n\t\t\t\t<\/div>\n\n\t\t\t\t\n\t\t\t\t<div class=\"post-grid grid-3\">\n\t\t\t\t\t<div class=\"kc-list-item-3\">\n\t\t\t\t\t\t\t\t\t\t\t\t\t<a href=\"https:\/\/haiticlimat.org\/site\/le-changement-climatique-un-enjeu-pour-la-production-nationale-selon-lagronome-olfener-edouard\/\" class=\"entry-thumb-link\">\n\t\t\t\t\t\t\t\t<div class=\"entry-thumb-wrapper\">\n\t\t\t\t\t\t\t\t\t<img decoding=\"async\" src=\"https:\/\/haiticlimat.org\/site\/wp-content\/uploads\/2023\/12\/53366667625_7b441b593d_o-1-scaled.jpg\"\n\t\t\t\t\t\t\t\t\t     alt=\"\u00ab Le changement climatique,  un enjeu pour la production nationale \u00bb, selon l&rsquo;agronome Olfener \u00c9douard\"\/>\n\t\t\t\t\t\t\t\t\t<div class=\"entry-thumb-overlay\"><\/div>\n\t\t\t\t\t\t\t\t<\/div>\n\t\t\t\t\t\t\t<\/a>\n\t\t\t\t\t\t\t\t\t\t\t\t<div class=\"content\">\n\t\t\t\t\t\t\t<h2 class=\"post-title-alt\"><a\n\t\t\t\t\t\t\t\thref=\"https:\/\/haiticlimat.org\/site\/le-changement-climatique-un-enjeu-pour-la-production-nationale-selon-lagronome-olfener-edouard\/\">\u00ab Le changement climatique,  un enjeu pour la production nationale \u00bb, selon l&rsquo;agronome Olfener \u00c9douard<\/a>\n\t\t\t\t\t\t\t<\/h2>\n\t\t\t\t\t\t\t\t\t\t\t\t\t\t\t<div class=\"entry-meta\">\n\t\t\t\t\t\t\t\t\t\t\t\t\t\t\t\t\t\t\t<span class=\"kc-post-author\"><a\n\t\t\t\t\t\t\t\t\t\t\t\thref=\"https:\/\/haiticlimat.org\/site\/author\/admin\/\"\n\t\t\t\t\t\t\t\t\t\t\t\ttitle=\"Posts by Haiti Climat\"\n\t\t\t\t\t\t\t\t\t\t\t\trel=\"author\">Haiti Climat<\/a><\/span>\n\t\t\t\t\t\t\t\t\t\t\t\t\t\t\t\t\t\t\t\t\t\t\t\t\t\t\t\t\t\t\t\t\t\t\t\t\t\t\t\t\t\t\t\t\t\t\t\t<span class=\"entry-cats\"><a href=\"https:\/\/haiticlimat.org\/site\/category\/actualites\/\" rel=\"category tag\">Actualit\u00e9s<\/a>, <a href=\"https:\/\/haiticlimat.org\/site\/category\/agro-ecologie\/\" rel=\"category tag\">Agro-\u00e9cologie<\/a>, <a href=\"https:\/\/haiticlimat.org\/site\/category\/climat\/\" rel=\"category tag\">Climat<\/a>, <a href=\"https:\/\/haiticlimat.org\/site\/category\/cop\/\" rel=\"category tag\">COP<\/a>, <a href=\"https:\/\/haiticlimat.org\/site\/category\/agro-ecologie\/securite-alimentaire\/\" rel=\"category tag\">S\u00e9curit\u00e9 Alimentaire<\/a><\/span>\n\t\t\t\t\t\t\t\t\t\t\t\t\t\t\t\t\t\t\t\t\t\t\t\t\t\t\t<\/div>\n\t\t\t\t\t\t\t\t\t\t\t\t\t\t\t\t\t\t\t\t\t\t<div class=\"entry-excerpt\">\n\t\t\t\t\t\t\t\t\t<p>La structure PROMODEV a organis\u00e9, le samedi 9 d\u00e9cembre 2023, un forum agricole en ligne&nbsp;avec des agronomes et historiens sur\u2026<\/p>\n\t\t\t\t\t\t\t\t<\/div>\n\t\t\t\t\t\t\t\t\t\t\t\t\t\t<a href=\"https:\/\/haiticlimat.org\/site\/le-changement-climatique-un-enjeu-pour-la-production-nationale-selon-lagronome-olfener-edouard\/\"\n\t\t\t\t\t\t\t   class=\"kc-post-2-button\">Lire la suite <i\n\t\t\t\t\t\t\t\t\tclass=\"fa fa-angle-right\" aria-hidden=\"true\"><\/i><\/a>\n\t\t\t\t\t\t\t\t\t\t\t\t\t<\/div>\n\t\t\t\t\t<\/div>\n\t\t\t\t<\/div>\n\n\t\t\t\t\n\t\t\t\t<div class=\"post-grid grid-3\">\n\t\t\t\t\t<div class=\"kc-list-item-3\">\n\t\t\t\t\t\t\t\t\t\t\t\t\t<a href=\"https:\/\/haiticlimat.org\/site\/cop28-les-pays-bas-promettent-150-millions-de-dollars-pour-la-reconstitution-des-ressources-du-fida\/\" class=\"entry-thumb-link\">\n\t\t\t\t\t\t\t\t<div class=\"entry-thumb-wrapper\">\n\t\t\t\t\t\t\t\t\t<img decoding=\"async\" src=\"https:\/\/haiticlimat.org\/site\/wp-content\/uploads\/2023\/12\/unnamed-1.jpg\"\n\t\t\t\t\t\t\t\t\t     alt=\"COP28 : Les Pays-Bas promettent 150 millions de dollars pour la reconstitution des ressources du FIDA\"\/>\n\t\t\t\t\t\t\t\t\t<div class=\"entry-thumb-overlay\"><\/div>\n\t\t\t\t\t\t\t\t<\/div>\n\t\t\t\t\t\t\t<\/a>\n\t\t\t\t\t\t\t\t\t\t\t\t<div class=\"content\">\n\t\t\t\t\t\t\t<h2 class=\"post-title-alt\"><a\n\t\t\t\t\t\t\t\thref=\"https:\/\/haiticlimat.org\/site\/cop28-les-pays-bas-promettent-150-millions-de-dollars-pour-la-reconstitution-des-ressources-du-fida\/\">COP28 : Les Pays-Bas promettent 150 millions de dollars pour la reconstitution des ressources du FIDA<\/a>\n\t\t\t\t\t\t\t<\/h2>\n\t\t\t\t\t\t\t\t\t\t\t\t\t\t\t<div class=\"entry-meta\">\n\t\t\t\t\t\t\t\t\t\t\t\t\t\t\t\t\t\t\t<span class=\"kc-post-author\"><a\n\t\t\t\t\t\t\t\t\t\t\t\thref=\"https:\/\/haiticlimat.org\/site\/author\/admin\/\"\n\t\t\t\t\t\t\t\t\t\t\t\ttitle=\"Posts by Haiti Climat\"\n\t\t\t\t\t\t\t\t\t\t\t\trel=\"author\">Haiti Climat<\/a><\/span>\n\t\t\t\t\t\t\t\t\t\t\t\t\t\t\t\t\t\t\t\t\t\t\t\t\t\t\t\t\t\t\t\t\t\t\t\t\t\t\t\t\t\t\t\t\t\t\t\t<span class=\"entry-cats\"><a href=\"https:\/\/haiticlimat.org\/site\/category\/actualites\/\" rel=\"category tag\">Actualit\u00e9s<\/a>, <a href=\"https:\/\/haiticlimat.org\/site\/category\/climat\/\" rel=\"category tag\">Climat<\/a>, <a href=\"https:\/\/haiticlimat.org\/site\/category\/cop\/\" rel=\"category tag\">COP<\/a><\/span>\n\t\t\t\t\t\t\t\t\t\t\t\t\t\t\t\t\t\t\t\t\t\t\t\t\t\t\t<\/div>\n\t\t\t\t\t\t\t\t\t\t\t\t\t\t\t\t\t\t\t\t\t\t<div class=\"entry-excerpt\">\n\t\t\t\t\t\t\t\t\t<p>Les Pays-Bas ont promis une enveloppe de 150 millions de dollars d&rsquo;USD au Fonds International de d\u00e9veloppement agricole (FIDA) dans\u2026<\/p>\n\t\t\t\t\t\t\t\t<\/div>\n\t\t\t\t\t\t\t\t\t\t\t\t\t\t<a href=\"https:\/\/haiticlimat.org\/site\/cop28-les-pays-bas-promettent-150-millions-de-dollars-pour-la-reconstitution-des-ressources-du-fida\/\"\n\t\t\t\t\t\t\t   class=\"kc-post-2-button\">Lire la suite <i\n\t\t\t\t\t\t\t\t\tclass=\"fa fa-angle-right\" aria-hidden=\"true\"><\/i><\/a>\n\t\t\t\t\t\t\t\t\t\t\t\t\t<\/div>\n\t\t\t\t\t<\/div>\n\t\t\t\t<\/div>\n\n\t\t\t\t\n\t\t\t\t<div class=\"post-grid grid-3\">\n\t\t\t\t\t<div class=\"kc-list-item-3\">\n\t\t\t\t\t\t\t\t\t\t\t\t\t<a href=\"https:\/\/haiticlimat.org\/site\/cop28-haiti-salue-loperationnalisation-du-fonds-sur-les-pertes-et-prejudices\/\" class=\"entry-thumb-link\">\n\t\t\t\t\t\t\t\t<div class=\"entry-thumb-wrapper\">\n\t\t\t\t\t\t\t\t\t<img decoding=\"async\" src=\"https:\/\/haiticlimat.org\/site\/wp-content\/uploads\/2023\/12\/cadet-COP28-scaled.jpg\"\n\t\t\t\t\t\t\t\t\t     alt=\"COP28 : Ha\u00efti salue l&rsquo;op\u00e9rationnalisation du fonds sur les pertes et pr\u00e9judices\"\/>\n\t\t\t\t\t\t\t\t\t<div class=\"entry-thumb-overlay\"><\/div>\n\t\t\t\t\t\t\t\t<\/div>\n\t\t\t\t\t\t\t<\/a>\n\t\t\t\t\t\t\t\t\t\t\t\t<div class=\"content\">\n\t\t\t\t\t\t\t<h2 class=\"post-title-alt\"><a\n\t\t\t\t\t\t\t\thref=\"https:\/\/haiticlimat.org\/site\/cop28-haiti-salue-loperationnalisation-du-fonds-sur-les-pertes-et-prejudices\/\">COP28 : Ha\u00efti salue l&rsquo;op\u00e9rationnalisation du fonds sur les pertes et pr\u00e9judices<\/a>\n\t\t\t\t\t\t\t<\/h2>\n\t\t\t\t\t\t\t\t\t\t\t\t\t\t\t<div class=\"entry-meta\">\n\t\t\t\t\t\t\t\t\t\t\t\t\t\t\t\t\t\t\t<span class=\"kc-post-author\"><a\n\t\t\t\t\t\t\t\t\t\t\t\thref=\"https:\/\/haiticlimat.org\/site\/author\/admin\/\"\n\t\t\t\t\t\t\t\t\t\t\t\ttitle=\"Posts by Haiti Climat\"\n\t\t\t\t\t\t\t\t\t\t\t\trel=\"author\">Haiti Climat<\/a><\/span>\n\t\t\t\t\t\t\t\t\t\t\t\t\t\t\t\t\t\t\t\t\t\t\t\t\t\t\t\t\t\t\t\t\t\t\t\t\t\t\t\t\t\t\t\t\t\t\t\t<span class=\"entry-cats\"><a href=\"https:\/\/haiticlimat.org\/site\/category\/actualites\/\" rel=\"category tag\">Actualit\u00e9s<\/a>, <a href=\"https:\/\/haiticlimat.org\/site\/category\/climat\/\" rel=\"category tag\">Climat<\/a>, <a href=\"https:\/\/haiticlimat.org\/site\/category\/cop\/\" rel=\"category tag\">COP<\/a><\/span>\n\t\t\t\t\t\t\t\t\t\t\t\t\t\t\t\t\t\t\t\t\t\t\t\t\t\t\t<\/div>\n\t\t\t\t\t\t\t\t\t\t\t\t\t\t\t\t\t\t\t\t\t\t<div class=\"entry-excerpt\">\n\t\t\t\t\t\t\t\t\t<p>La R\u00e9publique d\u2019Ha\u00efti, par la voix de son ministre de l&rsquo;Environnement, James Cadet, a salu\u00e9, dans le cadre de la\u2026<\/p>\n\t\t\t\t\t\t\t\t<\/div>\n\t\t\t\t\t\t\t\t\t\t\t\t\t\t<a href=\"https:\/\/haiticlimat.org\/site\/cop28-haiti-salue-loperationnalisation-du-fonds-sur-les-pertes-et-prejudices\/\"\n\t\t\t\t\t\t\t   class=\"kc-post-2-button\">Lire la suite <i\n\t\t\t\t\t\t\t\t\tclass=\"fa fa-angle-right\" aria-hidden=\"true\"><\/i><\/a>\n\t\t\t\t\t\t\t\t\t\t\t\t\t<\/div>\n\t\t\t\t\t<\/div>\n\t\t\t\t<\/div>\n\n\t\t\t\t\n\t\t\t\t<div class=\"post-grid grid-3\">\n\t\t\t\t\t<div class=\"kc-list-item-3\">\n\t\t\t\t\t\t\t\t\t\t\t\t\t<a href=\"https:\/\/haiticlimat.org\/site\/cop28-vers-une-impasse-sur-un-accord-sur-ladaptation\/\" class=\"entry-thumb-link\">\n\t\t\t\t\t\t\t\t<div class=\"entry-thumb-wrapper\">\n\t\t\t\t\t\t\t\t\t<img decoding=\"async\" src=\"https:\/\/haiticlimat.org\/site\/wp-content\/uploads\/2023\/12\/53386319030_756a0f7aba_o-scaled.jpg\"\n\t\t\t\t\t\t\t\t\t     alt=\"COP28 : vers une impasse sur un accord sur l\u2019adaptation\u2026\"\/>\n\t\t\t\t\t\t\t\t\t<div class=\"entry-thumb-overlay\"><\/div>\n\t\t\t\t\t\t\t\t<\/div>\n\t\t\t\t\t\t\t<\/a>\n\t\t\t\t\t\t\t\t\t\t\t\t<div class=\"content\">\n\t\t\t\t\t\t\t<h2 class=\"post-title-alt\"><a\n\t\t\t\t\t\t\t\thref=\"https:\/\/haiticlimat.org\/site\/cop28-vers-une-impasse-sur-un-accord-sur-ladaptation\/\">COP28 : vers une impasse sur un accord sur l\u2019adaptation\u2026<\/a>\n\t\t\t\t\t\t\t<\/h2>\n\t\t\t\t\t\t\t\t\t\t\t\t\t\t\t<div class=\"entry-meta\">\n\t\t\t\t\t\t\t\t\t\t\t\t\t\t\t\t\t\t\t<span class=\"kc-post-author\"><a\n\t\t\t\t\t\t\t\t\t\t\t\thref=\"https:\/\/haiticlimat.org\/site\/author\/admin\/\"\n\t\t\t\t\t\t\t\t\t\t\t\ttitle=\"Posts by Haiti Climat\"\n\t\t\t\t\t\t\t\t\t\t\t\trel=\"author\">Haiti Climat<\/a><\/span>\n\t\t\t\t\t\t\t\t\t\t\t\t\t\t\t\t\t\t\t\t\t\t\t\t\t\t\t\t\t\t\t\t\t\t\t\t\t\t\t\t\t\t\t\t\t\t\t\t<span class=\"entry-cats\"><a href=\"https:\/\/haiticlimat.org\/site\/category\/actualites\/\" rel=\"category tag\">Actualit\u00e9s<\/a>, <a href=\"https:\/\/haiticlimat.org\/site\/category\/climat\/\" rel=\"category tag\">Climat<\/a>, <a href=\"https:\/\/haiticlimat.org\/site\/category\/cop\/\" rel=\"category tag\">COP<\/a><\/span>\n\t\t\t\t\t\t\t\t\t\t\t\t\t\t\t\t\t\t\t\t\t\t\t\t\t\t\t<\/div>\n\t\t\t\t\t\t\t\t\t\t\t\t\t\t\t\t\t\t\t\t\t\t<div class=\"entry-excerpt\">\n\t\t\t\t\t\t\t\t\t<p>\u00c0 quelques jours de la cl\u00f4ture de la 28e Conf\u00e9rence des Parties (COP28), qui se d\u00e9roule \u00e0 Duba\u00ef aux \u00c9mirats\u2026<\/p>\n\t\t\t\t\t\t\t\t<\/div>\n\t\t\t\t\t\t\t\t\t\t\t\t\t\t<a href=\"https:\/\/haiticlimat.org\/site\/cop28-vers-une-impasse-sur-un-accord-sur-ladaptation\/\"\n\t\t\t\t\t\t\t   class=\"kc-post-2-button\">Lire la suite <i\n\t\t\t\t\t\t\t\t\tclass=\"fa fa-angle-right\" aria-hidden=\"true\"><\/i><\/a>\n\t\t\t\t\t\t\t\t\t\t\t\t\t<\/div>\n\t\t\t\t\t<\/div>\n\t\t\t\t<\/div>\n\n\t\t\t\t\n\t\t\t\t<div class=\"post-grid grid-3\">\n\t\t\t\t\t<div class=\"kc-list-item-3\">\n\t\t\t\t\t\t\t\t\t\t\t\t\t<a href=\"https:\/\/haiticlimat.org\/site\/cop28-plus-de-60-pays-sengagent-a-limiter-leurs-emissions-liees-a-lair-conditionne\/\" class=\"entry-thumb-link\">\n\t\t\t\t\t\t\t\t<div class=\"entry-thumb-wrapper\">\n\t\t\t\t\t\t\t\t\t<img decoding=\"async\" src=\"https:\/\/haiticlimat.org\/site\/wp-content\/uploads\/2023\/12\/17018771773481154024_1200x630.jpg\"\n\t\t\t\t\t\t\t\t\t     alt=\"COP28: Plus de 60 pays s&rsquo;engagent \u00e0 limiter leurs \u00e9missions li\u00e9es \u00e0 l&rsquo;air conditionn\u00e9\"\/>\n\t\t\t\t\t\t\t\t\t<div class=\"entry-thumb-overlay\"><\/div>\n\t\t\t\t\t\t\t\t<\/div>\n\t\t\t\t\t\t\t<\/a>\n\t\t\t\t\t\t\t\t\t\t\t\t<div class=\"content\">\n\t\t\t\t\t\t\t<h2 class=\"post-title-alt\"><a\n\t\t\t\t\t\t\t\thref=\"https:\/\/haiticlimat.org\/site\/cop28-plus-de-60-pays-sengagent-a-limiter-leurs-emissions-liees-a-lair-conditionne\/\">COP28: Plus de 60 pays s&rsquo;engagent \u00e0 limiter leurs \u00e9missions li\u00e9es \u00e0 l&rsquo;air conditionn\u00e9<\/a>\n\t\t\t\t\t\t\t<\/h2>\n\t\t\t\t\t\t\t\t\t\t\t\t\t\t\t<div class=\"entry-meta\">\n\t\t\t\t\t\t\t\t\t\t\t\t\t\t\t\t\t\t\t<span class=\"kc-post-author\"><a\n\t\t\t\t\t\t\t\t\t\t\t\thref=\"https:\/\/haiticlimat.org\/site\/author\/admin\/\"\n\t\t\t\t\t\t\t\t\t\t\t\ttitle=\"Posts by Haiti Climat\"\n\t\t\t\t\t\t\t\t\t\t\t\trel=\"author\">Haiti Climat<\/a><\/span>\n\t\t\t\t\t\t\t\t\t\t\t\t\t\t\t\t\t\t\t\t\t\t\t\t\t\t\t\t\t\t\t\t\t\t\t\t\t\t\t\t\t\t\t\t\t\t\t\t<span class=\"entry-cats\"><a href=\"https:\/\/haiticlimat.org\/site\/category\/actualites\/\" rel=\"category tag\">Actualit\u00e9s<\/a>, <a href=\"https:\/\/haiticlimat.org\/site\/category\/climat\/\" rel=\"category tag\">Climat<\/a>, <a href=\"https:\/\/haiticlimat.org\/site\/category\/cop\/\" rel=\"category tag\">COP<\/a><\/span>\n\t\t\t\t\t\t\t\t\t\t\t\t\t\t\t\t\t\t\t\t\t\t\t\t\t\t\t<\/div>\n\t\t\t\t\t\t\t\t\t\t\t\t\t\t\t\t\t\t\t\t\t\t<div class=\"entry-excerpt\">\n\t\t\t\t\t\t\t\t\t<p>Une soixantaine de pays participants \u00e0 la 28e Conf\u00e9rence des Parties de l&rsquo;ONU sur le changement climatique, aux \u00c9mirats arabes,\u00a0\u2026<\/p>\n\t\t\t\t\t\t\t\t<\/div>\n\t\t\t\t\t\t\t\t\t\t\t\t\t\t<a href=\"https:\/\/haiticlimat.org\/site\/cop28-plus-de-60-pays-sengagent-a-limiter-leurs-emissions-liees-a-lair-conditionne\/\"\n\t\t\t\t\t\t\t   class=\"kc-post-2-button\">Lire la suite <i\n\t\t\t\t\t\t\t\t\tclass=\"fa fa-angle-right\" aria-hidden=\"true\"><\/i><\/a>\n\t\t\t\t\t\t\t\t\t\t\t\t\t<\/div>\n\t\t\t\t\t<\/div>\n\t\t\t\t<\/div>\n\n\t\t\t\t\n\t\n<\/div>\n<\/div><\/div><\/div><\/div><\/section><section class=\"kc-elm kc-css-177226 kc_row\"><div class=\"kc-row-container  kc-container\"><div class=\"kc-wrap-columns\"><div class=\"kc-elm kc-css-447697 kc_col-sm-12 kc_column kc_col-sm-12\"><div class=\"kc-col-container\">\n<div class=\"kc-elm kc-css-297060\">\n\t<a class=\"kc_button\" href=\"https:\/\/haiticlimat.org\/site\/cop-archives\/\" target=\"_self\" title=\"COP Archives\" onclick=\"\">\n\t\tVoir les Archives COP <i class=\"fa-archive\"><\/i>\t<\/a>\n<\/div>\n<\/div><\/div><\/div><\/div><\/section>\n","protected":false},"excerpt":{"rendered":"","protected":false},"author":1,"featured_media":0,"parent":0,"menu_order":0,"comment_status":"closed","ping_status":"closed","template":"tpl-king_composer.php","meta":{"jetpack_post_was_ever_published":false,"footnotes":""},"class_list":["post-828","page","type-page","status-publish","hentry"],"jetpack_likes_enabled":false,"jetpack_sharing_enabled":false,"_links":{"self":[{"href":"https:\/\/haiticlimat.org\/site\/wp-json\/wp\/v2\/pages\/828","targetHints":{"allow":["GET"]}}],"collection":[{"href":"https:\/\/haiticlimat.org\/site\/wp-json\/wp\/v2\/pages"}],"about":[{"href":"https:\/\/haiticlimat.org\/site\/wp-json\/wp\/v2\/types\/page"}],"author":[{"embeddable":true,"href":"https:\/\/haiticlimat.org\/site\/wp-json\/wp\/v2\/users\/1"}],"replies":[{"embeddable":true,"href":"https:\/\/haiticlimat.org\/site\/wp-json\/wp\/v2\/comments?post=828"}],"version-history":[{"count":5,"href":"https:\/\/haiticlimat.org\/site\/wp-json\/wp\/v2\/pages\/828\/revisions"}],"predecessor-version":[{"id":1991,"href":"https:\/\/haiticlimat.org\/site\/wp-json\/wp\/v2\/pages\/828\/revisions\/1991"}],"wp:attachment":[{"href":"https:\/\/haiticlimat.org\/site\/wp-json\/wp\/v2\/media?parent=828"}],"curies":[{"name":"wp","href":"https:\/\/api.w.org\/{rel}","templated":true}]}}