{"id":827,"date":"2020-11-18T15:34:32","date_gmt":"2020-11-18T14:34:32","guid":{"rendered":"https:\/\/haiticlimat.org\/site\/?page_id=827"},"modified":"2021-04-17T02:40:02","modified_gmt":"2021-04-17T00:40:02","slug":"energies-renouvelables","status":"publish","type":"page","link":"https:\/\/haiticlimat.org\/site\/energies-renouvelables\/","title":{"rendered":"Energies renouvelables"},"content":{"rendered":"<section class=\"kc-elm kc-css-790169 kc_row\"><div class=\"kc-row-container  kc-container\"><div class=\"kc-wrap-columns\"><div class=\"kc-elm kc-css-257278 kc_col-sm-12 kc_column kc_col-sm-12\"><div class=\"kc-col-container\"><div class=\"kc-elm kc-css-219518\" style=\"height: 20px; clear: both; width:100%;\"><\/div>\n<div class=\"kc-elm kc-css-464404 kc-blog-posts kc-blog-posts-3 kc-blog-grid kc_blog_masonry kc-image-align-both\">\n\t\n\t\t\n\t\t\t\t<div class=\"post-grid grid-3\">\n\t\t\t\t\t<div class=\"kc-list-item-3\">\n\t\t\t\t\t\t\t\t\t\t\t\t\t<a href=\"https:\/\/haiticlimat.org\/site\/cop28-le-secretaire-general-de-lonu-projette-de-creer-un-groupe-dexperts-pour-la-transition-vers-les-energies-vertes\/\" class=\"entry-thumb-link\">\n\t\t\t\t\t\t\t\t<div class=\"entry-thumb-wrapper\">\n\t\t\t\t\t\t\t\t\t<img decoding=\"async\" src=\"https:\/\/haiticlimat.org\/site\/wp-content\/uploads\/2023\/12\/Antonio-Guterres-cop-climate-ap.jpg\"\n\t\t\t\t\t\t\t\t\t     alt=\"COP28 : Le Secr\u00e9taire G\u00e9n\u00e9ral de l&rsquo;ONU projette de cr\u00e9er un groupe d&rsquo;experts pour la transition vers les \u00e9nergies vertes\"\/>\n\t\t\t\t\t\t\t\t\t<div class=\"entry-thumb-overlay\"><\/div>\n\t\t\t\t\t\t\t\t<\/div>\n\t\t\t\t\t\t\t<\/a>\n\t\t\t\t\t\t\t\t\t\t\t\t<div class=\"content\">\n\t\t\t\t\t\t\t<h2 class=\"post-title-alt\"><a\n\t\t\t\t\t\t\t\thref=\"https:\/\/haiticlimat.org\/site\/cop28-le-secretaire-general-de-lonu-projette-de-creer-un-groupe-dexperts-pour-la-transition-vers-les-energies-vertes\/\">COP28 : Le Secr\u00e9taire G\u00e9n\u00e9ral de l&rsquo;ONU projette de cr\u00e9er un groupe d&rsquo;experts pour la transition vers les \u00e9nergies vertes<\/a>\n\t\t\t\t\t\t\t<\/h2>\n\t\t\t\t\t\t\t\t\t\t\t\t\t\t\t<div class=\"entry-meta\">\n\t\t\t\t\t\t\t\t\t\t\t\t\t\t\t\t\t\t\t<span class=\"kc-post-author\"><a\n\t\t\t\t\t\t\t\t\t\t\t\thref=\"https:\/\/haiticlimat.org\/site\/author\/admin\/\"\n\t\t\t\t\t\t\t\t\t\t\t\ttitle=\"Posts by Haiti Climat\"\n\t\t\t\t\t\t\t\t\t\t\t\trel=\"author\">Haiti Climat<\/a><\/span>\n\t\t\t\t\t\t\t\t\t\t\t\t\t\t\t\t\t\t\t\t\t\t\t\t\t\t\t<span class=\"entry-date\"><a\n\t\t\t\t\t\t\t\t\t\t\thref=\"https:\/\/haiticlimat.org\/site\/cop28-le-secretaire-general-de-lonu-projette-de-creer-un-groupe-dexperts-pour-la-transition-vers-les-energies-vertes\/\">d\u00e9cembre 04, 2023<\/a><\/span>\n\t\t\t\t\t\t\t\t\t\t\t\t\t\t\t\t\t\t\t\t\t\t\t\t\t\t\t\t\t\t\t\t\t\t\t\t\t\t\t<span class=\"entry-cats\"><a href=\"https:\/\/haiticlimat.org\/site\/category\/actualites\/\" rel=\"category tag\">Actualit\u00e9s<\/a>, <a href=\"https:\/\/haiticlimat.org\/site\/category\/cop\/\" rel=\"category tag\">COP<\/a>, <a href=\"https:\/\/haiticlimat.org\/site\/category\/energies-renouvelables\/\" rel=\"category tag\">Energies renouvelables<\/a><\/span>\n\t\t\t\t\t\t\t\t\t\t\t\t\t\t\t\t\t\t\t\t\t\t\t\t\t\t\t<\/div>\n\t\t\t\t\t\t\t\t\t\t\t\t\t\t\t\t\t\t\t\t\t\t<div class=\"entry-excerpt\">\n\t\t\t\t\t\t\t\t\t<p>Le Secr\u00e9taire G\u00e9n\u00e9ral de l\u2019ONU pr\u00e9voit de cr\u00e9er un groupe d&rsquo;experts qui sera charg\u00e9 de veiller \u00e0 ce que la\u2026<\/p>\n\t\t\t\t\t\t\t\t<\/div>\n\t\t\t\t\t\t\t\t\t\t\t\t\t\t<a href=\"https:\/\/haiticlimat.org\/site\/cop28-le-secretaire-general-de-lonu-projette-de-creer-un-groupe-dexperts-pour-la-transition-vers-les-energies-vertes\/\"\n\t\t\t\t\t\t\t   class=\"kc-post-2-button\">Lire la suite <i\n\t\t\t\t\t\t\t\t\tclass=\"fa fa-angle-right\" aria-hidden=\"true\"><\/i><\/a>\n\t\t\t\t\t\t\t\t\t\t\t\t\t<\/div>\n\t\t\t\t\t<\/div>\n\t\t\t\t<\/div>\n\n\t\t\t\t\n\t\t\t\t<div class=\"post-grid grid-3\">\n\t\t\t\t\t<div class=\"kc-list-item-3\">\n\t\t\t\t\t\t\t\t\t\t\t\t\t<a href=\"https:\/\/haiticlimat.org\/site\/environnement-remplacer-le-charbon-de-bois-par-le-gaz-propane-comme-energie-de-cuisson\/\" class=\"entry-thumb-link\">\n\t\t\t\t\t\t\t\t<div class=\"entry-thumb-wrapper\">\n\t\t\t\t\t\t\t\t\t<img decoding=\"async\" src=\"https:\/\/haiticlimat.org\/site\/wp-content\/uploads\/2020\/12\/Chabon-1_Fotor.jpg\"\n\t\t\t\t\t\t\t\t\t     alt=\"Environnement: remplacer le charbon de bois par le gaz propane comme \u00e9nergie de cuisson\"\/>\n\t\t\t\t\t\t\t\t\t<div class=\"entry-thumb-overlay\"><\/div>\n\t\t\t\t\t\t\t\t<\/div>\n\t\t\t\t\t\t\t<\/a>\n\t\t\t\t\t\t\t\t\t\t\t\t<div class=\"content\">\n\t\t\t\t\t\t\t<h2 class=\"post-title-alt\"><a\n\t\t\t\t\t\t\t\thref=\"https:\/\/haiticlimat.org\/site\/environnement-remplacer-le-charbon-de-bois-par-le-gaz-propane-comme-energie-de-cuisson\/\">Environnement: remplacer le charbon de bois par le gaz propane comme \u00e9nergie de cuisson<\/a>\n\t\t\t\t\t\t\t<\/h2>\n\t\t\t\t\t\t\t\t\t\t\t\t\t\t\t<div class=\"entry-meta\">\n\t\t\t\t\t\t\t\t\t\t\t\t\t\t\t\t\t\t\t<span class=\"kc-post-author\"><a\n\t\t\t\t\t\t\t\t\t\t\t\thref=\"https:\/\/haiticlimat.org\/site\/author\/admin\/\"\n\t\t\t\t\t\t\t\t\t\t\t\ttitle=\"Posts by Haiti Climat\"\n\t\t\t\t\t\t\t\t\t\t\t\trel=\"author\">Haiti Climat<\/a><\/span>\n\t\t\t\t\t\t\t\t\t\t\t\t\t\t\t\t\t\t\t\t\t\t\t\t\t\t\t<span class=\"entry-date\"><a\n\t\t\t\t\t\t\t\t\t\t\thref=\"https:\/\/haiticlimat.org\/site\/environnement-remplacer-le-charbon-de-bois-par-le-gaz-propane-comme-energie-de-cuisson\/\">mai 01, 2023<\/a><\/span>\n\t\t\t\t\t\t\t\t\t\t\t\t\t\t\t\t\t\t\t\t\t\t\t\t\t\t\t\t\t\t\t\t\t\t\t\t\t\t\t<span class=\"entry-cats\"><a href=\"https:\/\/haiticlimat.org\/site\/category\/actualites\/\" rel=\"category tag\">Actualit\u00e9s<\/a>, <a href=\"https:\/\/haiticlimat.org\/site\/category\/energies-renouvelables\/\" rel=\"category tag\">Energies renouvelables<\/a>, <a href=\"https:\/\/haiticlimat.org\/site\/category\/environnement\/\" rel=\"category tag\">Environnement<\/a><\/span>\n\t\t\t\t\t\t\t\t\t\t\t\t\t\t\t\t\t\t\t\t\t\t\t\t\t\t\t<\/div>\n\t\t\t\t\t\t\t\t\t\t\t\t\t\t\t\t\t\t\t\t\t\t<div class=\"entry-excerpt\">\n\t\t\t\t\t\t\t\t\t<p>\u00c0 l\u2019occasion de la premi\u00e8re journ\u00e9e de la 13e \u00e9dition du Sommet international de la finance qui s\u2019est d\u00e9roul\u00e9 r\u00e9cemment\u2026<\/p>\n\t\t\t\t\t\t\t\t<\/div>\n\t\t\t\t\t\t\t\t\t\t\t\t\t\t<a href=\"https:\/\/haiticlimat.org\/site\/environnement-remplacer-le-charbon-de-bois-par-le-gaz-propane-comme-energie-de-cuisson\/\"\n\t\t\t\t\t\t\t   class=\"kc-post-2-button\">Lire la suite <i\n\t\t\t\t\t\t\t\t\tclass=\"fa fa-angle-right\" aria-hidden=\"true\"><\/i><\/a>\n\t\t\t\t\t\t\t\t\t\t\t\t\t<\/div>\n\t\t\t\t\t<\/div>\n\t\t\t\t<\/div>\n\n\t\t\t\t\n\t\t\t\t<div class=\"post-grid grid-3\">\n\t\t\t\t\t<div class=\"kc-list-item-3\">\n\t\t\t\t\t\t\t\t\t\t\t\t\t<a href=\"https:\/\/haiticlimat.org\/site\/penuries-delectricite-le-charbon-a-t-il-encore-de-longues-annees-devant-lui\/\" class=\"entry-thumb-link\">\n\t\t\t\t\t\t\t\t<div class=\"entry-thumb-wrapper\">\n\t\t\t\t\t\t\t\t\t<img decoding=\"async\" src=\"https:\/\/haiticlimat.org\/site\/wp-content\/uploads\/2021\/10\/960x614_une-centrale-electrique-au-charbon-a-datong-en-chine-le-19-novembre-2015.jpg\"\n\t\t\t\t\t\t\t\t\t     alt=\"P\u00e9nuries d\u2019\u00e9lectricit\u00e9 : Le charbon a-t-il encore de longues ann\u00e9es devant lui ?\"\/>\n\t\t\t\t\t\t\t\t\t<div class=\"entry-thumb-overlay\"><\/div>\n\t\t\t\t\t\t\t\t<\/div>\n\t\t\t\t\t\t\t<\/a>\n\t\t\t\t\t\t\t\t\t\t\t\t<div class=\"content\">\n\t\t\t\t\t\t\t<h2 class=\"post-title-alt\"><a\n\t\t\t\t\t\t\t\thref=\"https:\/\/haiticlimat.org\/site\/penuries-delectricite-le-charbon-a-t-il-encore-de-longues-annees-devant-lui\/\">P\u00e9nuries d\u2019\u00e9lectricit\u00e9 : Le charbon a-t-il encore de longues ann\u00e9es devant lui ?<\/a>\n\t\t\t\t\t\t\t<\/h2>\n\t\t\t\t\t\t\t\t\t\t\t\t\t\t\t<div class=\"entry-meta\">\n\t\t\t\t\t\t\t\t\t\t\t\t\t\t\t\t\t\t\t<span class=\"kc-post-author\"><a\n\t\t\t\t\t\t\t\t\t\t\t\thref=\"https:\/\/haiticlimat.org\/site\/author\/admin\/\"\n\t\t\t\t\t\t\t\t\t\t\t\ttitle=\"Posts by Haiti Climat\"\n\t\t\t\t\t\t\t\t\t\t\t\trel=\"author\">Haiti Climat<\/a><\/span>\n\t\t\t\t\t\t\t\t\t\t\t\t\t\t\t\t\t\t\t\t\t\t\t\t\t\t\t<span class=\"entry-date\"><a\n\t\t\t\t\t\t\t\t\t\t\thref=\"https:\/\/haiticlimat.org\/site\/penuries-delectricite-le-charbon-a-t-il-encore-de-longues-annees-devant-lui\/\">octobre 25, 2021<\/a><\/span>\n\t\t\t\t\t\t\t\t\t\t\t\t\t\t\t\t\t\t\t\t\t\t\t\t\t\t\t\t\t\t\t\t\t\t\t\t\t\t\t<span class=\"entry-cats\"><a href=\"https:\/\/haiticlimat.org\/site\/category\/cop\/\" rel=\"category tag\">COP<\/a>, <a href=\"https:\/\/haiticlimat.org\/site\/category\/energies-renouvelables\/\" rel=\"category tag\">Energies renouvelables<\/a>, <a href=\"https:\/\/haiticlimat.org\/site\/category\/international\/\" rel=\"category tag\">International<\/a><\/span>\n\t\t\t\t\t\t\t\t\t\t\t\t\t\t\t\t\t\t\t\t\t\t\t\t\t\t\t<\/div>\n\t\t\t\t\t\t\t\t\t\t\t\t\t\t\t\t\t\t\t\t\t\t<div class=\"entry-excerpt\">\n\t\t\t\t\t\t\t\t\t<p>Pour sortir de la crise \u00e9nerg\u00e9tique qu\u2019elle traverse, la Chine fait tourner ses centrales \u00e0 plein r\u00e9gime et rouvre des\u2026<\/p>\n\t\t\t\t\t\t\t\t<\/div>\n\t\t\t\t\t\t\t\t\t\t\t\t\t\t<a href=\"https:\/\/haiticlimat.org\/site\/penuries-delectricite-le-charbon-a-t-il-encore-de-longues-annees-devant-lui\/\"\n\t\t\t\t\t\t\t   class=\"kc-post-2-button\">Lire la suite <i\n\t\t\t\t\t\t\t\t\tclass=\"fa fa-angle-right\" aria-hidden=\"true\"><\/i><\/a>\n\t\t\t\t\t\t\t\t\t\t\t\t\t<\/div>\n\t\t\t\t\t<\/div>\n\t\t\t\t<\/div>\n\n\t\t\t\t\n\t\t\t\t<div class=\"post-grid grid-3\">\n\t\t\t\t\t<div class=\"kc-list-item-3\">\n\t\t\t\t\t\t\t\t\t\t\t\t\t<a href=\"https:\/\/haiticlimat.org\/site\/repost-lere-de-la-performance-des-energies-renouvelables-solaire-et-eolienne-terrestre-vectrice-de-multiples-benefices-socio-economiques-2\/\" class=\"entry-thumb-link\">\n\t\t\t\t\t\t\t\t<div class=\"entry-thumb-wrapper\">\n\t\t\t\t\t\t\t\t\t<img decoding=\"async\" src=\"https:\/\/haiticlimat.org\/site\/wp-content\/uploads\/2021\/08\/DSC_5165-scaled.jpg\"\n\t\t\t\t\t\t\t\t\t     alt=\"#REPOST. L\u2019\u00e8re de la performance des \u00e9nergies renouvelables (solaire et \u00e9olienne terrestre) : vectrice de multiples b\u00e9n\u00e9fices socio-\u00e9conomiques\"\/>\n\t\t\t\t\t\t\t\t\t<div class=\"entry-thumb-overlay\"><\/div>\n\t\t\t\t\t\t\t\t<\/div>\n\t\t\t\t\t\t\t<\/a>\n\t\t\t\t\t\t\t\t\t\t\t\t<div class=\"content\">\n\t\t\t\t\t\t\t<h2 class=\"post-title-alt\"><a\n\t\t\t\t\t\t\t\thref=\"https:\/\/haiticlimat.org\/site\/repost-lere-de-la-performance-des-energies-renouvelables-solaire-et-eolienne-terrestre-vectrice-de-multiples-benefices-socio-economiques-2\/\">#REPOST. L\u2019\u00e8re de la performance des \u00e9nergies renouvelables (solaire et \u00e9olienne terrestre) : vectrice de multiples b\u00e9n\u00e9fices socio-\u00e9conomiques<\/a>\n\t\t\t\t\t\t\t<\/h2>\n\t\t\t\t\t\t\t\t\t\t\t\t\t\t\t<div class=\"entry-meta\">\n\t\t\t\t\t\t\t\t\t\t\t\t\t\t\t\t\t\t\t<span class=\"kc-post-author\"><a\n\t\t\t\t\t\t\t\t\t\t\t\thref=\"https:\/\/haiticlimat.org\/site\/author\/admin\/\"\n\t\t\t\t\t\t\t\t\t\t\t\ttitle=\"Posts by Haiti Climat\"\n\t\t\t\t\t\t\t\t\t\t\t\trel=\"author\">Haiti Climat<\/a><\/span>\n\t\t\t\t\t\t\t\t\t\t\t\t\t\t\t\t\t\t\t\t\t\t\t\t\t\t\t<span class=\"entry-date\"><a\n\t\t\t\t\t\t\t\t\t\t\thref=\"https:\/\/haiticlimat.org\/site\/repost-lere-de-la-performance-des-energies-renouvelables-solaire-et-eolienne-terrestre-vectrice-de-multiples-benefices-socio-economiques-2\/\">ao\u00fbt 11, 2021<\/a><\/span>\n\t\t\t\t\t\t\t\t\t\t\t\t\t\t\t\t\t\t\t\t\t\t\t\t\t\t\t\t\t\t\t\t\t\t\t\t\t\t\t<span class=\"entry-cats\"><a href=\"https:\/\/haiticlimat.org\/site\/category\/cop\/\" rel=\"category tag\">COP<\/a>, <a href=\"https:\/\/haiticlimat.org\/site\/category\/energies-renouvelables\/\" rel=\"category tag\">Energies renouvelables<\/a><\/span>\n\t\t\t\t\t\t\t\t\t\t\t\t\t\t\t\t\t\t\t\t\t\t\t\t\t\t\t<\/div>\n\t\t\t\t\t\t\t\t\t\t\t\t\t\t\t\t\t\t\t\t\t\t<div class=\"entry-excerpt\">\n\t\t\t\t\t\t\t\t\t<p>A quelques mois de la #COP26, (Glasgow, Ecosse, 1er-12 novembre 2021) Haiti Climat vous fait (re) d\u00e9couvrir les articles et\u2026<\/p>\n\t\t\t\t\t\t\t\t<\/div>\n\t\t\t\t\t\t\t\t\t\t\t\t\t\t<a href=\"https:\/\/haiticlimat.org\/site\/repost-lere-de-la-performance-des-energies-renouvelables-solaire-et-eolienne-terrestre-vectrice-de-multiples-benefices-socio-economiques-2\/\"\n\t\t\t\t\t\t\t   class=\"kc-post-2-button\">Lire la suite <i\n\t\t\t\t\t\t\t\t\tclass=\"fa fa-angle-right\" aria-hidden=\"true\"><\/i><\/a>\n\t\t\t\t\t\t\t\t\t\t\t\t\t<\/div>\n\t\t\t\t\t<\/div>\n\t\t\t\t<\/div>\n\n\t\t\t\t\n\t\t\t\t<div class=\"post-grid grid-3\">\n\t\t\t\t\t<div class=\"kc-list-item-3\">\n\t\t\t\t\t\t\t\t\t\t\t\t\t<a href=\"https:\/\/haiticlimat.org\/site\/quel-choix-energetique-pour-haiti\/\" class=\"entry-thumb-link\">\n\t\t\t\t\t\t\t\t<div class=\"entry-thumb-wrapper\">\n\t\t\t\t\t\t\t\t\t<img decoding=\"async\" src=\"https:\/\/haiticlimat.org\/site\/wp-content\/uploads\/2020\/12\/Chabon-1_Fotor.jpg\"\n\t\t\t\t\t\t\t\t\t     alt=\"Quel choix \u00e9nerg\u00e9tique pour Ha\u00efti?\"\/>\n\t\t\t\t\t\t\t\t\t<div class=\"entry-thumb-overlay\"><\/div>\n\t\t\t\t\t\t\t\t<\/div>\n\t\t\t\t\t\t\t<\/a>\n\t\t\t\t\t\t\t\t\t\t\t\t<div class=\"content\">\n\t\t\t\t\t\t\t<h2 class=\"post-title-alt\"><a\n\t\t\t\t\t\t\t\thref=\"https:\/\/haiticlimat.org\/site\/quel-choix-energetique-pour-haiti\/\">Quel choix \u00e9nerg\u00e9tique pour Ha\u00efti?<\/a>\n\t\t\t\t\t\t\t<\/h2>\n\t\t\t\t\t\t\t\t\t\t\t\t\t\t\t<div class=\"entry-meta\">\n\t\t\t\t\t\t\t\t\t\t\t\t\t\t\t\t\t\t\t<span class=\"kc-post-author\"><a\n\t\t\t\t\t\t\t\t\t\t\t\thref=\"https:\/\/haiticlimat.org\/site\/author\/admin\/\"\n\t\t\t\t\t\t\t\t\t\t\t\ttitle=\"Posts by Haiti Climat\"\n\t\t\t\t\t\t\t\t\t\t\t\trel=\"author\">Haiti Climat<\/a><\/span>\n\t\t\t\t\t\t\t\t\t\t\t\t\t\t\t\t\t\t\t\t\t\t\t\t\t\t\t<span class=\"entry-date\"><a\n\t\t\t\t\t\t\t\t\t\t\thref=\"https:\/\/haiticlimat.org\/site\/quel-choix-energetique-pour-haiti\/\">janvier 08, 2021<\/a><\/span>\n\t\t\t\t\t\t\t\t\t\t\t\t\t\t\t\t\t\t\t\t\t\t\t\t\t\t\t\t\t\t\t\t\t\t\t\t\t\t\t<span class=\"entry-cats\"><a href=\"https:\/\/haiticlimat.org\/site\/category\/energies-renouvelables\/\" rel=\"category tag\">Energies renouvelables<\/a><\/span>\n\t\t\t\t\t\t\t\t\t\t\t\t\t\t\t\t\t\t\t\t\t\t\t\t\t\t\t<\/div>\n\t\t\t\t\t\t\t\t\t\t\t\t\t\t\t\t\t\t\t\t\t\t<div class=\"entry-excerpt\">\n\t\t\t\t\t\t\t\t\t<p>Ha\u00efti a l\u2019obligation d\u2019am\u00e9liorer sa capacit\u00e9 en mati\u00e8re de production et de distribution d\u2019\u00e9nergie \u00e9lectrique. Car, compar\u00e9 \u00e0 ses voisins\u2026<\/p>\n\t\t\t\t\t\t\t\t<\/div>\n\t\t\t\t\t\t\t\t\t\t\t\t\t\t<a href=\"https:\/\/haiticlimat.org\/site\/quel-choix-energetique-pour-haiti\/\"\n\t\t\t\t\t\t\t   class=\"kc-post-2-button\">Lire la suite <i\n\t\t\t\t\t\t\t\t\tclass=\"fa fa-angle-right\" aria-hidden=\"true\"><\/i><\/a>\n\t\t\t\t\t\t\t\t\t\t\t\t\t<\/div>\n\t\t\t\t\t<\/div>\n\t\t\t\t<\/div>\n\n\t\t\t\t\n\t\t\t\t<div class=\"post-grid grid-3\">\n\t\t\t\t\t<div class=\"kc-list-item-3\">\n\t\t\t\t\t\t\t\t\t\t\t\t\t<a href=\"https:\/\/haiticlimat.org\/site\/vers-une-transition-de-lenergie-fossile-aux-energies-renouvelables-en-haiti\/\" class=\"entry-thumb-link\">\n\t\t\t\t\t\t\t\t<div class=\"entry-thumb-wrapper\">\n\t\t\t\t\t\t\t\t\t<img decoding=\"async\" src=\"https:\/\/haiticlimat.org\/site\/wp-content\/uploads\/2020\/12\/energies-renouvelables.jpg\"\n\t\t\t\t\t\t\t\t\t     alt=\"Vers une transition de l\u2019\u00e9nergie fossile aux \u00e9nergies renouvelables en Ha\u00efti\"\/>\n\t\t\t\t\t\t\t\t\t<div class=\"entry-thumb-overlay\"><\/div>\n\t\t\t\t\t\t\t\t<\/div>\n\t\t\t\t\t\t\t<\/a>\n\t\t\t\t\t\t\t\t\t\t\t\t<div class=\"content\">\n\t\t\t\t\t\t\t<h2 class=\"post-title-alt\"><a\n\t\t\t\t\t\t\t\thref=\"https:\/\/haiticlimat.org\/site\/vers-une-transition-de-lenergie-fossile-aux-energies-renouvelables-en-haiti\/\">Vers une transition de l\u2019\u00e9nergie fossile aux \u00e9nergies renouvelables en Ha\u00efti<\/a>\n\t\t\t\t\t\t\t<\/h2>\n\t\t\t\t\t\t\t\t\t\t\t\t\t\t\t<div class=\"entry-meta\">\n\t\t\t\t\t\t\t\t\t\t\t\t\t\t\t\t\t\t\t<span class=\"kc-post-author\"><a\n\t\t\t\t\t\t\t\t\t\t\t\thref=\"https:\/\/haiticlimat.org\/site\/author\/admin\/\"\n\t\t\t\t\t\t\t\t\t\t\t\ttitle=\"Posts by Haiti Climat\"\n\t\t\t\t\t\t\t\t\t\t\t\trel=\"author\">Haiti Climat<\/a><\/span>\n\t\t\t\t\t\t\t\t\t\t\t\t\t\t\t\t\t\t\t\t\t\t\t\t\t\t\t<span class=\"entry-date\"><a\n\t\t\t\t\t\t\t\t\t\t\thref=\"https:\/\/haiticlimat.org\/site\/vers-une-transition-de-lenergie-fossile-aux-energies-renouvelables-en-haiti\/\">d\u00e9cembre 16, 2020<\/a><\/span>\n\t\t\t\t\t\t\t\t\t\t\t\t\t\t\t\t\t\t\t\t\t\t\t\t\t\t\t\t\t\t\t\t\t\t\t\t\t\t\t<span class=\"entry-cats\"><a href=\"https:\/\/haiticlimat.org\/site\/category\/actualites\/\" rel=\"category tag\">Actualit\u00e9s<\/a>, <a href=\"https:\/\/haiticlimat.org\/site\/category\/energies-renouvelables\/\" rel=\"category tag\">Energies renouvelables<\/a><\/span>\n\t\t\t\t\t\t\t\t\t\t\t\t\t\t\t\t\t\t\t\t\t\t\t\t\t\t\t<\/div>\n\t\t\t\t\t\t\t\t\t\t\t\t\t\t\t\t\t\t\t\t\t\t<div class=\"entry-excerpt\">\n\t\t\t\t\t\t\t\t\t<p>L\u2019\u00e9quipe de l\u2019\u00e9mission \u00ab\u00a0Ha\u00efti Climat\u00a0\u00bb, dans le cadre de ses \u00e9missions sp\u00e9ciales sur les \u00e9nergies renouvelables en Ha\u00efti, a convi\u00e9\u2026<\/p>\n\t\t\t\t\t\t\t\t<\/div>\n\t\t\t\t\t\t\t\t\t\t\t\t\t\t<a href=\"https:\/\/haiticlimat.org\/site\/vers-une-transition-de-lenergie-fossile-aux-energies-renouvelables-en-haiti\/\"\n\t\t\t\t\t\t\t   class=\"kc-post-2-button\">Lire la suite <i\n\t\t\t\t\t\t\t\t\tclass=\"fa fa-angle-right\" aria-hidden=\"true\"><\/i><\/a>\n\t\t\t\t\t\t\t\t\t\t\t\t\t<\/div>\n\t\t\t\t\t<\/div>\n\t\t\t\t<\/div>\n\n\t\t\t\t\n\t\t\t\t<div class=\"post-grid grid-3\">\n\t\t\t\t\t<div class=\"kc-list-item-3\">\n\t\t\t\t\t\t\t\t\t\t\t\t\t<a href=\"https:\/\/haiticlimat.org\/site\/la-commune-de-coteaux-heberge-la-pionniere-des-cooperatives-haitiennes-delectricite-ceac\/\" class=\"entry-thumb-link\">\n\t\t\t\t\t\t\t\t<div class=\"entry-thumb-wrapper\">\n\t\t\t\t\t\t\t\t\t<img decoding=\"async\" src=\"https:\/\/haiticlimat.org\/site\/wp-content\/uploads\/2020\/12\/DSC_5247vf.jpg\"\n\t\t\t\t\t\t\t\t\t     alt=\"La commune de Coteaux h\u00e9berge la pionni\u00e8re des coop\u00e9ratives ha\u00eftiennes  d\u2019\u00e9lectricit\u00e9 (CEAC)\"\/>\n\t\t\t\t\t\t\t\t\t<div class=\"entry-thumb-overlay\"><\/div>\n\t\t\t\t\t\t\t\t<\/div>\n\t\t\t\t\t\t\t<\/a>\n\t\t\t\t\t\t\t\t\t\t\t\t<div class=\"content\">\n\t\t\t\t\t\t\t<h2 class=\"post-title-alt\"><a\n\t\t\t\t\t\t\t\thref=\"https:\/\/haiticlimat.org\/site\/la-commune-de-coteaux-heberge-la-pionniere-des-cooperatives-haitiennes-delectricite-ceac\/\">La commune de Coteaux h\u00e9berge la pionni\u00e8re des coop\u00e9ratives ha\u00eftiennes  d\u2019\u00e9lectricit\u00e9 (CEAC)<\/a>\n\t\t\t\t\t\t\t<\/h2>\n\t\t\t\t\t\t\t\t\t\t\t\t\t\t\t<div class=\"entry-meta\">\n\t\t\t\t\t\t\t\t\t\t\t\t\t\t\t\t\t\t\t<span class=\"kc-post-author\"><a\n\t\t\t\t\t\t\t\t\t\t\t\thref=\"https:\/\/haiticlimat.org\/site\/author\/admin\/\"\n\t\t\t\t\t\t\t\t\t\t\t\ttitle=\"Posts by Haiti Climat\"\n\t\t\t\t\t\t\t\t\t\t\t\trel=\"author\">Haiti Climat<\/a><\/span>\n\t\t\t\t\t\t\t\t\t\t\t\t\t\t\t\t\t\t\t\t\t\t\t\t\t\t\t<span class=\"entry-date\"><a\n\t\t\t\t\t\t\t\t\t\t\thref=\"https:\/\/haiticlimat.org\/site\/la-commune-de-coteaux-heberge-la-pionniere-des-cooperatives-haitiennes-delectricite-ceac\/\">d\u00e9cembre 16, 2020<\/a><\/span>\n\t\t\t\t\t\t\t\t\t\t\t\t\t\t\t\t\t\t\t\t\t\t\t\t\t\t\t\t\t\t\t\t\t\t\t\t\t\t\t<span class=\"entry-cats\"><a href=\"https:\/\/haiticlimat.org\/site\/category\/actualites\/\" rel=\"category tag\">Actualit\u00e9s<\/a>, <a href=\"https:\/\/haiticlimat.org\/site\/category\/energies-renouvelables\/\" rel=\"category tag\">Energies renouvelables<\/a><\/span>\n\t\t\t\t\t\t\t\t\t\t\t\t\t\t\t\t\t\t\t\t\t\t\t\t\t\t\t<\/div>\n\t\t\t\t\t\t\t\t\t\t\t\t\t\t\t\t\t\t\t\t\t\t<div class=\"entry-excerpt\">\n\t\t\t\t\t\t\t\t\t<p>En arrivant aux Coteaux, l\u2019observateur curieux verra tout de suite que les maisons sont nombreuses. La plupart ont sur leurs\u2026<\/p>\n\t\t\t\t\t\t\t\t<\/div>\n\t\t\t\t\t\t\t\t\t\t\t\t\t\t<a href=\"https:\/\/haiticlimat.org\/site\/la-commune-de-coteaux-heberge-la-pionniere-des-cooperatives-haitiennes-delectricite-ceac\/\"\n\t\t\t\t\t\t\t   class=\"kc-post-2-button\">Lire la suite <i\n\t\t\t\t\t\t\t\t\tclass=\"fa fa-angle-right\" aria-hidden=\"true\"><\/i><\/a>\n\t\t\t\t\t\t\t\t\t\t\t\t\t<\/div>\n\t\t\t\t\t<\/div>\n\t\t\t\t<\/div>\n\n\t\t\t\t\n\t\n<\/div>\n<\/div><\/div><\/div><\/div><\/section><section class=\"kc-elm kc_row\"><div class=\"kc-row-container  kc-container\"><div class=\"kc-wrap-columns\"><div class=\"kc-elm kc-css-590551 kc_col-sm-12 kc_column kc_col-sm-12\"><div class=\"kc-col-container\">\n<div class=\"kc-elm kc-css-991613\">\n\t<a class=\"kc_button\" href=\"https:\/\/haiticlimat.org\/site\/energies-renouvelables-archives\/\" target=\"_self\" title=\"Energies renouvelables Archives\" onclick=\"\">\n\t\tVoir les Archives Energies renouvelables <i class=\"fa-archive\"><\/i>\t<\/a>\n<\/div>\n<\/div><\/div><\/div><\/div><\/section>\n","protected":false},"excerpt":{"rendered":"","protected":false},"author":1,"featured_media":0,"parent":0,"menu_order":0,"comment_status":"closed","ping_status":"closed","template":"tpl-king_composer.php","meta":{"jetpack_post_was_ever_published":false,"footnotes":""},"class_list":["post-827","page","type-page","status-publish","hentry"],"jetpack_likes_enabled":false,"jetpack_sharing_enabled":false,"_links":{"self":[{"href":"https:\/\/haiticlimat.org\/site\/wp-json\/wp\/v2\/pages\/827","targetHints":{"allow":["GET"]}}],"collection":[{"href":"https:\/\/haiticlimat.org\/site\/wp-json\/wp\/v2\/pages"}],"about":[{"href":"https:\/\/haiticlimat.org\/site\/wp-json\/wp\/v2\/types\/page"}],"author":[{"embeddable":true,"href":"https:\/\/haiticlimat.org\/site\/wp-json\/wp\/v2\/users\/1"}],"replies":[{"embeddable":true,"href":"https:\/\/haiticlimat.org\/site\/wp-json\/wp\/v2\/comments?post=827"}],"version-history":[{"count":5,"href":"https:\/\/haiticlimat.org\/site\/wp-json\/wp\/v2\/pages\/827\/revisions"}],"predecessor-version":[{"id":1831,"href":"https:\/\/haiticlimat.org\/site\/wp-json\/wp\/v2\/pages\/827\/revisions\/1831"}],"wp:attachment":[{"href":"https:\/\/haiticlimat.org\/site\/wp-json\/wp\/v2\/media?parent=827"}],"curies":[{"name":"wp","href":"https:\/\/api.w.org\/{rel}","templated":true}]}}