{"id":820,"date":"2020-11-18T15:29:02","date_gmt":"2020-11-18T14:29:02","guid":{"rendered":"https:\/\/haiticlimat.org\/site\/?page_id=820"},"modified":"2021-04-17T02:41:53","modified_gmt":"2021-04-17T00:41:53","slug":"biodiversite","status":"publish","type":"page","link":"https:\/\/haiticlimat.org\/site\/biodiversite\/","title":{"rendered":"Biodiversit\u00e9"},"content":{"rendered":"<section class=\"kc-elm kc-css-105923 kc_row\"><div class=\"kc-row-container  kc-container\"><div class=\"kc-wrap-columns\"><div class=\"kc-elm kc-css-844575 kc_col-sm-12 kc_column kc_col-sm-12\"><div class=\"kc-col-container\"><div class=\"kc-elm kc-css-942884\" style=\"height: 20px; clear: both; width:100%;\"><\/div>\n<div class=\"kc-elm kc-css-373339 kc-blog-posts kc-blog-posts-3 kc-blog-grid kc_blog_masonry kc-image-align-both\">\n\t\n\t\t\n\t\t\t\t<div class=\"post-grid grid-3\">\n\t\t\t\t\t<div class=\"kc-list-item-3\">\n\t\t\t\t\t\t\t\t\t\t\t\t\t<a href=\"https:\/\/haiticlimat.org\/site\/de-limportance-du-plan-national-dadaptation-pour-une-bonne-resilience-aux-effets-du-changement-climatique\/\" class=\"entry-thumb-link\">\n\t\t\t\t\t\t\t\t<div class=\"entry-thumb-wrapper\">\n\t\t\t\t\t\t\t\t\t<img decoding=\"async\" src=\"https:\/\/haiticlimat.org\/site\/wp-content\/uploads\/2022\/12\/275756150_4992386360807002_8270337871214403992_n.jpg\"\n\t\t\t\t\t\t\t\t\t     alt=\"De l\u2019importance du plan national d&rsquo;adaptation pour une bonne r\u00e9silience aux effets du changement climatique\"\/>\n\t\t\t\t\t\t\t\t\t<div class=\"entry-thumb-overlay\"><\/div>\n\t\t\t\t\t\t\t\t<\/div>\n\t\t\t\t\t\t\t<\/a>\n\t\t\t\t\t\t\t\t\t\t\t\t<div class=\"content\">\n\t\t\t\t\t\t\t<h2 class=\"post-title-alt\"><a\n\t\t\t\t\t\t\t\thref=\"https:\/\/haiticlimat.org\/site\/de-limportance-du-plan-national-dadaptation-pour-une-bonne-resilience-aux-effets-du-changement-climatique\/\">De l\u2019importance du plan national d&rsquo;adaptation pour une bonne r\u00e9silience aux effets du changement climatique<\/a>\n\t\t\t\t\t\t\t<\/h2>\n\t\t\t\t\t\t\t\t\t\t\t\t\t\t\t<div class=\"entry-meta\">\n\t\t\t\t\t\t\t\t\t\t\t\t\t\t\t\t\t\t\t<span class=\"kc-post-author\"><a\n\t\t\t\t\t\t\t\t\t\t\t\thref=\"https:\/\/haiticlimat.org\/site\/author\/admin\/\"\n\t\t\t\t\t\t\t\t\t\t\t\ttitle=\"Posts by Haiti Climat\"\n\t\t\t\t\t\t\t\t\t\t\t\trel=\"author\">Haiti Climat<\/a><\/span>\n\t\t\t\t\t\t\t\t\t\t\t\t\t\t\t\t\t\t\t\t\t\t\t\t\t\t\t<span class=\"entry-date\"><a\n\t\t\t\t\t\t\t\t\t\t\thref=\"https:\/\/haiticlimat.org\/site\/de-limportance-du-plan-national-dadaptation-pour-une-bonne-resilience-aux-effets-du-changement-climatique\/\">avril 09, 2024<\/a><\/span>\n\t\t\t\t\t\t\t\t\t\t\t\t\t\t\t\t\t\t\t\t\t\t\t\t\t\t\t\t\t\t\t\t\t\t\t\t\t\t\t<span class=\"entry-cats\"><a href=\"https:\/\/haiticlimat.org\/site\/category\/biodiversite\/\" rel=\"category tag\">Biodiversit\u00e9<\/a>, <a href=\"https:\/\/haiticlimat.org\/site\/category\/climat\/\" rel=\"category tag\">Climat<\/a>, <a href=\"https:\/\/haiticlimat.org\/site\/category\/environnement\/\" rel=\"category tag\">Environnement<\/a>, <a href=\"https:\/\/haiticlimat.org\/site\/category\/mediatheque\/podcast\/\" rel=\"category tag\">PodCast<\/a><\/span>\n\t\t\t\t\t\t\t\t\t\t\t\t\t\t\t\t\t\t\t\t\t\t\t\t\t\t\t<\/div>\n\t\t\t\t\t\t\t\t\t\t\t\t\t\t\t\t\t\t\t\t\t\t<div class=\"entry-excerpt\">\n\t\t\t\t\t\t\t\t\t<p>Le changement climatique est l&rsquo;affaire de tous, chacun est concern\u00e9 car tous, nous en subissons les cons\u00e9quences. Il est donc\u2026<\/p>\n\t\t\t\t\t\t\t\t<\/div>\n\t\t\t\t\t\t\t\t\t\t\t\t\t\t<a href=\"https:\/\/haiticlimat.org\/site\/de-limportance-du-plan-national-dadaptation-pour-une-bonne-resilience-aux-effets-du-changement-climatique\/\"\n\t\t\t\t\t\t\t   class=\"kc-post-2-button\">Lire la suite <i\n\t\t\t\t\t\t\t\t\tclass=\"fa fa-angle-right\" aria-hidden=\"true\"><\/i><\/a>\n\t\t\t\t\t\t\t\t\t\t\t\t\t<\/div>\n\t\t\t\t\t<\/div>\n\t\t\t\t<\/div>\n\n\t\t\t\t\n\t\t\t\t<div class=\"post-grid grid-3\">\n\t\t\t\t\t<div class=\"kc-list-item-3\">\n\t\t\t\t\t\t\t\t\t\t\t\t\t<a href=\"https:\/\/haiticlimat.org\/site\/renforcer-la-resilience-de-laire-marine-protegee-de-port-salut-pour-lutter-contre-le-rechauffement-climatique\/\" class=\"entry-thumb-link\">\n\t\t\t\t\t\t\t\t<div class=\"entry-thumb-wrapper\">\n\t\t\t\t\t\t\t\t\t<img decoding=\"async\" src=\"https:\/\/haiticlimat.org\/site\/wp-content\/uploads\/2024\/04\/IMG-20240328-WA0088.jpg\"\n\t\t\t\t\t\t\t\t\t     alt=\"Renforcer la r\u00e9silience de l&rsquo;aire marine prot\u00e9g\u00e9e de Port Salut pour lutter contre le r\u00e9chauffement climatique\"\/>\n\t\t\t\t\t\t\t\t\t<div class=\"entry-thumb-overlay\"><\/div>\n\t\t\t\t\t\t\t\t<\/div>\n\t\t\t\t\t\t\t<\/a>\n\t\t\t\t\t\t\t\t\t\t\t\t<div class=\"content\">\n\t\t\t\t\t\t\t<h2 class=\"post-title-alt\"><a\n\t\t\t\t\t\t\t\thref=\"https:\/\/haiticlimat.org\/site\/renforcer-la-resilience-de-laire-marine-protegee-de-port-salut-pour-lutter-contre-le-rechauffement-climatique\/\">Renforcer la r\u00e9silience de l&rsquo;aire marine prot\u00e9g\u00e9e de Port Salut pour lutter contre le r\u00e9chauffement climatique<\/a>\n\t\t\t\t\t\t\t<\/h2>\n\t\t\t\t\t\t\t\t\t\t\t\t\t\t\t<div class=\"entry-meta\">\n\t\t\t\t\t\t\t\t\t\t\t\t\t\t\t\t\t\t\t<span class=\"kc-post-author\"><a\n\t\t\t\t\t\t\t\t\t\t\t\thref=\"https:\/\/haiticlimat.org\/site\/author\/admin\/\"\n\t\t\t\t\t\t\t\t\t\t\t\ttitle=\"Posts by Haiti Climat\"\n\t\t\t\t\t\t\t\t\t\t\t\trel=\"author\">Haiti Climat<\/a><\/span>\n\t\t\t\t\t\t\t\t\t\t\t\t\t\t\t\t\t\t\t\t\t\t\t\t\t\t\t<span class=\"entry-date\"><a\n\t\t\t\t\t\t\t\t\t\t\thref=\"https:\/\/haiticlimat.org\/site\/renforcer-la-resilience-de-laire-marine-protegee-de-port-salut-pour-lutter-contre-le-rechauffement-climatique\/\">avril 01, 2024<\/a><\/span>\n\t\t\t\t\t\t\t\t\t\t\t\t\t\t\t\t\t\t\t\t\t\t\t\t\t\t\t\t\t\t\t\t\t\t\t\t\t\t\t<span class=\"entry-cats\"><a href=\"https:\/\/haiticlimat.org\/site\/category\/biodiversite\/\" rel=\"category tag\">Biodiversit\u00e9<\/a>, <a href=\"https:\/\/haiticlimat.org\/site\/category\/climat\/\" rel=\"category tag\">Climat<\/a>, <a href=\"https:\/\/haiticlimat.org\/site\/category\/environnement\/\" rel=\"category tag\">Environnement<\/a>, <a href=\"https:\/\/haiticlimat.org\/site\/category\/mediatheque\/podcast\/\" rel=\"category tag\">PodCast<\/a><\/span>\n\t\t\t\t\t\t\t\t\t\t\t\t\t\t\t\t\t\t\t\t\t\t\t\t\t\t\t<\/div>\n\t\t\t\t\t\t\t\t\t\t\t\t\t\t\t\t\t\t\t\t\t\t<div class=\"entry-excerpt\">\n\t\t\t\t\t\t\t\t\t<p>Ha\u00efti fait partie des pays les plus vuln\u00e9rables au r\u00e9chauffement climatique du fait de la d\u00e9t\u00e9rioration de notre environnement, l&#039;absence\u2026<\/p>\n\t\t\t\t\t\t\t\t<\/div>\n\t\t\t\t\t\t\t\t\t\t\t\t\t\t<a href=\"https:\/\/haiticlimat.org\/site\/renforcer-la-resilience-de-laire-marine-protegee-de-port-salut-pour-lutter-contre-le-rechauffement-climatique\/\"\n\t\t\t\t\t\t\t   class=\"kc-post-2-button\">Lire la suite <i\n\t\t\t\t\t\t\t\t\tclass=\"fa fa-angle-right\" aria-hidden=\"true\"><\/i><\/a>\n\t\t\t\t\t\t\t\t\t\t\t\t\t<\/div>\n\t\t\t\t\t<\/div>\n\t\t\t\t<\/div>\n\n\t\t\t\t\n\t\t\t\t<div class=\"post-grid grid-3\">\n\t\t\t\t\t<div class=\"kc-list-item-3\">\n\t\t\t\t\t\t\t\t\t\t\t\t\t<a href=\"https:\/\/haiticlimat.org\/site\/mode-de-vie-des-riverains-habitants-aux-abords-de-laire-marine-protegee-de-saint-louis-du-sud\/\" class=\"entry-thumb-link\">\n\t\t\t\t\t\t\t\t<div class=\"entry-thumb-wrapper\">\n\t\t\t\t\t\t\t\t\t<img decoding=\"async\" src=\"https:\/\/haiticlimat.org\/site\/wp-content\/uploads\/2024\/03\/unnamed-1.jpg\"\n\t\t\t\t\t\t\t\t\t     alt=\"Mode de vie des riverains habitant aux abords de l\u2019aire marine prot\u00e9g\u00e9e de Saint Louis du Sud\"\/>\n\t\t\t\t\t\t\t\t\t<div class=\"entry-thumb-overlay\"><\/div>\n\t\t\t\t\t\t\t\t<\/div>\n\t\t\t\t\t\t\t<\/a>\n\t\t\t\t\t\t\t\t\t\t\t\t<div class=\"content\">\n\t\t\t\t\t\t\t<h2 class=\"post-title-alt\"><a\n\t\t\t\t\t\t\t\thref=\"https:\/\/haiticlimat.org\/site\/mode-de-vie-des-riverains-habitants-aux-abords-de-laire-marine-protegee-de-saint-louis-du-sud\/\">Mode de vie des riverains habitant aux abords de l\u2019aire marine prot\u00e9g\u00e9e de Saint Louis du Sud<\/a>\n\t\t\t\t\t\t\t<\/h2>\n\t\t\t\t\t\t\t\t\t\t\t\t\t\t\t<div class=\"entry-meta\">\n\t\t\t\t\t\t\t\t\t\t\t\t\t\t\t\t\t\t\t<span class=\"kc-post-author\"><a\n\t\t\t\t\t\t\t\t\t\t\t\thref=\"https:\/\/haiticlimat.org\/site\/author\/admin\/\"\n\t\t\t\t\t\t\t\t\t\t\t\ttitle=\"Posts by Haiti Climat\"\n\t\t\t\t\t\t\t\t\t\t\t\trel=\"author\">Haiti Climat<\/a><\/span>\n\t\t\t\t\t\t\t\t\t\t\t\t\t\t\t\t\t\t\t\t\t\t\t\t\t\t\t<span class=\"entry-date\"><a\n\t\t\t\t\t\t\t\t\t\t\thref=\"https:\/\/haiticlimat.org\/site\/mode-de-vie-des-riverains-habitants-aux-abords-de-laire-marine-protegee-de-saint-louis-du-sud\/\">mars 27, 2024<\/a><\/span>\n\t\t\t\t\t\t\t\t\t\t\t\t\t\t\t\t\t\t\t\t\t\t\t\t\t\t\t\t\t\t\t\t\t\t\t\t\t\t\t<span class=\"entry-cats\"><a href=\"https:\/\/haiticlimat.org\/site\/category\/biodiversite\/\" rel=\"category tag\">Biodiversit\u00e9<\/a>, <a href=\"https:\/\/haiticlimat.org\/site\/category\/climat\/\" rel=\"category tag\">Climat<\/a>, <a href=\"https:\/\/haiticlimat.org\/site\/category\/environnement\/\" rel=\"category tag\">Environnement<\/a>, <a href=\"https:\/\/haiticlimat.org\/site\/category\/mediatheque\/podcast\/\" rel=\"category tag\">PodCast<\/a><\/span>\n\t\t\t\t\t\t\t\t\t\t\t\t\t\t\t\t\t\t\t\t\t\t\t\t\t\t\t<\/div>\n\t\t\t\t\t\t\t\t\t\t\t\t\t\t\t\t\t\t\t\t\t\t<div class=\"entry-excerpt\">\n\t\t\t\t\t\t\t\t\t<p>Parmi une trentaine d\u2019aires prot\u00e9g\u00e9es que poss\u00e8de Ha\u00efti, treize (13) sont localis\u00e9es dans le sud dont neuf (9) aires marines\u2026<\/p>\n\t\t\t\t\t\t\t\t<\/div>\n\t\t\t\t\t\t\t\t\t\t\t\t\t\t<a href=\"https:\/\/haiticlimat.org\/site\/mode-de-vie-des-riverains-habitants-aux-abords-de-laire-marine-protegee-de-saint-louis-du-sud\/\"\n\t\t\t\t\t\t\t   class=\"kc-post-2-button\">Lire la suite <i\n\t\t\t\t\t\t\t\t\tclass=\"fa fa-angle-right\" aria-hidden=\"true\"><\/i><\/a>\n\t\t\t\t\t\t\t\t\t\t\t\t\t<\/div>\n\t\t\t\t\t<\/div>\n\t\t\t\t<\/div>\n\n\t\t\t\t\n\t\t\t\t<div class=\"post-grid grid-3\">\n\t\t\t\t\t<div class=\"kc-list-item-3\">\n\t\t\t\t\t\t\t\t\t\t\t\t\t<a href=\"https:\/\/haiticlimat.org\/site\/elever-le-site-de-mangroves-de-haut-fourneau-au-rang-de-aire-protegee-la-bataille-des-organisations-de-port-de-paix\/\" class=\"entry-thumb-link\">\n\t\t\t\t\t\t\t\t<div class=\"entry-thumb-wrapper\">\n\t\t\t\t\t\t\t\t\t<img decoding=\"async\" src=\"https:\/\/haiticlimat.org\/site\/wp-content\/uploads\/2024\/03\/IMG-20240124-WA0004.jpg\"\n\t\t\t\t\t\t\t\t\t     alt=\"\u00c9lever le site de mangroves de Haut-Fourneau au rang de \u00ab aire prot\u00e9g\u00e9e \u00bb, la bataille des organisations de Port-de-Paix\"\/>\n\t\t\t\t\t\t\t\t\t<div class=\"entry-thumb-overlay\"><\/div>\n\t\t\t\t\t\t\t\t<\/div>\n\t\t\t\t\t\t\t<\/a>\n\t\t\t\t\t\t\t\t\t\t\t\t<div class=\"content\">\n\t\t\t\t\t\t\t<h2 class=\"post-title-alt\"><a\n\t\t\t\t\t\t\t\thref=\"https:\/\/haiticlimat.org\/site\/elever-le-site-de-mangroves-de-haut-fourneau-au-rang-de-aire-protegee-la-bataille-des-organisations-de-port-de-paix\/\">\u00c9lever le site de mangroves de Haut-Fourneau au rang de \u00ab aire prot\u00e9g\u00e9e \u00bb, la bataille des organisations de Port-de-Paix<\/a>\n\t\t\t\t\t\t\t<\/h2>\n\t\t\t\t\t\t\t\t\t\t\t\t\t\t\t<div class=\"entry-meta\">\n\t\t\t\t\t\t\t\t\t\t\t\t\t\t\t\t\t\t\t<span class=\"kc-post-author\"><a\n\t\t\t\t\t\t\t\t\t\t\t\thref=\"https:\/\/haiticlimat.org\/site\/author\/admin\/\"\n\t\t\t\t\t\t\t\t\t\t\t\ttitle=\"Posts by Haiti Climat\"\n\t\t\t\t\t\t\t\t\t\t\t\trel=\"author\">Haiti Climat<\/a><\/span>\n\t\t\t\t\t\t\t\t\t\t\t\t\t\t\t\t\t\t\t\t\t\t\t\t\t\t\t<span class=\"entry-date\"><a\n\t\t\t\t\t\t\t\t\t\t\thref=\"https:\/\/haiticlimat.org\/site\/elever-le-site-de-mangroves-de-haut-fourneau-au-rang-de-aire-protegee-la-bataille-des-organisations-de-port-de-paix\/\">mars 25, 2024<\/a><\/span>\n\t\t\t\t\t\t\t\t\t\t\t\t\t\t\t\t\t\t\t\t\t\t\t\t\t\t\t\t\t\t\t\t\t\t\t\t\t\t\t<span class=\"entry-cats\"><a href=\"https:\/\/haiticlimat.org\/site\/category\/biodiversite\/\" rel=\"category tag\">Biodiversit\u00e9<\/a>, <a href=\"https:\/\/haiticlimat.org\/site\/category\/climat\/\" rel=\"category tag\">Climat<\/a>, <a href=\"https:\/\/haiticlimat.org\/site\/category\/environnement\/\" rel=\"category tag\">Environnement<\/a><\/span>\n\t\t\t\t\t\t\t\t\t\t\t\t\t\t\t\t\t\t\t\t\t\t\t\t\t\t\t<\/div>\n\t\t\t\t\t\t\t\t\t\t\t\t\t\t\t\t\t\t\t\t\t\t<div class=\"entry-excerpt\">\n\t\t\t\t\t\t\t\t\t<p>La localit\u00e9 de Haut-Fourneau abrite la plus grande r\u00e9serve et la plus riche diversit\u00e9 de mangroves pour tout le d\u00e9partement\u2026<\/p>\n\t\t\t\t\t\t\t\t<\/div>\n\t\t\t\t\t\t\t\t\t\t\t\t\t\t<a href=\"https:\/\/haiticlimat.org\/site\/elever-le-site-de-mangroves-de-haut-fourneau-au-rang-de-aire-protegee-la-bataille-des-organisations-de-port-de-paix\/\"\n\t\t\t\t\t\t\t   class=\"kc-post-2-button\">Lire la suite <i\n\t\t\t\t\t\t\t\t\tclass=\"fa fa-angle-right\" aria-hidden=\"true\"><\/i><\/a>\n\t\t\t\t\t\t\t\t\t\t\t\t\t<\/div>\n\t\t\t\t\t<\/div>\n\t\t\t\t<\/div>\n\n\t\t\t\t\n\t\t\t\t<div class=\"post-grid grid-3\">\n\t\t\t\t\t<div class=\"kc-list-item-3\">\n\t\t\t\t\t\t\t\t\t\t\t\t\t<a href=\"https:\/\/haiticlimat.org\/site\/haiti-journee-internationales-des-forets-acledd-appelle-a-une-gestion-durable-des-forets\/\" class=\"entry-thumb-link\">\n\t\t\t\t\t\t\t\t<div class=\"entry-thumb-wrapper\">\n\t\t\t\t\t\t\t\t\t<img decoding=\"async\" src=\"https:\/\/haiticlimat.org\/site\/wp-content\/uploads\/2024\/03\/Journee-internationale-des-forets-2024-1.jpeg\"\n\t\t\t\t\t\t\t\t\t     alt=\"Ha\u00efti : Journ\u00e9e internationales des for\u00eats, ACLEDD appelle \u00e0 une gestion durable des for\u00eats\"\/>\n\t\t\t\t\t\t\t\t\t<div class=\"entry-thumb-overlay\"><\/div>\n\t\t\t\t\t\t\t\t<\/div>\n\t\t\t\t\t\t\t<\/a>\n\t\t\t\t\t\t\t\t\t\t\t\t<div class=\"content\">\n\t\t\t\t\t\t\t<h2 class=\"post-title-alt\"><a\n\t\t\t\t\t\t\t\thref=\"https:\/\/haiticlimat.org\/site\/haiti-journee-internationales-des-forets-acledd-appelle-a-une-gestion-durable-des-forets\/\">Ha\u00efti : Journ\u00e9e internationales des for\u00eats, ACLEDD appelle \u00e0 une gestion durable des for\u00eats<\/a>\n\t\t\t\t\t\t\t<\/h2>\n\t\t\t\t\t\t\t\t\t\t\t\t\t\t\t<div class=\"entry-meta\">\n\t\t\t\t\t\t\t\t\t\t\t\t\t\t\t\t\t\t\t<span class=\"kc-post-author\"><a\n\t\t\t\t\t\t\t\t\t\t\t\thref=\"https:\/\/haiticlimat.org\/site\/author\/admin\/\"\n\t\t\t\t\t\t\t\t\t\t\t\ttitle=\"Posts by Haiti Climat\"\n\t\t\t\t\t\t\t\t\t\t\t\trel=\"author\">Haiti Climat<\/a><\/span>\n\t\t\t\t\t\t\t\t\t\t\t\t\t\t\t\t\t\t\t\t\t\t\t\t\t\t\t<span class=\"entry-date\"><a\n\t\t\t\t\t\t\t\t\t\t\thref=\"https:\/\/haiticlimat.org\/site\/haiti-journee-internationales-des-forets-acledd-appelle-a-une-gestion-durable-des-forets\/\">mars 21, 2024<\/a><\/span>\n\t\t\t\t\t\t\t\t\t\t\t\t\t\t\t\t\t\t\t\t\t\t\t\t\t\t\t\t\t\t\t\t\t\t\t\t\t\t\t<span class=\"entry-cats\"><a href=\"https:\/\/haiticlimat.org\/site\/category\/actualites\/\" rel=\"category tag\">Actualit\u00e9s<\/a>, <a href=\"https:\/\/haiticlimat.org\/site\/category\/biodiversite\/\" rel=\"category tag\">Biodiversit\u00e9<\/a>, <a href=\"https:\/\/haiticlimat.org\/site\/category\/environnement\/\" rel=\"category tag\">Environnement<\/a><\/span>\n\t\t\t\t\t\t\t\t\t\t\t\t\t\t\t\t\t\t\t\t\t\t\t\t\t\t\t<\/div>\n\t\t\t\t\t\t\t\t\t\t\t\t\t\t\t\t\t\t\t\t\t\t<div class=\"entry-excerpt\">\n\t\t\t\t\t\t\t\t\t<p>Depuis 2012, le 21 mars est consacr\u00e9 \u00e0 la journ\u00e9e mondiale des for\u00eats par les Nations unies. Cette ann\u00e9e, elle\u2026<\/p>\n\t\t\t\t\t\t\t\t<\/div>\n\t\t\t\t\t\t\t\t\t\t\t\t\t\t<a href=\"https:\/\/haiticlimat.org\/site\/haiti-journee-internationales-des-forets-acledd-appelle-a-une-gestion-durable-des-forets\/\"\n\t\t\t\t\t\t\t   class=\"kc-post-2-button\">Lire la suite <i\n\t\t\t\t\t\t\t\t\tclass=\"fa fa-angle-right\" aria-hidden=\"true\"><\/i><\/a>\n\t\t\t\t\t\t\t\t\t\t\t\t\t<\/div>\n\t\t\t\t\t<\/div>\n\t\t\t\t<\/div>\n\n\t\t\t\t\n\t\t\t\t<div class=\"post-grid grid-3\">\n\t\t\t\t\t<div class=\"kc-list-item-3\">\n\t\t\t\t\t\t\t\t\t\t\t\t\t<a href=\"https:\/\/haiticlimat.org\/site\/le-jardin-botanique-des-cayes-maintient-ses-activites-malgre-la-crise-sociopolitique\/\" class=\"entry-thumb-link\">\n\t\t\t\t\t\t\t\t<div class=\"entry-thumb-wrapper\">\n\t\t\t\t\t\t\t\t\t<img decoding=\"async\" src=\"https:\/\/haiticlimat.org\/site\/wp-content\/uploads\/2024\/03\/IMG_1655-scaled.jpg\"\n\t\t\t\t\t\t\t\t\t     alt=\"Le Jardin botanique des Cayes maintient ses activit\u00e9s malgr\u00e9 la crise sociopolitique\"\/>\n\t\t\t\t\t\t\t\t\t<div class=\"entry-thumb-overlay\"><\/div>\n\t\t\t\t\t\t\t\t<\/div>\n\t\t\t\t\t\t\t<\/a>\n\t\t\t\t\t\t\t\t\t\t\t\t<div class=\"content\">\n\t\t\t\t\t\t\t<h2 class=\"post-title-alt\"><a\n\t\t\t\t\t\t\t\thref=\"https:\/\/haiticlimat.org\/site\/le-jardin-botanique-des-cayes-maintient-ses-activites-malgre-la-crise-sociopolitique\/\">Le Jardin botanique des Cayes maintient ses activit\u00e9s malgr\u00e9 la crise sociopolitique<\/a>\n\t\t\t\t\t\t\t<\/h2>\n\t\t\t\t\t\t\t\t\t\t\t\t\t\t\t<div class=\"entry-meta\">\n\t\t\t\t\t\t\t\t\t\t\t\t\t\t\t\t\t\t\t<span class=\"kc-post-author\"><a\n\t\t\t\t\t\t\t\t\t\t\t\thref=\"https:\/\/haiticlimat.org\/site\/author\/admin\/\"\n\t\t\t\t\t\t\t\t\t\t\t\ttitle=\"Posts by Haiti Climat\"\n\t\t\t\t\t\t\t\t\t\t\t\trel=\"author\">Haiti Climat<\/a><\/span>\n\t\t\t\t\t\t\t\t\t\t\t\t\t\t\t\t\t\t\t\t\t\t\t\t\t\t\t<span class=\"entry-date\"><a\n\t\t\t\t\t\t\t\t\t\t\thref=\"https:\/\/haiticlimat.org\/site\/le-jardin-botanique-des-cayes-maintient-ses-activites-malgre-la-crise-sociopolitique\/\">mars 21, 2024<\/a><\/span>\n\t\t\t\t\t\t\t\t\t\t\t\t\t\t\t\t\t\t\t\t\t\t\t\t\t\t\t\t\t\t\t\t\t\t\t\t\t\t\t<span class=\"entry-cats\"><a href=\"https:\/\/haiticlimat.org\/site\/category\/biodiversite\/\" rel=\"category tag\">Biodiversit\u00e9<\/a>, <a href=\"https:\/\/haiticlimat.org\/site\/category\/climat\/\" rel=\"category tag\">Climat<\/a>, <a href=\"https:\/\/haiticlimat.org\/site\/category\/environnement\/\" rel=\"category tag\">Environnement<\/a><\/span>\n\t\t\t\t\t\t\t\t\t\t\t\t\t\t\t\t\t\t\t\t\t\t\t\t\t\t\t<\/div>\n\t\t\t\t\t\t\t\t\t\t\t\t\t\t\t\t\t\t\t\t\t\t<div class=\"entry-excerpt\">\n\t\t\t\t\t\t\t\t\t<p>Le Jardin botanique des Cayes, v\u00e9ritable joyau de la biodiversit\u00e9 et de la recherche scientifique, garde ses portes ouvertes en\u2026<\/p>\n\t\t\t\t\t\t\t\t<\/div>\n\t\t\t\t\t\t\t\t\t\t\t\t\t\t<a href=\"https:\/\/haiticlimat.org\/site\/le-jardin-botanique-des-cayes-maintient-ses-activites-malgre-la-crise-sociopolitique\/\"\n\t\t\t\t\t\t\t   class=\"kc-post-2-button\">Lire la suite <i\n\t\t\t\t\t\t\t\t\tclass=\"fa fa-angle-right\" aria-hidden=\"true\"><\/i><\/a>\n\t\t\t\t\t\t\t\t\t\t\t\t\t<\/div>\n\t\t\t\t\t<\/div>\n\t\t\t\t<\/div>\n\n\t\t\t\t\n\t\t\t\t<div class=\"post-grid grid-3\">\n\t\t\t\t\t<div class=\"kc-list-item-3\">\n\t\t\t\t\t\t\t\t\t\t\t\t\t<a href=\"https:\/\/haiticlimat.org\/site\/lagence-nationale-des-aires-protegees-entre-lurgence-dagir-et-la-politisation\/\" class=\"entry-thumb-link\">\n\t\t\t\t\t\t\t\t<div class=\"entry-thumb-wrapper\">\n\t\t\t\t\t\t\t\t\t<img decoding=\"async\" src=\"https:\/\/haiticlimat.org\/site\/wp-content\/uploads\/2024\/03\/IMG_2448-scaled.jpg\"\n\t\t\t\t\t\t\t\t\t     alt=\"L\u2019Agence Nationale des Aires Prot\u00e9g\u00e9es, entre l&rsquo;urgence d&rsquo;agir et la politisation\"\/>\n\t\t\t\t\t\t\t\t\t<div class=\"entry-thumb-overlay\"><\/div>\n\t\t\t\t\t\t\t\t<\/div>\n\t\t\t\t\t\t\t<\/a>\n\t\t\t\t\t\t\t\t\t\t\t\t<div class=\"content\">\n\t\t\t\t\t\t\t<h2 class=\"post-title-alt\"><a\n\t\t\t\t\t\t\t\thref=\"https:\/\/haiticlimat.org\/site\/lagence-nationale-des-aires-protegees-entre-lurgence-dagir-et-la-politisation\/\">L\u2019Agence Nationale des Aires Prot\u00e9g\u00e9es, entre l&rsquo;urgence d&rsquo;agir et la politisation<\/a>\n\t\t\t\t\t\t\t<\/h2>\n\t\t\t\t\t\t\t\t\t\t\t\t\t\t\t<div class=\"entry-meta\">\n\t\t\t\t\t\t\t\t\t\t\t\t\t\t\t\t\t\t\t<span class=\"kc-post-author\"><a\n\t\t\t\t\t\t\t\t\t\t\t\thref=\"https:\/\/haiticlimat.org\/site\/author\/admin\/\"\n\t\t\t\t\t\t\t\t\t\t\t\ttitle=\"Posts by Haiti Climat\"\n\t\t\t\t\t\t\t\t\t\t\t\trel=\"author\">Haiti Climat<\/a><\/span>\n\t\t\t\t\t\t\t\t\t\t\t\t\t\t\t\t\t\t\t\t\t\t\t\t\t\t\t<span class=\"entry-date\"><a\n\t\t\t\t\t\t\t\t\t\t\thref=\"https:\/\/haiticlimat.org\/site\/lagence-nationale-des-aires-protegees-entre-lurgence-dagir-et-la-politisation\/\">mars 18, 2024<\/a><\/span>\n\t\t\t\t\t\t\t\t\t\t\t\t\t\t\t\t\t\t\t\t\t\t\t\t\t\t\t\t\t\t\t\t\t\t\t\t\t\t\t<span class=\"entry-cats\"><a href=\"https:\/\/haiticlimat.org\/site\/category\/biodiversite\/\" rel=\"category tag\">Biodiversit\u00e9<\/a>, <a href=\"https:\/\/haiticlimat.org\/site\/category\/climat\/\" rel=\"category tag\">Climat<\/a>, <a href=\"https:\/\/haiticlimat.org\/site\/category\/environnement\/\" rel=\"category tag\">Environnement<\/a><\/span>\n\t\t\t\t\t\t\t\t\t\t\t\t\t\t\t\t\t\t\t\t\t\t\t\t\t\t\t<\/div>\n\t\t\t\t\t\t\t\t\t\t\t\t\t\t\t\t\t\t\t\t\t\t<div class=\"entry-excerpt\">\n\t\t\t\t\t\t\t\t\t<p>D\u2019une superficie totale de 125,499.36 hectares de terres, les aires prot\u00e9g\u00e9es (AP) logent 1,649.29 kilom\u00e8tres pour un ensemble de 26\u2026<\/p>\n\t\t\t\t\t\t\t\t<\/div>\n\t\t\t\t\t\t\t\t\t\t\t\t\t\t<a href=\"https:\/\/haiticlimat.org\/site\/lagence-nationale-des-aires-protegees-entre-lurgence-dagir-et-la-politisation\/\"\n\t\t\t\t\t\t\t   class=\"kc-post-2-button\">Lire la suite <i\n\t\t\t\t\t\t\t\t\tclass=\"fa fa-angle-right\" aria-hidden=\"true\"><\/i><\/a>\n\t\t\t\t\t\t\t\t\t\t\t\t\t<\/div>\n\t\t\t\t\t<\/div>\n\t\t\t\t<\/div>\n\n\t\t\t\t\n\t\n<\/div>\n<\/div><\/div><\/div><\/div><\/section><section class=\"kc-elm kc_row\"><div class=\"kc-row-container  kc-container\"><div class=\"kc-wrap-columns\"><div class=\"kc-elm kc-css-369080 kc_col-sm-12 kc_column kc_col-sm-12\"><div class=\"kc-col-container\">\n<div class=\"kc-elm kc-css-371838\">\n\t<a class=\"kc_button\" href=\"https:\/\/haiticlimat.org\/site\/biodiversite-archives\/\" target=\"_self\" title=\"Biodiversit\u00e9 Archives\" onclick=\"\">\n\t\tVoir les Archives Biodiversit\u00e9 <i class=\"fa-archive\"><\/i>\t<\/a>\n<\/div>\n<\/div><\/div><\/div><\/div><\/section>\n","protected":false},"excerpt":{"rendered":"","protected":false},"author":1,"featured_media":0,"parent":0,"menu_order":0,"comment_status":"closed","ping_status":"closed","template":"tpl-king_composer.php","meta":{"jetpack_post_was_ever_published":false,"footnotes":""},"class_list":["post-820","page","type-page","status-publish","hentry"],"jetpack_likes_enabled":false,"jetpack_sharing_enabled":false,"_links":{"self":[{"href":"https:\/\/haiticlimat.org\/site\/wp-json\/wp\/v2\/pages\/820","targetHints":{"allow":["GET"]}}],"collection":[{"href":"https:\/\/haiticlimat.org\/site\/wp-json\/wp\/v2\/pages"}],"about":[{"href":"https:\/\/haiticlimat.org\/site\/wp-json\/wp\/v2\/types\/page"}],"author":[{"embeddable":true,"href":"https:\/\/haiticlimat.org\/site\/wp-json\/wp\/v2\/users\/1"}],"replies":[{"embeddable":true,"href":"https:\/\/haiticlimat.org\/site\/wp-json\/wp\/v2\/comments?post=820"}],"version-history":[{"count":5,"href":"https:\/\/haiticlimat.org\/site\/wp-json\/wp\/v2\/pages\/820\/revisions"}],"predecessor-version":[{"id":1834,"href":"https:\/\/haiticlimat.org\/site\/wp-json\/wp\/v2\/pages\/820\/revisions\/1834"}],"wp:attachment":[{"href":"https:\/\/haiticlimat.org\/site\/wp-json\/wp\/v2\/media?parent=820"}],"curies":[{"name":"wp","href":"https:\/\/api.w.org\/{rel}","templated":true}]}}