{"id":814,"date":"2020-11-18T14:36:04","date_gmt":"2020-11-18T13:36:04","guid":{"rendered":"https:\/\/haiticlimat.org\/site\/?page_id=814"},"modified":"2021-04-17T02:39:05","modified_gmt":"2021-04-17T00:39:05","slug":"agro-ecologie","status":"publish","type":"page","link":"https:\/\/haiticlimat.org\/site\/agro-ecologie\/","title":{"rendered":"Agro-\u00e9cologie"},"content":{"rendered":"<section class=\"kc-elm kc-css-827985 kc_row\"><div class=\"kc-row-container  kc-container\"><div class=\"kc-wrap-columns\"><div class=\"kc-elm kc-css-26208 kc_col-sm-12 kc_column kc_col-sm-12\"><div class=\"kc-col-container\"><div class=\"kc-elm kc-css-280887\" style=\"height: 20px; clear: both; width:100%;\"><\/div>\n<div class=\"kc-elm kc-css-592786 kc-blog-posts kc-blog-posts-3 kc-blog-grid kc_blog_masonry kc-image-align-both\">\n\t\n\t\t\n\t\t\t\t<div class=\"post-grid grid-3\">\n\t\t\t\t\t<div class=\"kc-list-item-3\">\n\t\t\t\t\t\t\t\t\t\t\t\t\t<a href=\"https:\/\/haiticlimat.org\/site\/lagriculture-climato-intelligente-ou-en-sommes-nous-en-haiti%e2%80%89\/\" class=\"entry-thumb-link\">\n\t\t\t\t\t\t\t\t<div class=\"entry-thumb-wrapper\">\n\t\t\t\t\t\t\t\t\t<img decoding=\"async\" src=\"https:\/\/haiticlimat.org\/site\/wp-content\/uploads\/2024\/03\/IMG_1014-scaled.jpg\"\n\t\t\t\t\t\t\t\t\t     alt=\"L\u2019agriculture climato intelligente : o\u00f9 en sommes-nous en Ha\u00efti\u2009?\"\/>\n\t\t\t\t\t\t\t\t\t<div class=\"entry-thumb-overlay\"><\/div>\n\t\t\t\t\t\t\t\t<\/div>\n\t\t\t\t\t\t\t<\/a>\n\t\t\t\t\t\t\t\t\t\t\t\t<div class=\"content\">\n\t\t\t\t\t\t\t<h2 class=\"post-title-alt\"><a\n\t\t\t\t\t\t\t\thref=\"https:\/\/haiticlimat.org\/site\/lagriculture-climato-intelligente-ou-en-sommes-nous-en-haiti%e2%80%89\/\">L\u2019agriculture climato intelligente : o\u00f9 en sommes-nous en Ha\u00efti\u2009?<\/a>\n\t\t\t\t\t\t\t<\/h2>\n\t\t\t\t\t\t\t\t\t\t\t\t\t\t\t<div class=\"entry-meta\">\n\t\t\t\t\t\t\t\t\t\t\t\t\t\t\t\t\t\t\t<span class=\"kc-post-author\"><a\n\t\t\t\t\t\t\t\t\t\t\t\thref=\"https:\/\/haiticlimat.org\/site\/author\/admin\/\"\n\t\t\t\t\t\t\t\t\t\t\t\ttitle=\"Posts by Haiti Climat\"\n\t\t\t\t\t\t\t\t\t\t\t\trel=\"author\">Haiti Climat<\/a><\/span>\n\t\t\t\t\t\t\t\t\t\t\t\t\t\t\t\t\t\t\t\t\t\t\t\t\t\t\t<span class=\"entry-date\"><a\n\t\t\t\t\t\t\t\t\t\t\thref=\"https:\/\/haiticlimat.org\/site\/lagriculture-climato-intelligente-ou-en-sommes-nous-en-haiti%e2%80%89\/\">mars 12, 2024<\/a><\/span>\n\t\t\t\t\t\t\t\t\t\t\t\t\t\t\t\t\t\t\t\t\t\t\t\t\t\t\t\t\t\t\t\t\t\t\t\t\t\t\t<span class=\"entry-cats\"><a href=\"https:\/\/haiticlimat.org\/site\/category\/agro-ecologie\/\" rel=\"category tag\">Agro-\u00e9cologie<\/a>, <a href=\"https:\/\/haiticlimat.org\/site\/category\/climat\/\" rel=\"category tag\">Climat<\/a>, <a href=\"https:\/\/haiticlimat.org\/site\/category\/environnement\/\" rel=\"category tag\">Environnement<\/a>, <a href=\"https:\/\/haiticlimat.org\/site\/category\/agro-ecologie\/securite-alimentaire\/\" rel=\"category tag\">S\u00e9curit\u00e9 Alimentaire<\/a><\/span>\n\t\t\t\t\t\t\t\t\t\t\t\t\t\t\t\t\t\t\t\t\t\t\t\t\t\t\t<\/div>\n\t\t\t\t\t\t\t\t\t\t\t\t\t\t\t\t\t\t\t\t\t\t<div class=\"entry-excerpt\">\n\t\t\t\t\t\t\t\t\t<p>L\u2019agriculture ha\u00eftienne est l\u2019un des secteurs grandement impact\u00e9 par le changement climatique. D\u2019importantes pertes y sont enregistr\u00e9es. Avec l\u2019espoir d\u2019une\u2026<\/p>\n\t\t\t\t\t\t\t\t<\/div>\n\t\t\t\t\t\t\t\t\t\t\t\t\t\t<a href=\"https:\/\/haiticlimat.org\/site\/lagriculture-climato-intelligente-ou-en-sommes-nous-en-haiti%e2%80%89\/\"\n\t\t\t\t\t\t\t   class=\"kc-post-2-button\">Lire la suite <i\n\t\t\t\t\t\t\t\t\tclass=\"fa fa-angle-right\" aria-hidden=\"true\"><\/i><\/a>\n\t\t\t\t\t\t\t\t\t\t\t\t\t<\/div>\n\t\t\t\t\t<\/div>\n\t\t\t\t<\/div>\n\n\t\t\t\t\n\t\t\t\t<div class=\"post-grid grid-3\">\n\t\t\t\t\t<div class=\"kc-list-item-3\">\n\t\t\t\t\t\t\t\t\t\t\t\t\t<a href=\"https:\/\/haiticlimat.org\/site\/la-reserve-ecologique-wynne-farm-a-lepreuve-de-la-crise-sociopolitique\/\" class=\"entry-thumb-link\">\n\t\t\t\t\t\t\t\t<div class=\"entry-thumb-wrapper\">\n\t\t\t\t\t\t\t\t\t<img decoding=\"async\" src=\"https:\/\/haiticlimat.org\/site\/wp-content\/uploads\/2024\/02\/IMG-20240221-WA0332.jpg\"\n\t\t\t\t\t\t\t\t\t     alt=\"La r\u00e9serve \u00e9cologique Wynne Farm \u00e0 l&rsquo;\u00e9preuve de la crise sociopolitique\"\/>\n\t\t\t\t\t\t\t\t\t<div class=\"entry-thumb-overlay\"><\/div>\n\t\t\t\t\t\t\t\t<\/div>\n\t\t\t\t\t\t\t<\/a>\n\t\t\t\t\t\t\t\t\t\t\t\t<div class=\"content\">\n\t\t\t\t\t\t\t<h2 class=\"post-title-alt\"><a\n\t\t\t\t\t\t\t\thref=\"https:\/\/haiticlimat.org\/site\/la-reserve-ecologique-wynne-farm-a-lepreuve-de-la-crise-sociopolitique\/\">La r\u00e9serve \u00e9cologique Wynne Farm \u00e0 l&rsquo;\u00e9preuve de la crise sociopolitique<\/a>\n\t\t\t\t\t\t\t<\/h2>\n\t\t\t\t\t\t\t\t\t\t\t\t\t\t\t<div class=\"entry-meta\">\n\t\t\t\t\t\t\t\t\t\t\t\t\t\t\t\t\t\t\t<span class=\"kc-post-author\"><a\n\t\t\t\t\t\t\t\t\t\t\t\thref=\"https:\/\/haiticlimat.org\/site\/author\/admin\/\"\n\t\t\t\t\t\t\t\t\t\t\t\ttitle=\"Posts by Haiti Climat\"\n\t\t\t\t\t\t\t\t\t\t\t\trel=\"author\">Haiti Climat<\/a><\/span>\n\t\t\t\t\t\t\t\t\t\t\t\t\t\t\t\t\t\t\t\t\t\t\t\t\t\t\t<span class=\"entry-date\"><a\n\t\t\t\t\t\t\t\t\t\t\thref=\"https:\/\/haiticlimat.org\/site\/la-reserve-ecologique-wynne-farm-a-lepreuve-de-la-crise-sociopolitique\/\">f\u00e9vrier 21, 2024<\/a><\/span>\n\t\t\t\t\t\t\t\t\t\t\t\t\t\t\t\t\t\t\t\t\t\t\t\t\t\t\t\t\t\t\t\t\t\t\t\t\t\t\t<span class=\"entry-cats\"><a href=\"https:\/\/haiticlimat.org\/site\/category\/agro-ecologie\/\" rel=\"category tag\">Agro-\u00e9cologie<\/a>, <a href=\"https:\/\/haiticlimat.org\/site\/category\/biodiversite\/\" rel=\"category tag\">Biodiversit\u00e9<\/a>, <a href=\"https:\/\/haiticlimat.org\/site\/category\/environnement\/\" rel=\"category tag\">Environnement<\/a><\/span>\n\t\t\t\t\t\t\t\t\t\t\t\t\t\t\t\t\t\t\t\t\t\t\t\t\t\t\t<\/div>\n\t\t\t\t\t\t\t\t\t\t\t\t\t\t\t\t\t\t\t\t\t\t<div class=\"entry-excerpt\">\n\t\t\t\t\t\t\t\t\t<p>\u00c0 20 kilom\u00e8tres de Port-au-Prince, dans la commune de Kenscoff, se trouve la R\u00e9serve \u00c9cologique Wynne Farm, une entreprise \u00e9cologique\u2026<\/p>\n\t\t\t\t\t\t\t\t<\/div>\n\t\t\t\t\t\t\t\t\t\t\t\t\t\t<a href=\"https:\/\/haiticlimat.org\/site\/la-reserve-ecologique-wynne-farm-a-lepreuve-de-la-crise-sociopolitique\/\"\n\t\t\t\t\t\t\t   class=\"kc-post-2-button\">Lire la suite <i\n\t\t\t\t\t\t\t\t\tclass=\"fa fa-angle-right\" aria-hidden=\"true\"><\/i><\/a>\n\t\t\t\t\t\t\t\t\t\t\t\t\t<\/div>\n\t\t\t\t\t<\/div>\n\t\t\t\t<\/div>\n\n\t\t\t\t\n\t\t\t\t<div class=\"post-grid grid-3\">\n\t\t\t\t\t<div class=\"kc-list-item-3\">\n\t\t\t\t\t\t\t\t\t\t\t\t\t<a href=\"https:\/\/haiticlimat.org\/site\/vers-la-production-de-plus-de-dix-mille-plantules-de-moringa-dans-la-grandanse\/\" class=\"entry-thumb-link\">\n\t\t\t\t\t\t\t\t<div class=\"entry-thumb-wrapper\">\n\t\t\t\t\t\t\t\t\t<img decoding=\"async\" src=\"https:\/\/haiticlimat.org\/site\/wp-content\/uploads\/2024\/02\/moringa.jpeg\"\n\t\t\t\t\t\t\t\t\t     alt=\"Vers la production de plus de dix mille plantules de moringa dans la Grand&rsquo;Anse\"\/>\n\t\t\t\t\t\t\t\t\t<div class=\"entry-thumb-overlay\"><\/div>\n\t\t\t\t\t\t\t\t<\/div>\n\t\t\t\t\t\t\t<\/a>\n\t\t\t\t\t\t\t\t\t\t\t\t<div class=\"content\">\n\t\t\t\t\t\t\t<h2 class=\"post-title-alt\"><a\n\t\t\t\t\t\t\t\thref=\"https:\/\/haiticlimat.org\/site\/vers-la-production-de-plus-de-dix-mille-plantules-de-moringa-dans-la-grandanse\/\">Vers la production de plus de dix mille plantules de moringa dans la Grand&rsquo;Anse<\/a>\n\t\t\t\t\t\t\t<\/h2>\n\t\t\t\t\t\t\t\t\t\t\t\t\t\t\t<div class=\"entry-meta\">\n\t\t\t\t\t\t\t\t\t\t\t\t\t\t\t\t\t\t\t<span class=\"kc-post-author\"><a\n\t\t\t\t\t\t\t\t\t\t\t\thref=\"https:\/\/haiticlimat.org\/site\/author\/admin\/\"\n\t\t\t\t\t\t\t\t\t\t\t\ttitle=\"Posts by Haiti Climat\"\n\t\t\t\t\t\t\t\t\t\t\t\trel=\"author\">Haiti Climat<\/a><\/span>\n\t\t\t\t\t\t\t\t\t\t\t\t\t\t\t\t\t\t\t\t\t\t\t\t\t\t\t<span class=\"entry-date\"><a\n\t\t\t\t\t\t\t\t\t\t\thref=\"https:\/\/haiticlimat.org\/site\/vers-la-production-de-plus-de-dix-mille-plantules-de-moringa-dans-la-grandanse\/\">f\u00e9vrier 13, 2024<\/a><\/span>\n\t\t\t\t\t\t\t\t\t\t\t\t\t\t\t\t\t\t\t\t\t\t\t\t\t\t\t\t\t\t\t\t\t\t\t\t\t\t\t<span class=\"entry-cats\"><a href=\"https:\/\/haiticlimat.org\/site\/category\/actualites\/\" rel=\"category tag\">Actualit\u00e9s<\/a>, <a href=\"https:\/\/haiticlimat.org\/site\/category\/agro-ecologie\/\" rel=\"category tag\">Agro-\u00e9cologie<\/a>, <a href=\"https:\/\/haiticlimat.org\/site\/category\/environnement\/\" rel=\"category tag\">Environnement<\/a><\/span>\n\t\t\t\t\t\t\t\t\t\t\t\t\t\t\t\t\t\t\t\t\t\t\t\t\t\t\t<\/div>\n\t\t\t\t\t\t\t\t\t\t\t\t\t\t\t\t\t\t\t\t\t\t<div class=\"entry-excerpt\">\n\t\t\t\t\t\t\t\t\t<p>L&rsquo;organisation Concorde ha\u00eftienne de s\u00e9curit\u00e9 alimentaire et nutritionnelle (CHSAN) pr\u00e9voit de produire plus de dix mille plantules de moringa \u00e0\u2026<\/p>\n\t\t\t\t\t\t\t\t<\/div>\n\t\t\t\t\t\t\t\t\t\t\t\t\t\t<a href=\"https:\/\/haiticlimat.org\/site\/vers-la-production-de-plus-de-dix-mille-plantules-de-moringa-dans-la-grandanse\/\"\n\t\t\t\t\t\t\t   class=\"kc-post-2-button\">Lire la suite <i\n\t\t\t\t\t\t\t\t\tclass=\"fa fa-angle-right\" aria-hidden=\"true\"><\/i><\/a>\n\t\t\t\t\t\t\t\t\t\t\t\t\t<\/div>\n\t\t\t\t\t<\/div>\n\t\t\t\t<\/div>\n\n\t\t\t\t\n\t\t\t\t<div class=\"post-grid grid-3\">\n\t\t\t\t\t<div class=\"kc-list-item-3\">\n\t\t\t\t\t\t\t\t\t\t\t\t\t<a href=\"https:\/\/haiticlimat.org\/site\/vers-la-production-de-plus-20-mille-plantules-de-cacaoyer-dans-la-grandanse\/\" class=\"entry-thumb-link\">\n\t\t\t\t\t\t\t\t<div class=\"entry-thumb-wrapper\">\n\t\t\t\t\t\t\t\t\t<img decoding=\"async\" src=\"https:\/\/haiticlimat.org\/site\/wp-content\/uploads\/2024\/01\/germoplasme.jpg\"\n\t\t\t\t\t\t\t\t\t     alt=\"Vers la production de plus 20 mille plantules de cacaoyer dans la Grand&rsquo;Anse\"\/>\n\t\t\t\t\t\t\t\t\t<div class=\"entry-thumb-overlay\"><\/div>\n\t\t\t\t\t\t\t\t<\/div>\n\t\t\t\t\t\t\t<\/a>\n\t\t\t\t\t\t\t\t\t\t\t\t<div class=\"content\">\n\t\t\t\t\t\t\t<h2 class=\"post-title-alt\"><a\n\t\t\t\t\t\t\t\thref=\"https:\/\/haiticlimat.org\/site\/vers-la-production-de-plus-20-mille-plantules-de-cacaoyer-dans-la-grandanse\/\">Vers la production de plus 20 mille plantules de cacaoyer dans la Grand&rsquo;Anse<\/a>\n\t\t\t\t\t\t\t<\/h2>\n\t\t\t\t\t\t\t\t\t\t\t\t\t\t\t<div class=\"entry-meta\">\n\t\t\t\t\t\t\t\t\t\t\t\t\t\t\t\t\t\t\t<span class=\"kc-post-author\"><a\n\t\t\t\t\t\t\t\t\t\t\t\thref=\"https:\/\/haiticlimat.org\/site\/author\/admin\/\"\n\t\t\t\t\t\t\t\t\t\t\t\ttitle=\"Posts by Haiti Climat\"\n\t\t\t\t\t\t\t\t\t\t\t\trel=\"author\">Haiti Climat<\/a><\/span>\n\t\t\t\t\t\t\t\t\t\t\t\t\t\t\t\t\t\t\t\t\t\t\t\t\t\t\t<span class=\"entry-date\"><a\n\t\t\t\t\t\t\t\t\t\t\thref=\"https:\/\/haiticlimat.org\/site\/vers-la-production-de-plus-20-mille-plantules-de-cacaoyer-dans-la-grandanse\/\">janvier 13, 2024<\/a><\/span>\n\t\t\t\t\t\t\t\t\t\t\t\t\t\t\t\t\t\t\t\t\t\t\t\t\t\t\t\t\t\t\t\t\t\t\t\t\t\t\t<span class=\"entry-cats\"><a href=\"https:\/\/haiticlimat.org\/site\/category\/actualites\/\" rel=\"category tag\">Actualit\u00e9s<\/a>, <a href=\"https:\/\/haiticlimat.org\/site\/category\/agro-ecologie\/\" rel=\"category tag\">Agro-\u00e9cologie<\/a>, <a href=\"https:\/\/haiticlimat.org\/site\/category\/environnement\/\" rel=\"category tag\">Environnement<\/a><\/span>\n\t\t\t\t\t\t\t\t\t\t\t\t\t\t\t\t\t\t\t\t\t\t\t\t\t\t\t<\/div>\n\t\t\t\t\t\t\t\t\t\t\t\t\t\t\t\t\t\t\t\t\t\t<div class=\"entry-excerpt\">\n\t\t\t\t\t\t\t\t\t<p>Le minist\u00e8re de l\u2019Environnement (MDE), \u00e0 travers la Direction d\u00e9partementale de la Grand&rsquo;Anse (DDGA), pr\u00e9voit de produire dans le Centre\u2026<\/p>\n\t\t\t\t\t\t\t\t<\/div>\n\t\t\t\t\t\t\t\t\t\t\t\t\t\t<a href=\"https:\/\/haiticlimat.org\/site\/vers-la-production-de-plus-20-mille-plantules-de-cacaoyer-dans-la-grandanse\/\"\n\t\t\t\t\t\t\t   class=\"kc-post-2-button\">Lire la suite <i\n\t\t\t\t\t\t\t\t\tclass=\"fa fa-angle-right\" aria-hidden=\"true\"><\/i><\/a>\n\t\t\t\t\t\t\t\t\t\t\t\t\t<\/div>\n\t\t\t\t\t<\/div>\n\t\t\t\t<\/div>\n\n\t\t\t\t\n\t\t\t\t<div class=\"post-grid grid-3\">\n\t\t\t\t\t<div class=\"kc-list-item-3\">\n\t\t\t\t\t\t\t\t\t\t\t\t\t<a href=\"https:\/\/haiticlimat.org\/site\/le-changement-climatique-un-enjeu-pour-la-production-nationale-selon-lagronome-olfener-edouard\/\" class=\"entry-thumb-link\">\n\t\t\t\t\t\t\t\t<div class=\"entry-thumb-wrapper\">\n\t\t\t\t\t\t\t\t\t<img decoding=\"async\" src=\"https:\/\/haiticlimat.org\/site\/wp-content\/uploads\/2023\/12\/53366667625_7b441b593d_o-1-scaled.jpg\"\n\t\t\t\t\t\t\t\t\t     alt=\"\u00ab Le changement climatique,  un enjeu pour la production nationale \u00bb, selon l&rsquo;agronome Olfener \u00c9douard\"\/>\n\t\t\t\t\t\t\t\t\t<div class=\"entry-thumb-overlay\"><\/div>\n\t\t\t\t\t\t\t\t<\/div>\n\t\t\t\t\t\t\t<\/a>\n\t\t\t\t\t\t\t\t\t\t\t\t<div class=\"content\">\n\t\t\t\t\t\t\t<h2 class=\"post-title-alt\"><a\n\t\t\t\t\t\t\t\thref=\"https:\/\/haiticlimat.org\/site\/le-changement-climatique-un-enjeu-pour-la-production-nationale-selon-lagronome-olfener-edouard\/\">\u00ab Le changement climatique,  un enjeu pour la production nationale \u00bb, selon l&rsquo;agronome Olfener \u00c9douard<\/a>\n\t\t\t\t\t\t\t<\/h2>\n\t\t\t\t\t\t\t\t\t\t\t\t\t\t\t<div class=\"entry-meta\">\n\t\t\t\t\t\t\t\t\t\t\t\t\t\t\t\t\t\t\t<span class=\"kc-post-author\"><a\n\t\t\t\t\t\t\t\t\t\t\t\thref=\"https:\/\/haiticlimat.org\/site\/author\/admin\/\"\n\t\t\t\t\t\t\t\t\t\t\t\ttitle=\"Posts by Haiti Climat\"\n\t\t\t\t\t\t\t\t\t\t\t\trel=\"author\">Haiti Climat<\/a><\/span>\n\t\t\t\t\t\t\t\t\t\t\t\t\t\t\t\t\t\t\t\t\t\t\t\t\t\t\t<span class=\"entry-date\"><a\n\t\t\t\t\t\t\t\t\t\t\thref=\"https:\/\/haiticlimat.org\/site\/le-changement-climatique-un-enjeu-pour-la-production-nationale-selon-lagronome-olfener-edouard\/\">d\u00e9cembre 14, 2023<\/a><\/span>\n\t\t\t\t\t\t\t\t\t\t\t\t\t\t\t\t\t\t\t\t\t\t\t\t\t\t\t\t\t\t\t\t\t\t\t\t\t\t\t<span class=\"entry-cats\"><a href=\"https:\/\/haiticlimat.org\/site\/category\/actualites\/\" rel=\"category tag\">Actualit\u00e9s<\/a>, <a href=\"https:\/\/haiticlimat.org\/site\/category\/agro-ecologie\/\" rel=\"category tag\">Agro-\u00e9cologie<\/a>, <a href=\"https:\/\/haiticlimat.org\/site\/category\/climat\/\" rel=\"category tag\">Climat<\/a>, <a href=\"https:\/\/haiticlimat.org\/site\/category\/cop\/\" rel=\"category tag\">COP<\/a>, <a href=\"https:\/\/haiticlimat.org\/site\/category\/agro-ecologie\/securite-alimentaire\/\" rel=\"category tag\">S\u00e9curit\u00e9 Alimentaire<\/a><\/span>\n\t\t\t\t\t\t\t\t\t\t\t\t\t\t\t\t\t\t\t\t\t\t\t\t\t\t\t<\/div>\n\t\t\t\t\t\t\t\t\t\t\t\t\t\t\t\t\t\t\t\t\t\t<div class=\"entry-excerpt\">\n\t\t\t\t\t\t\t\t\t<p>La structure PROMODEV a organis\u00e9, le samedi 9 d\u00e9cembre 2023, un forum agricole en ligne&nbsp;avec des agronomes et historiens sur\u2026<\/p>\n\t\t\t\t\t\t\t\t<\/div>\n\t\t\t\t\t\t\t\t\t\t\t\t\t\t<a href=\"https:\/\/haiticlimat.org\/site\/le-changement-climatique-un-enjeu-pour-la-production-nationale-selon-lagronome-olfener-edouard\/\"\n\t\t\t\t\t\t\t   class=\"kc-post-2-button\">Lire la suite <i\n\t\t\t\t\t\t\t\t\tclass=\"fa fa-angle-right\" aria-hidden=\"true\"><\/i><\/a>\n\t\t\t\t\t\t\t\t\t\t\t\t\t<\/div>\n\t\t\t\t\t<\/div>\n\t\t\t\t<\/div>\n\n\t\t\t\t\n\t\t\t\t<div class=\"post-grid grid-3\">\n\t\t\t\t\t<div class=\"kc-list-item-3\">\n\t\t\t\t\t\t\t\t\t\t\t\t\t<a href=\"https:\/\/haiticlimat.org\/site\/pratiquer-lagro-ecologie-une-solution-pour-mettre-fin-a-linsecurite-alimentaire-dapres-lagronome-jean-rusnel-etienne\/\" class=\"entry-thumb-link\">\n\t\t\t\t\t\t\t\t<div class=\"entry-thumb-wrapper\">\n\t\t\t\t\t\t\t\t\t<img decoding=\"async\" src=\"https:\/\/haiticlimat.org\/site\/wp-content\/uploads\/2023\/03\/GPJNEWS_HAITI_RC_AGRICULTURE_6-scaled.jpg\"\n\t\t\t\t\t\t\t\t\t     alt=\"Pratiquer l&rsquo;agro-\u00e9cologie, une solution pour mettre fin \u00e0 l&rsquo;ins\u00e9curit\u00e9 alimentaire d&rsquo;apr\u00e8s  l&rsquo;agronome Jean Rusnel \u00c9tienne\"\/>\n\t\t\t\t\t\t\t\t\t<div class=\"entry-thumb-overlay\"><\/div>\n\t\t\t\t\t\t\t\t<\/div>\n\t\t\t\t\t\t\t<\/a>\n\t\t\t\t\t\t\t\t\t\t\t\t<div class=\"content\">\n\t\t\t\t\t\t\t<h2 class=\"post-title-alt\"><a\n\t\t\t\t\t\t\t\thref=\"https:\/\/haiticlimat.org\/site\/pratiquer-lagro-ecologie-une-solution-pour-mettre-fin-a-linsecurite-alimentaire-dapres-lagronome-jean-rusnel-etienne\/\">Pratiquer l&rsquo;agro-\u00e9cologie, une solution pour mettre fin \u00e0 l&rsquo;ins\u00e9curit\u00e9 alimentaire d&rsquo;apr\u00e8s  l&rsquo;agronome Jean Rusnel \u00c9tienne<\/a>\n\t\t\t\t\t\t\t<\/h2>\n\t\t\t\t\t\t\t\t\t\t\t\t\t\t\t<div class=\"entry-meta\">\n\t\t\t\t\t\t\t\t\t\t\t\t\t\t\t\t\t\t\t<span class=\"kc-post-author\"><a\n\t\t\t\t\t\t\t\t\t\t\t\thref=\"https:\/\/haiticlimat.org\/site\/author\/admin\/\"\n\t\t\t\t\t\t\t\t\t\t\t\ttitle=\"Posts by Haiti Climat\"\n\t\t\t\t\t\t\t\t\t\t\t\trel=\"author\">Haiti Climat<\/a><\/span>\n\t\t\t\t\t\t\t\t\t\t\t\t\t\t\t\t\t\t\t\t\t\t\t\t\t\t\t<span class=\"entry-date\"><a\n\t\t\t\t\t\t\t\t\t\t\thref=\"https:\/\/haiticlimat.org\/site\/pratiquer-lagro-ecologie-une-solution-pour-mettre-fin-a-linsecurite-alimentaire-dapres-lagronome-jean-rusnel-etienne\/\">octobre 25, 2023<\/a><\/span>\n\t\t\t\t\t\t\t\t\t\t\t\t\t\t\t\t\t\t\t\t\t\t\t\t\t\t\t\t\t\t\t\t\t\t\t\t\t\t\t<span class=\"entry-cats\"><a href=\"https:\/\/haiticlimat.org\/site\/category\/agro-ecologie\/\" rel=\"category tag\">Agro-\u00e9cologie<\/a>, <a href=\"https:\/\/haiticlimat.org\/site\/category\/agro-ecologie\/securite-alimentaire\/\" rel=\"category tag\">S\u00e9curit\u00e9 Alimentaire<\/a><\/span>\n\t\t\t\t\t\t\t\t\t\t\t\t\t\t\t\t\t\t\t\t\t\t\t\t\t\t\t<\/div>\n\t\t\t\t\t\t\t\t\t\t\t\t\t\t\t\t\t\t\t\t\t\t<div class=\"entry-excerpt\">\n\t\t\t\t\t\t\t\t\t<p>Environ un milliard de personnes sont touch\u00e9es par l&rsquo;ins\u00e9curit\u00e9 alimentaire dans le monde. En Ha\u00efti, on est \u00e0 pr\u00e8s de\u2026<\/p>\n\t\t\t\t\t\t\t\t<\/div>\n\t\t\t\t\t\t\t\t\t\t\t\t\t\t<a href=\"https:\/\/haiticlimat.org\/site\/pratiquer-lagro-ecologie-une-solution-pour-mettre-fin-a-linsecurite-alimentaire-dapres-lagronome-jean-rusnel-etienne\/\"\n\t\t\t\t\t\t\t   class=\"kc-post-2-button\">Lire la suite <i\n\t\t\t\t\t\t\t\t\tclass=\"fa fa-angle-right\" aria-hidden=\"true\"><\/i><\/a>\n\t\t\t\t\t\t\t\t\t\t\t\t\t<\/div>\n\t\t\t\t\t<\/div>\n\t\t\t\t<\/div>\n\n\t\t\t\t\n\t\n<\/div>\n<\/div><\/div><\/div><\/div><\/section><section class=\"kc-elm kc_row\"><div class=\"kc-row-container  kc-container\"><div class=\"kc-wrap-columns\"><div class=\"kc-elm kc-css-695687 kc_col-sm-12 kc_column kc_col-sm-12\"><div class=\"kc-col-container\">\n<div class=\"kc-elm kc-css-496583\">\n\t<a class=\"kc_button\" href=\"https:\/\/haiticlimat.org\/site\/agro-ecologie-archives\/\" target=\"_self\" title=\"Agro-\u00e9cologie Archives\" onclick=\"\">\n\t\tVoir les Archives Agro-\u00e9cologie <i class=\"fa-archive\"><\/i>\t<\/a>\n<\/div>\n<\/div><\/div><\/div><\/div><\/section>\n","protected":false},"excerpt":{"rendered":"","protected":false},"author":1,"featured_media":0,"parent":0,"menu_order":0,"comment_status":"closed","ping_status":"closed","template":"tpl-king_composer.php","meta":{"jetpack_post_was_ever_published":false,"footnotes":""},"class_list":["post-814","page","type-page","status-publish","hentry"],"jetpack_likes_enabled":false,"jetpack_sharing_enabled":false,"_links":{"self":[{"href":"https:\/\/haiticlimat.org\/site\/wp-json\/wp\/v2\/pages\/814","targetHints":{"allow":["GET"]}}],"collection":[{"href":"https:\/\/haiticlimat.org\/site\/wp-json\/wp\/v2\/pages"}],"about":[{"href":"https:\/\/haiticlimat.org\/site\/wp-json\/wp\/v2\/types\/page"}],"author":[{"embeddable":true,"href":"https:\/\/haiticlimat.org\/site\/wp-json\/wp\/v2\/users\/1"}],"replies":[{"embeddable":true,"href":"https:\/\/haiticlimat.org\/site\/wp-json\/wp\/v2\/comments?post=814"}],"version-history":[{"count":4,"href":"https:\/\/haiticlimat.org\/site\/wp-json\/wp\/v2\/pages\/814\/revisions"}],"predecessor-version":[{"id":1830,"href":"https:\/\/haiticlimat.org\/site\/wp-json\/wp\/v2\/pages\/814\/revisions\/1830"}],"wp:attachment":[{"href":"https:\/\/haiticlimat.org\/site\/wp-json\/wp\/v2\/media?parent=814"}],"curies":[{"name":"wp","href":"https:\/\/api.w.org\/{rel}","templated":true}]}}