{"id":636,"date":"2020-10-20T15:15:08","date_gmt":"2020-10-20T13:15:08","guid":{"rendered":"https:\/\/haiticlimat.org\/site\/?page_id=636"},"modified":"2020-11-18T15:39:09","modified_gmt":"2020-11-18T14:39:09","slug":"urgence-magazine","status":"publish","type":"page","link":"https:\/\/haiticlimat.org\/site\/urgence-magazine\/","title":{"rendered":"Urgence Magazine"},"content":{"rendered":"<section class=\"kc-elm kc-css-64034 kc_row\"><div class=\"kc-row-container  kc-container\"><div class=\"kc-wrap-columns\"><div class=\"kc-elm kc-css-516851 kc_col-sm-12 kc_column kc_col-sm-12\"><div class=\"kc-col-container\"><div class=\"kc-elm kc-css-566695\" style=\"height: 20px; clear: both; width:100%;\"><\/div>\n<div class=\"kc-elm kc-css-928827 kc-blog-posts kc-blog-posts-3 kc-blog-grid kc_blog_masonry kc-image-align-both\">\n\t\n\t\t\n\t\t\t\t<div class=\"post-grid grid-3\">\n\t\t\t\t\t<div class=\"kc-list-item-3\">\n\t\t\t\t\t\t\t\t\t\t\t\t\t<a href=\"https:\/\/haiticlimat.org\/site\/michele-d-pierre-louis-investir-dans-lagriculture-pour-renforcer-la-resilience-climatique\/\" class=\"entry-thumb-link\">\n\t\t\t\t\t\t\t\t<div class=\"entry-thumb-wrapper\">\n\t\t\t\t\t\t\t\t\t<img decoding=\"async\" src=\"https:\/\/haiticlimat.org\/site\/wp-content\/uploads\/2021\/06\/WhatsApp-Image-2021-06-23-at-22.23.19.jpeg\"\n\t\t\t\t\t\t\t\t\t     alt=\"Mich\u00e8le D. Pierre-Louis: \u00abInvestir dans l\u2019agriculture pour renforcer la r\u00e9silience climatique\u00bb\"\/>\n\t\t\t\t\t\t\t\t\t<div class=\"entry-thumb-overlay\"><\/div>\n\t\t\t\t\t\t\t\t<\/div>\n\t\t\t\t\t\t\t<\/a>\n\t\t\t\t\t\t\t\t\t\t\t\t<div class=\"content\">\n\t\t\t\t\t\t\t<h2 class=\"post-title-alt\"><a\n\t\t\t\t\t\t\t\thref=\"https:\/\/haiticlimat.org\/site\/michele-d-pierre-louis-investir-dans-lagriculture-pour-renforcer-la-resilience-climatique\/\">Mich\u00e8le D. Pierre-Louis: \u00abInvestir dans l\u2019agriculture pour renforcer la r\u00e9silience climatique\u00bb<\/a>\n\t\t\t\t\t\t\t<\/h2>\n\t\t\t\t\t\t\t\t\t\t\t\t\t\t\t<div class=\"entry-meta\">\n\t\t\t\t\t\t\t\t\t\t\t\t\t\t\t\t\t\t\t<span class=\"kc-post-author\"><a\n\t\t\t\t\t\t\t\t\t\t\t\thref=\"https:\/\/haiticlimat.org\/site\/author\/admin\/\"\n\t\t\t\t\t\t\t\t\t\t\t\ttitle=\"Posts by Haiti Climat\"\n\t\t\t\t\t\t\t\t\t\t\t\trel=\"author\">Haiti Climat<\/a><\/span>\n\t\t\t\t\t\t\t\t\t\t\t\t\t\t\t\t\t\t\t\t\t\t\t\t\t\t\t<span class=\"entry-date\"><a\n\t\t\t\t\t\t\t\t\t\t\thref=\"https:\/\/haiticlimat.org\/site\/michele-d-pierre-louis-investir-dans-lagriculture-pour-renforcer-la-resilience-climatique\/\">juin 29, 2021<\/a><\/span>\n\t\t\t\t\t\t\t\t\t\t\t\t\t\t\t\t\t\t\t\t\t\t\t\t\t\t\t\t\t\t\t\t\t\t\t\t\t\t\t<span class=\"entry-cats\"><a href=\"https:\/\/haiticlimat.org\/site\/category\/actualites\/\" rel=\"category tag\">Actualit\u00e9s<\/a>, <a href=\"https:\/\/haiticlimat.org\/site\/category\/environnement\/\" rel=\"category tag\">Environnement<\/a>, <a href=\"https:\/\/haiticlimat.org\/site\/category\/magazine\/\" rel=\"category tag\">Magazine<\/a><\/span>\n\t\t\t\t\t\t\t\t\t\t\t\t\t\t\t\t\t\t\t\t\t\t\t\t\t\t\t<\/div>\n\t\t\t\t\t\t\t\t\t\t\t\t\t\t\t\t\t\t\t\t\t\t<div class=\"entry-excerpt\">\n\t\t\t\t\t\t\t\t\t<p>Nombreux d\u2019entre vous connaissent la plateforme Ha\u00efti Climat et l\u2019\u00e9mission du m\u00eame nom diffus\u00e9e sur Magik 9 tous les jeudis\u2026<\/p>\n\t\t\t\t\t\t\t\t<\/div>\n\t\t\t\t\t\t\t\t\t\t\t\t\t\t<a href=\"https:\/\/haiticlimat.org\/site\/michele-d-pierre-louis-investir-dans-lagriculture-pour-renforcer-la-resilience-climatique\/\"\n\t\t\t\t\t\t\t   class=\"kc-post-2-button\">Lire la suite <i\n\t\t\t\t\t\t\t\t\tclass=\"fa fa-angle-right\" aria-hidden=\"true\"><\/i><\/a>\n\t\t\t\t\t\t\t\t\t\t\t\t\t<\/div>\n\t\t\t\t\t<\/div>\n\t\t\t\t<\/div>\n\n\t\t\t\t\n\t\t\t\t<div class=\"post-grid grid-3\">\n\t\t\t\t\t<div class=\"kc-list-item-3\">\n\t\t\t\t\t\t\t\t\t\t\t\t\t<a href=\"https:\/\/haiticlimat.org\/site\/communique-de-presse-pour-diffusion-immediate\/\" class=\"entry-thumb-link\">\n\t\t\t\t\t\t\t\t<div class=\"entry-thumb-wrapper\">\n\t\t\t\t\t\t\t\t\t<img decoding=\"async\" src=\"https:\/\/haiticlimat.org\/site\/wp-content\/uploads\/2021\/06\/Annonce-Publication-UM-vol2vf.jpeg\"\n\t\t\t\t\t\t\t\t\t     alt=\"COMMUNIQUE DE PRESSE: Pour diffusion imm\u00e9diate\"\/>\n\t\t\t\t\t\t\t\t\t<div class=\"entry-thumb-overlay\"><\/div>\n\t\t\t\t\t\t\t\t<\/div>\n\t\t\t\t\t\t\t<\/a>\n\t\t\t\t\t\t\t\t\t\t\t\t<div class=\"content\">\n\t\t\t\t\t\t\t<h2 class=\"post-title-alt\"><a\n\t\t\t\t\t\t\t\thref=\"https:\/\/haiticlimat.org\/site\/communique-de-presse-pour-diffusion-immediate\/\">COMMUNIQUE DE PRESSE: Pour diffusion imm\u00e9diate<\/a>\n\t\t\t\t\t\t\t<\/h2>\n\t\t\t\t\t\t\t\t\t\t\t\t\t\t\t<div class=\"entry-meta\">\n\t\t\t\t\t\t\t\t\t\t\t\t\t\t\t\t\t\t\t<span class=\"kc-post-author\"><a\n\t\t\t\t\t\t\t\t\t\t\t\thref=\"https:\/\/haiticlimat.org\/site\/author\/admin\/\"\n\t\t\t\t\t\t\t\t\t\t\t\ttitle=\"Posts by Haiti Climat\"\n\t\t\t\t\t\t\t\t\t\t\t\trel=\"author\">Haiti Climat<\/a><\/span>\n\t\t\t\t\t\t\t\t\t\t\t\t\t\t\t\t\t\t\t\t\t\t\t\t\t\t\t<span class=\"entry-date\"><a\n\t\t\t\t\t\t\t\t\t\t\thref=\"https:\/\/haiticlimat.org\/site\/communique-de-presse-pour-diffusion-immediate\/\">juin 25, 2021<\/a><\/span>\n\t\t\t\t\t\t\t\t\t\t\t\t\t\t\t\t\t\t\t\t\t\t\t\t\t\t\t\t\t\t\t\t\t\t\t\t\t\t\t<span class=\"entry-cats\"><a href=\"https:\/\/haiticlimat.org\/site\/category\/actualites\/\" rel=\"category tag\">Actualit\u00e9s<\/a>, <a href=\"https:\/\/haiticlimat.org\/site\/category\/climat\/\" rel=\"category tag\">Climat<\/a>, <a href=\"https:\/\/haiticlimat.org\/site\/category\/environnement\/\" rel=\"category tag\">Environnement<\/a>, <a href=\"https:\/\/haiticlimat.org\/site\/category\/magazine\/\" rel=\"category tag\">Magazine<\/a><\/span>\n\t\t\t\t\t\t\t\t\t\t\t\t\t\t\t\t\t\t\t\t\t\t\t\t\t\t\t<\/div>\n\t\t\t\t\t\t\t\t\t\t\t\t\t\t\t\t\t\t\t\t\t\t<div class=\"entry-excerpt\">\n\t\t\t\t\t\t\t\t\t<p>Lancement officiel par ACLEDD du deuxi\u00e8me num\u00e9ro de \u00ab\u00a0URGENCE MAGAZINE\u00a0\u00bbCauserie en ligne avec Madame Mich\u00e8le D. PIERRE-LOUIS Port-au-Prince, le 25\u2026<\/p>\n\t\t\t\t\t\t\t\t<\/div>\n\t\t\t\t\t\t\t\t\t\t\t\t\t\t<a href=\"https:\/\/haiticlimat.org\/site\/communique-de-presse-pour-diffusion-immediate\/\"\n\t\t\t\t\t\t\t   class=\"kc-post-2-button\">Lire la suite <i\n\t\t\t\t\t\t\t\t\tclass=\"fa fa-angle-right\" aria-hidden=\"true\"><\/i><\/a>\n\t\t\t\t\t\t\t\t\t\t\t\t\t<\/div>\n\t\t\t\t\t<\/div>\n\t\t\t\t<\/div>\n\n\t\t\t\t\n\t\t\t\t<div class=\"post-grid grid-3\">\n\t\t\t\t\t<div class=\"kc-list-item-3\">\n\t\t\t\t\t\t\t\t\t\t\t\t\t<a href=\"https:\/\/haiticlimat.org\/site\/telecharger-urgence-magazine-vol-2_juin-2021-par-acledd_haiti-climat-%e2%9c%85%f0%9f%9f%a2\/\" class=\"entry-thumb-link\">\n\t\t\t\t\t\t\t\t<div class=\"entry-thumb-wrapper\">\n\t\t\t\t\t\t\t\t\t<img decoding=\"async\" src=\"https:\/\/haiticlimat.org\/site\/wp-content\/uploads\/2021\/06\/Cover-Urgence-Magazine-Vol2.png\"\n\t\t\t\t\t\t\t\t\t     alt=\"T\u00c9L\u00c9CHARGER URGENCE MAGAZINE (Vol.2_Juin 2021) par ACLEDD_Haiti Climat \u2705\ud83d\udfe2\"\/>\n\t\t\t\t\t\t\t\t\t<div class=\"entry-thumb-overlay\"><\/div>\n\t\t\t\t\t\t\t\t<\/div>\n\t\t\t\t\t\t\t<\/a>\n\t\t\t\t\t\t\t\t\t\t\t\t<div class=\"content\">\n\t\t\t\t\t\t\t<h2 class=\"post-title-alt\"><a\n\t\t\t\t\t\t\t\thref=\"https:\/\/haiticlimat.org\/site\/telecharger-urgence-magazine-vol-2_juin-2021-par-acledd_haiti-climat-%e2%9c%85%f0%9f%9f%a2\/\">T\u00c9L\u00c9CHARGER URGENCE MAGAZINE (Vol.2_Juin 2021) par ACLEDD_Haiti Climat \u2705\ud83d\udfe2<\/a>\n\t\t\t\t\t\t\t<\/h2>\n\t\t\t\t\t\t\t\t\t\t\t\t\t\t\t<div class=\"entry-meta\">\n\t\t\t\t\t\t\t\t\t\t\t\t\t\t\t\t\t\t\t<span class=\"kc-post-author\"><a\n\t\t\t\t\t\t\t\t\t\t\t\thref=\"https:\/\/haiticlimat.org\/site\/author\/admin\/\"\n\t\t\t\t\t\t\t\t\t\t\t\ttitle=\"Posts by Haiti Climat\"\n\t\t\t\t\t\t\t\t\t\t\t\trel=\"author\">Haiti Climat<\/a><\/span>\n\t\t\t\t\t\t\t\t\t\t\t\t\t\t\t\t\t\t\t\t\t\t\t\t\t\t\t<span class=\"entry-date\"><a\n\t\t\t\t\t\t\t\t\t\t\thref=\"https:\/\/haiticlimat.org\/site\/telecharger-urgence-magazine-vol-2_juin-2021-par-acledd_haiti-climat-%e2%9c%85%f0%9f%9f%a2\/\">juin 25, 2021<\/a><\/span>\n\t\t\t\t\t\t\t\t\t\t\t\t\t\t\t\t\t\t\t\t\t\t\t\t\t\t\t\t\t\t\t\t\t\t\t\t\t\t\t<span class=\"entry-cats\"><a href=\"https:\/\/haiticlimat.org\/site\/category\/actualites\/\" rel=\"category tag\">Actualit\u00e9s<\/a>, <a href=\"https:\/\/haiticlimat.org\/site\/category\/magazine\/\" rel=\"category tag\">Magazine<\/a><\/span>\n\t\t\t\t\t\t\t\t\t\t\t\t\t\t\t\t\t\t\t\t\t\t\t\t\t\t\t<\/div>\n\t\t\t\t\t\t\t\t\t\t\t\t\t\t\t\t\t\t\t\t\t\t<div class=\"entry-excerpt\">\n\t\t\t\t\t\t\t\t\t<p>\u27a1\ufe0f\u00a0 Par ici pour t\u00e9l\u00e9charger le deuxi\u00e8me num\u00e9ro de \u00ab URGENCE MAGAZINE \u00bb \u2705\ud83d\udfe2 \u00a0 Dans ce deuxi\u00e8me num\u00e9ro, on\u2026<\/p>\n\t\t\t\t\t\t\t\t<\/div>\n\t\t\t\t\t\t\t\t\t\t\t\t\t\t<a href=\"https:\/\/haiticlimat.org\/site\/telecharger-urgence-magazine-vol-2_juin-2021-par-acledd_haiti-climat-%e2%9c%85%f0%9f%9f%a2\/\"\n\t\t\t\t\t\t\t   class=\"kc-post-2-button\">Lire la suite <i\n\t\t\t\t\t\t\t\t\tclass=\"fa fa-angle-right\" aria-hidden=\"true\"><\/i><\/a>\n\t\t\t\t\t\t\t\t\t\t\t\t\t<\/div>\n\t\t\t\t\t<\/div>\n\t\t\t\t<\/div>\n\n\t\t\t\t\n\t\n<\/div>\n<\/div><\/div><\/div><\/div><\/section>\n","protected":false},"excerpt":{"rendered":"","protected":false},"author":2,"featured_media":0,"parent":0,"menu_order":0,"comment_status":"closed","ping_status":"closed","template":"tpl-king_composer.php","meta":{"jetpack_post_was_ever_published":false,"footnotes":""},"class_list":["post-636","page","type-page","status-publish","hentry"],"jetpack_likes_enabled":false,"jetpack_sharing_enabled":false,"_links":{"self":[{"href":"https:\/\/haiticlimat.org\/site\/wp-json\/wp\/v2\/pages\/636","targetHints":{"allow":["GET"]}}],"collection":[{"href":"https:\/\/haiticlimat.org\/site\/wp-json\/wp\/v2\/pages"}],"about":[{"href":"https:\/\/haiticlimat.org\/site\/wp-json\/wp\/v2\/types\/page"}],"author":[{"embeddable":true,"href":"https:\/\/haiticlimat.org\/site\/wp-json\/wp\/v2\/users\/2"}],"replies":[{"embeddable":true,"href":"https:\/\/haiticlimat.org\/site\/wp-json\/wp\/v2\/comments?post=636"}],"version-history":[{"count":5,"href":"https:\/\/haiticlimat.org\/site\/wp-json\/wp\/v2\/pages\/636\/revisions"}],"predecessor-version":[{"id":1397,"href":"https:\/\/haiticlimat.org\/site\/wp-json\/wp\/v2\/pages\/636\/revisions\/1397"}],"wp:attachment":[{"href":"https:\/\/haiticlimat.org\/site\/wp-json\/wp\/v2\/media?parent=636"}],"curies":[{"name":"wp","href":"https:\/\/api.w.org\/{rel}","templated":true}]}}