{"id":630,"date":"2020-10-20T15:03:13","date_gmt":"2020-10-20T13:03:13","guid":{"rendered":"https:\/\/haiticlimat.org\/site\/?page_id=630"},"modified":"2020-12-10T19:08:34","modified_gmt":"2020-12-10T18:08:34","slug":"mediatheque","status":"publish","type":"page","link":"https:\/\/haiticlimat.org\/site\/mediatheque\/","title":{"rendered":"M\u00e9diath\u00e8que"},"content":{"rendered":"<section class=\"kc-elm kc-css-870471 kc_row\"><div class=\"kc-row-container  kc-container\"><div class=\"kc-wrap-columns\"><div class=\"kc-elm kc-css-99278 kc_col-sm-12 kc_column kc_col-sm-12\"><div class=\"kc-col-container\">\n<div class=\"kc-elm kc-css-390556 kc-blog-posts kc-blog-posts-4 owl-carousel kc-image-align-both\" data-owl-options='{\"autoplay\": \"yes\", \"pagination\": \"yes\", \"items\": \"3\", \"tablet\":3, \"mobile\":1}'>\n\t\n\t\t\n\t\t\t\t<div class=\"item\">\n\t\t\t\t\t<div class=\"kc-list-item-4\">\n\t\t\t\t\t\t<div class=\"kc-post-header\">\n\t\t\t\t\t\t\t\t\t\t\t\t\t\t\t<a href=\"https:\/\/haiticlimat.org\/site\/de-limportance-du-plan-national-dadaptation-pour-une-bonne-resilience-aux-effets-du-changement-climatique\/\">\n\t\t\t\t\t\t\t\t\t<img decoding=\"async\" src=\"https:\/\/haiticlimat.org\/site\/wp-content\/uploads\/2022\/12\/275756150_4992386360807002_8270337871214403992_n-500x500xct.jpg\" alt=\"De l\u2019importance du plan national d&rsquo;adaptation pour une bonne r\u00e9silience aux effets du changement climatique\">\n\t\t\t\t\t\t\t\t<\/a>\n\t\t\t\t\t\t\t\t\t\t\t\t\t\t<div class=\"meta-title\">\n\t\t\t\t\t\t\t\t\t\t\t\t\t\t\t\t\t<div class=\"post-meta\">\n\t\t\t\t\t\t\t\t\t\t\t\t\t\t\t\t\t\t\t\t\t\t\t\t\t\t\t\t\t\t\t\t\t<a href=\"https:\/\/haiticlimat.org\/site\/category\/biodiversite\/\" rel=\"category tag\">Biodiversit\u00e9<\/a>, <a href=\"https:\/\/haiticlimat.org\/site\/category\/climat\/\" rel=\"category tag\">Climat<\/a>, <a href=\"https:\/\/haiticlimat.org\/site\/category\/environnement\/\" rel=\"category tag\">Environnement<\/a>, <a href=\"https:\/\/haiticlimat.org\/site\/category\/mediatheque\/podcast\/\" rel=\"category tag\">PodCast<\/a>\t\t\t\t\t\t\t\t\t\t\t\t\t\t\t\t\t\t\t\t\t\t\t\t\t\t\t\t\t\t\t\t\t\t\t\t\t\t\t\t\t\t<a href=\"https:\/\/haiticlimat.org\/site\/2024\/04\/\"\n\t\t\t\t\t\t\t\t\t\t   class=\"date-link\">09.avril.2024<\/a>\n\t\t\t\t\t\t\t\t\t\t\t\t\t\t\t\t\t\t\t<\/div>\n\t\t\t\t\t\t\t\t\n\t\t\t\t\t\t\t\t<h2 class=\"post-title-alt\">\n\t\t\t\t\t\t\t\t\t<a href=\"https:\/\/haiticlimat.org\/site\/de-limportance-du-plan-national-dadaptation-pour-une-bonne-resilience-aux-effets-du-changement-climatique\/\" class=\"post-title-link\"\n\t\t\t\t\t\t\t\t\t   title=\"De l\u2019importance du plan national d&rsquo;adaptation pour une bonne r\u00e9silience aux effets du changement climatique\">De l\u2019importance du plan national d&rsquo;adaptation pour une bonne r\u00e9silience aux effets du changement climatique<\/a>\n\t\t\t\t\t\t\t\t<\/h2>\n\t\t\t\t\t\t\t<\/div>\n\t\t\t\t\t\t<\/div>\n\t\t\t\t\t<\/div>\n\t\t\t\t<\/div>\n\t\t\n\t\t\t\t<div class=\"item\">\n\t\t\t\t\t<div class=\"kc-list-item-4\">\n\t\t\t\t\t\t<div class=\"kc-post-header\">\n\t\t\t\t\t\t\t\t\t\t\t\t\t\t\t<a href=\"https:\/\/haiticlimat.org\/site\/renforcer-la-resilience-de-laire-marine-protegee-de-port-salut-pour-lutter-contre-le-rechauffement-climatique\/\">\n\t\t\t\t\t\t\t\t\t<img decoding=\"async\" src=\"https:\/\/haiticlimat.org\/site\/wp-content\/uploads\/2024\/04\/IMG-20240328-WA0088-500x500xct.jpg\" alt=\"Renforcer la r\u00e9silience de l&rsquo;aire marine prot\u00e9g\u00e9e de Port Salut pour lutter contre le r\u00e9chauffement climatique\">\n\t\t\t\t\t\t\t\t<\/a>\n\t\t\t\t\t\t\t\t\t\t\t\t\t\t<div class=\"meta-title\">\n\t\t\t\t\t\t\t\t\t\t\t\t\t\t\t\t\t<div class=\"post-meta\">\n\t\t\t\t\t\t\t\t\t\t\t\t\t\t\t\t\t\t\t\t\t\t\t\t\t\t\t\t\t\t\t\t\t<a href=\"https:\/\/haiticlimat.org\/site\/category\/biodiversite\/\" rel=\"category tag\">Biodiversit\u00e9<\/a>, <a href=\"https:\/\/haiticlimat.org\/site\/category\/climat\/\" rel=\"category tag\">Climat<\/a>, <a href=\"https:\/\/haiticlimat.org\/site\/category\/environnement\/\" rel=\"category tag\">Environnement<\/a>, <a href=\"https:\/\/haiticlimat.org\/site\/category\/mediatheque\/podcast\/\" rel=\"category tag\">PodCast<\/a>\t\t\t\t\t\t\t\t\t\t\t\t\t\t\t\t\t\t\t\t\t\t\t\t\t\t\t\t\t\t\t\t\t\t\t\t\t\t\t\t\t\t<a href=\"https:\/\/haiticlimat.org\/site\/2024\/04\/\"\n\t\t\t\t\t\t\t\t\t\t   class=\"date-link\">01.avril.2024<\/a>\n\t\t\t\t\t\t\t\t\t\t\t\t\t\t\t\t\t\t\t<\/div>\n\t\t\t\t\t\t\t\t\n\t\t\t\t\t\t\t\t<h2 class=\"post-title-alt\">\n\t\t\t\t\t\t\t\t\t<a href=\"https:\/\/haiticlimat.org\/site\/renforcer-la-resilience-de-laire-marine-protegee-de-port-salut-pour-lutter-contre-le-rechauffement-climatique\/\" class=\"post-title-link\"\n\t\t\t\t\t\t\t\t\t   title=\"Renforcer la r\u00e9silience de l&rsquo;aire marine prot\u00e9g\u00e9e de Port Salut pour lutter contre le r\u00e9chauffement climatique\">Renforcer la r\u00e9silience de l&rsquo;aire marine prot\u00e9g\u00e9e de Port Salut pour lutter contre le r\u00e9chauffement climatique<\/a>\n\t\t\t\t\t\t\t\t<\/h2>\n\t\t\t\t\t\t\t<\/div>\n\t\t\t\t\t\t<\/div>\n\t\t\t\t\t<\/div>\n\t\t\t\t<\/div>\n\t\t\n\t\t\t\t<div class=\"item\">\n\t\t\t\t\t<div class=\"kc-list-item-4\">\n\t\t\t\t\t\t<div class=\"kc-post-header\">\n\t\t\t\t\t\t\t\t\t\t\t\t\t\t\t<a href=\"https:\/\/haiticlimat.org\/site\/mode-de-vie-des-riverains-habitants-aux-abords-de-laire-marine-protegee-de-saint-louis-du-sud\/\">\n\t\t\t\t\t\t\t\t\t<img decoding=\"async\" src=\"https:\/\/haiticlimat.org\/site\/wp-content\/uploads\/2024\/03\/unnamed-1-500x500xct.jpg\" alt=\"Mode de vie des riverains habitant aux abords de l\u2019aire marine prot\u00e9g\u00e9e de Saint Louis du Sud\">\n\t\t\t\t\t\t\t\t<\/a>\n\t\t\t\t\t\t\t\t\t\t\t\t\t\t<div class=\"meta-title\">\n\t\t\t\t\t\t\t\t\t\t\t\t\t\t\t\t\t<div class=\"post-meta\">\n\t\t\t\t\t\t\t\t\t\t\t\t\t\t\t\t\t\t\t\t\t\t\t\t\t\t\t\t\t\t\t\t\t<a href=\"https:\/\/haiticlimat.org\/site\/category\/biodiversite\/\" rel=\"category tag\">Biodiversit\u00e9<\/a>, <a href=\"https:\/\/haiticlimat.org\/site\/category\/climat\/\" rel=\"category tag\">Climat<\/a>, <a href=\"https:\/\/haiticlimat.org\/site\/category\/environnement\/\" rel=\"category tag\">Environnement<\/a>, <a href=\"https:\/\/haiticlimat.org\/site\/category\/mediatheque\/podcast\/\" rel=\"category tag\">PodCast<\/a>\t\t\t\t\t\t\t\t\t\t\t\t\t\t\t\t\t\t\t\t\t\t\t\t\t\t\t\t\t\t\t\t\t\t\t\t\t\t\t\t\t\t<a href=\"https:\/\/haiticlimat.org\/site\/2024\/03\/\"\n\t\t\t\t\t\t\t\t\t\t   class=\"date-link\">27.mars.2024<\/a>\n\t\t\t\t\t\t\t\t\t\t\t\t\t\t\t\t\t\t\t<\/div>\n\t\t\t\t\t\t\t\t\n\t\t\t\t\t\t\t\t<h2 class=\"post-title-alt\">\n\t\t\t\t\t\t\t\t\t<a href=\"https:\/\/haiticlimat.org\/site\/mode-de-vie-des-riverains-habitants-aux-abords-de-laire-marine-protegee-de-saint-louis-du-sud\/\" class=\"post-title-link\"\n\t\t\t\t\t\t\t\t\t   title=\"Mode de vie des riverains habitant aux abords de l\u2019aire marine prot\u00e9g\u00e9e de Saint Louis du Sud\">Mode de vie des riverains habitant aux abords de l\u2019aire marine prot\u00e9g\u00e9e de Saint Louis du Sud<\/a>\n\t\t\t\t\t\t\t\t<\/h2>\n\t\t\t\t\t\t\t<\/div>\n\t\t\t\t\t\t<\/div>\n\t\t\t\t\t<\/div>\n\t\t\t\t<\/div>\n\t\t\n\t\t\t\t<div class=\"item\">\n\t\t\t\t\t<div class=\"kc-list-item-4\">\n\t\t\t\t\t\t<div class=\"kc-post-header\">\n\t\t\t\t\t\t\t\t\t\t\t\t\t\t\t<a href=\"https:\/\/haiticlimat.org\/site\/emission-speciale-avec-dorine-jean-paul-sur-la-resilience-environnementale-et-la-gestion-des-risques-et-desastres\/\">\n\t\t\t\t\t\t\t\t\t<img decoding=\"async\" src=\"https:\/\/haiticlimat.org\/site\/wp-content\/uploads\/2021\/01\/Flyer-Emission-31vf-500x500xct.jpg\" alt=\"\u00c9mission sp\u00e9ciale avec Dorine Jean Paul sur la r\u00e9silience environnementale et la gestion des risques et d\u00e9sastres\">\n\t\t\t\t\t\t\t\t<\/a>\n\t\t\t\t\t\t\t\t\t\t\t\t\t\t<div class=\"meta-title\">\n\t\t\t\t\t\t\t\t\t\t\t\t\t\t\t\t\t<div class=\"post-meta\">\n\t\t\t\t\t\t\t\t\t\t\t\t\t\t\t\t\t\t\t\t\t\t\t\t\t\t\t\t\t\t\t\t\t<a href=\"https:\/\/haiticlimat.org\/site\/category\/actualites\/\" rel=\"category tag\">Actualit\u00e9s<\/a>, <a href=\"https:\/\/haiticlimat.org\/site\/category\/mediatheque\/podcast\/\" rel=\"category tag\">PodCast<\/a>\t\t\t\t\t\t\t\t\t\t\t\t\t\t\t\t\t\t\t\t\t\t\t\t\t\t\t\t\t\t\t\t\t\t\t\t\t\t\t\t\t\t<a href=\"https:\/\/haiticlimat.org\/site\/2021\/01\/\"\n\t\t\t\t\t\t\t\t\t\t   class=\"date-link\">07.janvier.2021<\/a>\n\t\t\t\t\t\t\t\t\t\t\t\t\t\t\t\t\t\t\t<\/div>\n\t\t\t\t\t\t\t\t\n\t\t\t\t\t\t\t\t<h2 class=\"post-title-alt\">\n\t\t\t\t\t\t\t\t\t<a href=\"https:\/\/haiticlimat.org\/site\/emission-speciale-avec-dorine-jean-paul-sur-la-resilience-environnementale-et-la-gestion-des-risques-et-desastres\/\" class=\"post-title-link\"\n\t\t\t\t\t\t\t\t\t   title=\"\u00c9mission sp\u00e9ciale avec Dorine Jean Paul sur la r\u00e9silience environnementale et la gestion des risques et d\u00e9sastres\">\u00c9mission sp\u00e9ciale avec Dorine Jean Paul sur la r\u00e9silience environnementale et la gestion des risques et d\u00e9sastres<\/a>\n\t\t\t\t\t\t\t\t<\/h2>\n\t\t\t\t\t\t\t<\/div>\n\t\t\t\t\t\t<\/div>\n\t\t\t\t\t<\/div>\n\t\t\t\t<\/div>\n\t\t\n\t\t\t\t<div class=\"item\">\n\t\t\t\t\t<div class=\"kc-list-item-4\">\n\t\t\t\t\t\t<div class=\"kc-post-header\">\n\t\t\t\t\t\t\t\t\t\t\t\t\t\t\t<a href=\"https:\/\/haiticlimat.org\/site\/haiti-climat-emission-6-avec-edouard-carrie-de-ecssa-extrait-part-2\/\">\n\t\t\t\t\t\t\t\t\t<img decoding=\"async\" src=\"https:\/\/haiticlimat.org\/site\/wp-content\/uploads\/2020\/11\/65380810_2823319331075167_7387708589411926016_o-500x500xct.jpg\" alt=\"Haiti Climat emission #6 avec Edouard Carrie de ECSSA (extrait part 2)\">\n\t\t\t\t\t\t\t\t<\/a>\n\t\t\t\t\t\t\t\t\t\t\t\t\t\t<div class=\"meta-title\">\n\t\t\t\t\t\t\t\t\t\t\t\t\t\t\t\t\t<div class=\"post-meta\">\n\t\t\t\t\t\t\t\t\t\t\t\t\t\t\t\t\t\t\t\t\t\t\t\t\t\t\t\t\t\t\t\t\t<a href=\"https:\/\/haiticlimat.org\/site\/category\/mediatheque\/\" rel=\"category tag\">M\u00e9diath\u00e8que<\/a>, <a href=\"https:\/\/haiticlimat.org\/site\/category\/mediatheque\/videos\/\" rel=\"category tag\">Videos<\/a>\t\t\t\t\t\t\t\t\t\t\t\t\t\t\t\t\t\t\t\t\t\t\t\t\t\t\t\t\t\t\t\t\t\t\t\t\t\t\t\t\t\t<a href=\"https:\/\/haiticlimat.org\/site\/2020\/11\/\"\n\t\t\t\t\t\t\t\t\t\t   class=\"date-link\">19.novembre.2020<\/a>\n\t\t\t\t\t\t\t\t\t\t\t\t\t\t\t\t\t\t\t<\/div>\n\t\t\t\t\t\t\t\t\n\t\t\t\t\t\t\t\t<h2 class=\"post-title-alt\">\n\t\t\t\t\t\t\t\t\t<a href=\"https:\/\/haiticlimat.org\/site\/haiti-climat-emission-6-avec-edouard-carrie-de-ecssa-extrait-part-2\/\" class=\"post-title-link\"\n\t\t\t\t\t\t\t\t\t   title=\"Haiti Climat emission #6 avec Edouard Carrie de ECSSA (extrait part 2)\">Haiti Climat emission #6 avec Edouard Carrie de ECSSA (extrait part 2)<\/a>\n\t\t\t\t\t\t\t\t<\/h2>\n\t\t\t\t\t\t\t<\/div>\n\t\t\t\t\t\t<\/div>\n\t\t\t\t\t<\/div>\n\t\t\t\t<\/div>\n\t\t\n\t\t\t\t<div class=\"item\">\n\t\t\t\t\t<div class=\"kc-list-item-4\">\n\t\t\t\t\t\t<div class=\"kc-post-header\">\n\t\t\t\t\t\t\t\t\t\t\t\t\t\t\t<a href=\"https:\/\/haiticlimat.org\/site\/lancement-de-la-saison-ii-de-haiti-climat-sur-les-ondes-de-magik-9-100-9-fm\/\">\n\t\t\t\t\t\t\t\t\t<img decoding=\"async\" src=\"https:\/\/haiticlimat.org\/site\/wp-content\/uploads\/2020\/11\/D6i1gjSWsAACncA-500x500xct.jpg\" alt=\"Lancement de la Saison II de Ha\u00efti Climat Sur les ondes de Magik 9 (100.9 fm)\">\n\t\t\t\t\t\t\t\t<\/a>\n\t\t\t\t\t\t\t\t\t\t\t\t\t\t<div class=\"meta-title\">\n\t\t\t\t\t\t\t\t\t\t\t\t\t\t\t\t\t<div class=\"post-meta\">\n\t\t\t\t\t\t\t\t\t\t\t\t\t\t\t\t\t\t\t\t\t\t\t\t\t\t\t\t\t\t\t\t\t<a href=\"https:\/\/haiticlimat.org\/site\/category\/mediatheque\/podcast\/\" rel=\"category tag\">PodCast<\/a>\t\t\t\t\t\t\t\t\t\t\t\t\t\t\t\t\t\t\t\t\t\t\t\t\t\t\t\t\t\t\t\t\t\t\t\t\t\t\t\t\t\t<a href=\"https:\/\/haiticlimat.org\/site\/2020\/11\/\"\n\t\t\t\t\t\t\t\t\t\t   class=\"date-link\">17.novembre.2020<\/a>\n\t\t\t\t\t\t\t\t\t\t\t\t\t\t\t\t\t\t\t<\/div>\n\t\t\t\t\t\t\t\t\n\t\t\t\t\t\t\t\t<h2 class=\"post-title-alt\">\n\t\t\t\t\t\t\t\t\t<a href=\"https:\/\/haiticlimat.org\/site\/lancement-de-la-saison-ii-de-haiti-climat-sur-les-ondes-de-magik-9-100-9-fm\/\" class=\"post-title-link\"\n\t\t\t\t\t\t\t\t\t   title=\"Lancement de la Saison II de Ha\u00efti Climat Sur les ondes de Magik 9 (100.9 fm)\">Lancement de la Saison II de Ha\u00efti Climat Sur les ondes de Magik 9 (100.9 fm)<\/a>\n\t\t\t\t\t\t\t\t<\/h2>\n\t\t\t\t\t\t\t<\/div>\n\t\t\t\t\t\t<\/div>\n\t\t\t\t\t<\/div>\n\t\t\t\t<\/div>\n\t\t\n\t\n<\/div>\n<\/div><\/div><\/div><\/div><\/section><section class=\"kc-elm kc-css-138820 kc_row\"><div class=\"kc-row-container  kc-container\"><div class=\"kc-wrap-columns\"><div class=\"kc-elm kc-css-772765 kc_col-sm-12 kc_column kc_col-sm-12\"><div class=\"kc-col-container\"><\/div><\/div><\/div><\/div><\/section>\n","protected":false},"excerpt":{"rendered":"","protected":false},"author":2,"featured_media":0,"parent":0,"menu_order":0,"comment_status":"closed","ping_status":"closed","template":"tpl-king_composer.php","meta":{"jetpack_post_was_ever_published":false,"footnotes":""},"class_list":["post-630","page","type-page","status-publish","hentry"],"jetpack_likes_enabled":false,"jetpack_sharing_enabled":false,"_links":{"self":[{"href":"https:\/\/haiticlimat.org\/site\/wp-json\/wp\/v2\/pages\/630","targetHints":{"allow":["GET"]}}],"collection":[{"href":"https:\/\/haiticlimat.org\/site\/wp-json\/wp\/v2\/pages"}],"about":[{"href":"https:\/\/haiticlimat.org\/site\/wp-json\/wp\/v2\/types\/page"}],"author":[{"embeddable":true,"href":"https:\/\/haiticlimat.org\/site\/wp-json\/wp\/v2\/users\/2"}],"replies":[{"embeddable":true,"href":"https:\/\/haiticlimat.org\/site\/wp-json\/wp\/v2\/comments?post=630"}],"version-history":[{"count":8,"href":"https:\/\/haiticlimat.org\/site\/wp-json\/wp\/v2\/pages\/630\/revisions"}],"predecessor-version":[{"id":1247,"href":"https:\/\/haiticlimat.org\/site\/wp-json\/wp\/v2\/pages\/630\/revisions\/1247"}],"wp:attachment":[{"href":"https:\/\/haiticlimat.org\/site\/wp-json\/wp\/v2\/media?parent=630"}],"curies":[{"name":"wp","href":"https:\/\/api.w.org\/{rel}","templated":true}]}}