{"id":535,"date":"2020-10-18T22:23:36","date_gmt":"2020-10-18T20:23:36","guid":{"rendered":"https:\/\/haiticlimat.org\/site\/?page_id=535"},"modified":"2020-11-20T06:29:39","modified_gmt":"2020-11-20T05:29:39","slug":"a-propos","status":"publish","type":"page","link":"https:\/\/haiticlimat.org\/site\/a-propos\/","title":{"rendered":"A propos"},"content":{"rendered":"<section class=\"kc-elm kc-css-863559 kc_row\"><div class=\"kc-row-container  kc-container\"><div class=\"kc-wrap-columns\"><div class=\"kc-elm kc-css-613132 kc_col-sm-12 kc_column kc_col-sm-12\"><div class=\"kc-col-container\"><!--About Section-->\r\n<section class=\"about-section\">\r\n    <div class=\"auto-container\">\r\n        <div class=\"row clearfix\">\r\n        \r\n            <!--Content Column-->\r\n            <div class=\"content-column col-md-6 col-sm-6 col-xs-12\">\r\n                <div class=\"inner-box\">\r\n                    <!--About Title-->\r\n                    <div class=\"about-title\">\r\n                        <h3><p>- <span class=\"theme_color\">ACLEDD<\/span> -<\/p>\r\n<\/h3>\r\n                        <h2>Pourquoi ACLEDD ?<\/h2>\r\n                    <\/div>\r\n                    <div class=\"text\">Cr\u00e9\u00e9e en 2016, l\u2019association Action pour le Climat l\u2019Environnement et le D\u00e9veloppement Durable,_ACLEDD est une association \u00e0 but non lucratif, regroupant tout type de professionnels, ha\u00eftiens et \u00e9trangers, qui s\u2019engagent \u00e0 r\u00e9pondre aux d\u00e9fis de la protection de l\u2019environnement, des changements climatiques et du d\u00e9veloppement durable.\r\nNotre but est d\u2019informer et de sensibiliser en permanence, l\u2019ensemble de la population et des d\u00e9cideurs politiques notamment, sur les impacts n\u00e9gatifs de ces ph\u00e9nom\u00e8nes  sur le d\u00e9veloppement socio-\u00e9conomique et durable  du pays. Les secteurs d\u2019intervention de ACLEDD se r\u00e9f\u00e9rent notamment \u00e0 :<br \/>\r\n<br \/>\u2022\tLa protection de l\u2019environnement et la gestion des risques et d\u00e9sastres\r\n<br \/>\u2022\tLa lutte contre le r\u00e9chauffement climatique \r\n<br \/>\u2022\tLa promotion des \u00e9nergies renouvelables\r\n<br \/>\u2022\tLe d\u00e9veloppement durable<\/div>\r\n                    <a href=\"\/site\/contactez-nous\/\" class=\"theme-btn btn-style-two\">Contactez-nous<\/a>\r\n                <\/div>\r\n            <\/div>\r\n            \r\n            <!--Image Column-->\r\n            <div class=\"image-column col-md-6 col-sm-6 col-xs-12\">\r\n                <div class=\"image wow fadeInRight\" data-wow-delay=\"0ms\" data-wow-duration=\"1500ms\">\r\n                    <img decoding=\"async\" src=\"https:\/\/haiticlimat.org\/site\/wp-content\/uploads\/2020\/11\/97461164_3846849848722105_3857988127779979264_o.jpg\" alt=\"Awesome Image\" \/>\r\n                <\/div>\r\n            <\/div>\r\n            \r\n        <\/div>\r\n    <\/div>\r\n<\/section>\r\n<!--End About Section-->   <\/div><\/div><\/div><\/div><\/section><section class=\"kc-elm kc-css-673019 kc_row\"><div class=\"kc-row-container\"><div class=\"kc-wrap-columns\"><div class=\"kc-elm kc-css-513806 kc_col-sm-6 kc_column kc_col-sm-6\"><div class=\"kc-col-container\"><div class=\"kc-elm kc-css-605105 kc_accordion_wrapper\">\n<div class=\"kc-elm kc-css-441472 kc_accordion_section group \"><h3 class=\"kc_accordion_header ui-accordion-header\"><span class=\"ui-accordion-header-icon ui-icon\"><\/span><a href=\"#vision\" data-prevent=\"scroll\"><i class=\"\"><\/i> Vision<\/a><\/h3><div class=\"kc_accordion_content ui-accordion-content kc_clearfix\"><div class=\"kc-panel-body\"><div class=\"kc-elm kc-css-644955 kc_text_block\"><div style=\"text-align: justify;\">Utiliser les m\u00e9dias traditionnels et num\u00e9riques de masse, pour faire la promotion et le partage de connaissances, d\u2019exp\u00e9riences et de pratiques innovantes, susceptibles d\u2019aider l\u2019ensemble de la population ha\u00eftienne et des d\u00e9cideurs politiques, \u00e0 lutter efficacement contre la d\u00e9gradation environnementale, et le r\u00e9chauffement climatique, ainsi qu\u2019\u00e0 favoriser le d\u00e9veloppement des \u00e9nergies renouvelables.<\/div>\n<\/div><\/div><\/div><\/div><\/div>\n<\/div><\/div><div class=\"kc-elm kc-css-994467 kc_col-sm-6 kc_column kc_col-sm-6\"><div class=\"kc-col-container\"><div class=\"kc-elm kc-css-427590 kc_accordion_wrapper\">\n<div class=\"kc-elm kc-css-261580 kc_accordion_section group \"><h3 class=\"kc_accordion_header ui-accordion-header\"><span class=\"ui-accordion-header-icon ui-icon\"><\/span><a href=\"#mission\" data-prevent=\"scroll\"><i class=\"\"><\/i> Mission<\/a><\/h3><div class=\"kc_accordion_content ui-accordion-content kc_clearfix\"><div class=\"kc-panel-body\"><div class=\"kc-elm kc-css-510413 kc_text_block\"><div style=\"text-align: justify;\">La mission de ACLEDD passe par le renforcement de capacit\u00e9s des associations, et des institutions locales sensibles \u00e0 la cause environnementale, le d\u00e9veloppement et la formation continue de r\u00e9seaux de journalistes \u00e0 travers le pays, pour la production de contenus audio-visuels, afin de sensibiliser la population ha\u00eftienne en g\u00e9n\u00e9ral sur la n\u00e9cessit\u00e9 de changer le paradigme environnemental.<\/div>\n<\/div><\/div><\/div><\/div><\/div>\n<\/div><\/div><\/div><\/div><\/section><section class=\"kc-elm kc-css-332199 kc_row\"><div class=\"kc-row-container  kc-container\"><div class=\"kc-wrap-columns\"><div class=\"kc-elm kc-css-353255 kc_col-sm-12 kc_column kc_col-sm-12\"><div class=\"kc-col-container\"><!--About Section-->\r\n<section class=\"about-section\">\r\n    <div class=\"auto-container\">\r\n        <div class=\"row clearfix\">\r\n        \r\n            <!--Content Column-->\r\n            <div class=\"content-column col-md-6 col-sm-6 col-xs-12\">\r\n                <div class=\"inner-box\">\r\n                    <!--About Title-->\r\n                    <div class=\"about-title\">\r\n                        <h3><p>- <span id=\"Haiti_Climat\" class=\"theme_color\">Ha\u00efti Climat<\/span> -<\/p>\r\n<\/h3>\r\n                        <h2>C\u2019est quoi \u00ab Ha\u00efti Climat ? \u00bb<\/h2>\r\n                    <\/div>\r\n                    <div class=\"text\"><div style=\"text-align:justify\">\u00ab Ha\u00efti Climat \u00bb est la premi\u00e8re plateforme multim\u00e9dia ha\u00eftienne sp\u00e9cialis\u00e9e dans le traitement et la production de contenus sur les th\u00e8mes li\u00e9s \u00e0 l\u2019environnement, aux effets du changement climatique et au d\u00e9veloppement des \u00e9nergies renouvelables, dans le but de favoriser une meilleure compr\u00e9hension de leur impact sur l\u2019\u00e9conomie et le d\u00e9veloppement du pays.\r\n<br \/>\r\n<br \/>La Plateforme Ha\u00efti Climat est la mat\u00e9rialisation de notre volont\u00e9 de cr\u00e9er et de d\u00e9velopper une presse sp\u00e9cialis\u00e9e en environnement en Ha\u00efti \r\nElle se compose \r\n<br \/> &gt; d\u2019un siteweb ;\r\n<br \/> &gt; d\u2019une rubrique sp\u00e9ciale hebdomadaire dans le quotidien \u00ab Le Nouvelliste \u00bb ;\r\n<br \/> &gt; d\u2019une \u00e9mission hebdomadaire sur Magik 9 (100.9 fm) ;\r\n<br \/> &gt; d\u2019un magazine sp\u00e9cial \u00ab Urgence Magazine \u00bb, distribu\u00e9 dans les \u00e9coles et les universit\u00e9s ;\r\n<br \/> &gt; d\u2019un r\u00e9seau de journalistes et de m\u00e9dias affili\u00e9s r\u00e9partis \u00e0 travers le pays.\r\n<br \/>\r\n<br \/>A travers la plateforme \u00ab Haiti Climat \u00bb, ACLEDD se dote d\u2019un outil vital, pour assurer une veille environnementale quotidienne, informer en permanence la population, tout en continuant \u00e0 consolider et \u00e0 agrandir le r\u00e9seau de journalistes et de m\u00e9dias sensibles aux th\u00e9matiques environnementales. \r\n<br \/><br \/>\r\n\u00ab Ha\u00efti Climat \u00bb propose un ensemble de reportages audio-visuels, de documentaires, de portraits, d\u2019articles, de bulletins d\u2019informations entre autres, dans le but de promouvoir les bonnes pratiques environnementales qui sont r\u00e9alis\u00e9es tant aux niveaux national, r\u00e9gional qu\u2019international ; ainsi que d\u2019offrir une vitrine pour mettre en valeur les acteurs mod\u00e8les du secteur.\r\n<\/div><\/div>\r\n                    <a href=\"\" class=\"theme-btn btn-style-two\"><\/a>\r\n                <\/div>\r\n            <\/div>\r\n            \r\n            <!--Image Column-->\r\n            <div class=\"image-column col-md-6 col-sm-6 col-xs-12\">\r\n                <div class=\"image wow fadeInRight\" data-wow-delay=\"0ms\" data-wow-duration=\"1500ms\">\r\n                    <img decoding=\"async\" src=\"https:\/\/haiticlimat.org\/site\/wp-content\/uploads\/2020\/10\/banner6-1.jpeg\" alt=\"Awesome Image\" \/>\r\n                <\/div>\r\n            <\/div>\r\n            \r\n        <\/div>\r\n    <\/div>\r\n<\/section>\r\n<!--End About Section-->   <\/div><\/div><\/div><\/div><\/section><section class=\"kc-elm kc-css-685171 kc_row\"><div class=\"kc-row-container  kc-container\"><div class=\"kc-wrap-columns\"><div class=\"kc-elm kc-css-545778 kc_col-sm-12 kc-animated kc-animate-eff-fadeInLeft kc_column kc_col-sm-12\"><div class=\"kc-col-container\"><div class=\"kc-elm kc-css-344165 kc_text_block\"><div style=\"color: #444444; font-size: 32px; font-weight: bold; padding-bottom: 7px; text-transform: uppercase; text-align: center;\">LE STAFF<\/div>\n<\/div>\n<div class=\"kc-elm kc-css-332052 kc-blog-posts kc-blog-posts-3 kc-blog-grid kc_blog_masonry kc-image-align-both\">\n\t\n\t\t\n\t\t\t\t<div class=\"post-grid grid-3\">\n\t\t\t\t\t<div class=\"kc-list-item-3\">\n\t\t\t\t\t\t\t\t\t\t\t\t\t<a href=\"https:\/\/haiticlimat.org\/site\/quand-james-stanley-pierre-se-laisse-guider-par-sa-passion\/\" class=\"entry-thumb-link\">\n\t\t\t\t\t\t\t\t<div class=\"entry-thumb-wrapper\">\n\t\t\t\t\t\t\t\t\t<img decoding=\"async\" src=\"https:\/\/haiticlimat.org\/site\/wp-content\/uploads\/2024\/01\/james.png\"\n\t\t\t\t\t\t\t\t\t     alt=\"Quand James Stanley Pierre se laisse guider par sa passion\"\/>\n\t\t\t\t\t\t\t\t\t<div class=\"entry-thumb-overlay\"><\/div>\n\t\t\t\t\t\t\t\t<\/div>\n\t\t\t\t\t\t\t<\/a>\n\t\t\t\t\t\t\t\t\t\t\t\t<div class=\"content\">\n\t\t\t\t\t\t\t<h2 class=\"post-title-alt\"><a\n\t\t\t\t\t\t\t\thref=\"https:\/\/haiticlimat.org\/site\/quand-james-stanley-pierre-se-laisse-guider-par-sa-passion\/\">Quand James Stanley Pierre se laisse guider par sa passion<\/a>\n\t\t\t\t\t\t\t<\/h2>\n\t\t\t\t\t\t\t\t\t\t\t\t\t\t\t\t\t\t\t\t\t\t<div class=\"entry-excerpt\">\n\t\t\t\t\t\t\t\t\t<p>Ce portrait est r\u00e9alis\u00e9 dans le cadre du cours sur la r\u00e9silience c\u00f4ti\u00e8re organis\u00e9 conjointement par Ha\u00efti Climat et Studio\u2026<\/p>\n\t\t\t\t\t\t\t\t<\/div>\n\t\t\t\t\t\t\t\t\t\t\t\t\t<\/div>\n\t\t\t\t\t<\/div>\n\t\t\t\t<\/div>\n\n\t\t\t\t\n\t\t\t\t<div class=\"post-grid grid-3\">\n\t\t\t\t\t<div class=\"kc-list-item-3\">\n\t\t\t\t\t\t\t\t\t\t\t\t\t<a href=\"https:\/\/haiticlimat.org\/site\/cours-sur-la-resilience-cotiere-une-experience-enrichissante-pour-kyarha-ephyse-dagour\/\" class=\"entry-thumb-link\">\n\t\t\t\t\t\t\t\t<div class=\"entry-thumb-wrapper\">\n\t\t\t\t\t\t\t\t\t<img decoding=\"async\" src=\"https:\/\/haiticlimat.org\/site\/wp-content\/uploads\/2024\/01\/Kysha.png\"\n\t\t\t\t\t\t\t\t\t     alt=\"Cours sur la r\u00e9silience c\u00f4ti\u00e8re : une exp\u00e9rience enrichissante pour Kyarha Ephyse DAGOUR\"\/>\n\t\t\t\t\t\t\t\t\t<div class=\"entry-thumb-overlay\"><\/div>\n\t\t\t\t\t\t\t\t<\/div>\n\t\t\t\t\t\t\t<\/a>\n\t\t\t\t\t\t\t\t\t\t\t\t<div class=\"content\">\n\t\t\t\t\t\t\t<h2 class=\"post-title-alt\"><a\n\t\t\t\t\t\t\t\thref=\"https:\/\/haiticlimat.org\/site\/cours-sur-la-resilience-cotiere-une-experience-enrichissante-pour-kyarha-ephyse-dagour\/\">Cours sur la r\u00e9silience c\u00f4ti\u00e8re : une exp\u00e9rience enrichissante pour Kyarha Ephyse DAGOUR<\/a>\n\t\t\t\t\t\t\t<\/h2>\n\t\t\t\t\t\t\t\t\t\t\t\t\t\t\t\t\t\t\t\t\t\t<div class=\"entry-excerpt\">\n\t\t\t\t\t\t\t\t\t<p>Ce portrait est r\u00e9alis\u00e9 dans le cadre du cours sur la r\u00e9silience c\u00f4ti\u00e8re organis\u00e9 conjointement par Ha\u00efti Climat et Studio\u2026<\/p>\n\t\t\t\t\t\t\t\t<\/div>\n\t\t\t\t\t\t\t\t\t\t\t\t\t<\/div>\n\t\t\t\t\t<\/div>\n\t\t\t\t<\/div>\n\n\t\t\t\t\n\t\t\t\t<div class=\"post-grid grid-3\">\n\t\t\t\t\t<div class=\"kc-list-item-3\">\n\t\t\t\t\t\t\t\t\t\t\t\t\t<a href=\"https:\/\/haiticlimat.org\/site\/jordany-junior-verdieu-le-journalisme-comme-engagement\/\" class=\"entry-thumb-link\">\n\t\t\t\t\t\t\t\t<div class=\"entry-thumb-wrapper\">\n\t\t\t\t\t\t\t\t\t<img decoding=\"async\" src=\"https:\/\/haiticlimat.org\/site\/wp-content\/uploads\/2024\/01\/Verdieu.png\"\n\t\t\t\t\t\t\t\t\t     alt=\"Jordany Junior Verdieu, le journalisme comme engagement\"\/>\n\t\t\t\t\t\t\t\t\t<div class=\"entry-thumb-overlay\"><\/div>\n\t\t\t\t\t\t\t\t<\/div>\n\t\t\t\t\t\t\t<\/a>\n\t\t\t\t\t\t\t\t\t\t\t\t<div class=\"content\">\n\t\t\t\t\t\t\t<h2 class=\"post-title-alt\"><a\n\t\t\t\t\t\t\t\thref=\"https:\/\/haiticlimat.org\/site\/jordany-junior-verdieu-le-journalisme-comme-engagement\/\">Jordany Junior Verdieu, le journalisme comme engagement<\/a>\n\t\t\t\t\t\t\t<\/h2>\n\t\t\t\t\t\t\t\t\t\t\t\t\t\t\t\t\t\t\t\t\t\t<div class=\"entry-excerpt\">\n\t\t\t\t\t\t\t\t\t<p>Ce portrait est r\u00e9alis\u00e9 dans le cadre du cours sur la r\u00e9silience c\u00f4ti\u00e8re organis\u00e9 conjointement par Ha\u00efti Climat et Studio\u2026<\/p>\n\t\t\t\t\t\t\t\t<\/div>\n\t\t\t\t\t\t\t\t\t\t\t\t\t<\/div>\n\t\t\t\t\t<\/div>\n\t\t\t\t<\/div>\n\n\t\t\t\t\n\t\n<\/div>\n<\/div><\/div><\/div><\/div><\/section>\n","protected":false},"excerpt":{"rendered":"","protected":false},"author":2,"featured_media":0,"parent":0,"menu_order":0,"comment_status":"closed","ping_status":"closed","template":"tpl-king_composer.php","meta":{"jetpack_post_was_ever_published":false,"footnotes":""},"class_list":["post-535","page","type-page","status-publish","hentry"],"jetpack_likes_enabled":false,"jetpack_sharing_enabled":false,"_links":{"self":[{"href":"https:\/\/haiticlimat.org\/site\/wp-json\/wp\/v2\/pages\/535","targetHints":{"allow":["GET"]}}],"collection":[{"href":"https:\/\/haiticlimat.org\/site\/wp-json\/wp\/v2\/pages"}],"about":[{"href":"https:\/\/haiticlimat.org\/site\/wp-json\/wp\/v2\/types\/page"}],"author":[{"embeddable":true,"href":"https:\/\/haiticlimat.org\/site\/wp-json\/wp\/v2\/users\/2"}],"replies":[{"embeddable":true,"href":"https:\/\/haiticlimat.org\/site\/wp-json\/wp\/v2\/comments?post=535"}],"version-history":[{"count":51,"href":"https:\/\/haiticlimat.org\/site\/wp-json\/wp\/v2\/pages\/535\/revisions"}],"predecessor-version":[{"id":981,"href":"https:\/\/haiticlimat.org\/site\/wp-json\/wp\/v2\/pages\/535\/revisions\/981"}],"wp:attachment":[{"href":"https:\/\/haiticlimat.org\/site\/wp-json\/wp\/v2\/media?parent=535"}],"curies":[{"name":"wp","href":"https:\/\/api.w.org\/{rel}","templated":true}]}}