{"id":245,"date":"2017-03-28T07:34:18","date_gmt":"2017-03-28T05:34:18","guid":{"rendered":"http:\/\/wp1.themexlab.com\/newwp\/podgorica\/?page_id=245"},"modified":"2020-11-15T22:30:09","modified_gmt":"2020-11-15T21:30:09","slug":"contactez-nous","status":"publish","type":"page","link":"https:\/\/haiticlimat.org\/site\/contactez-nous\/","title":{"rendered":"Contactez-nous"},"content":{"rendered":"<section class=\"kc-elm kc-css-329668 kc_row\"><div class=\"kc-row-container\"><div class=\"kc-wrap-columns\"><div class=\"kc-elm kc-css-224121 kc_col-sm-12 kc_column kc_col-sm-12\"><div class=\"kc-col-container\"><!--Contact Form Section-->\n<section class=\"contact-form-section\">\n    <div class=\"auto-container\">\n        <div class=\"row clearfix\">\n        \n            <div class=\"column col-md-7 col-sm-12 col-xs-12\">\n                <h2>ENVOYEZ-NOUS UN MESSAGE<\/h2>\n                <!-- Contact Form -->\n                <div class=\"contact-form\">\n                \t\n<div class=\"wpcf7 no-js\" id=\"wpcf7-f5-o1\" lang=\"fr-FR\" dir=\"ltr\" data-wpcf7-id=\"5\">\n<div class=\"screen-reader-response\"><p role=\"status\" aria-live=\"polite\" aria-atomic=\"true\"><\/p> <ul><\/ul><\/div>\n<form action=\"\/site\/wp-json\/wp\/v2\/pages\/245#wpcf7-f5-o1\" method=\"post\" class=\"wpcf7-form init\" aria-label=\"Formulaire de contact\" novalidate=\"novalidate\" data-status=\"init\">\n<div style=\"display: none;\">\n<input type=\"hidden\" name=\"_wpcf7\" value=\"5\" \/>\n<input type=\"hidden\" name=\"_wpcf7_version\" value=\"6.0.6\" \/>\n<input type=\"hidden\" name=\"_wpcf7_locale\" value=\"fr_FR\" \/>\n<input type=\"hidden\" name=\"_wpcf7_unit_tag\" value=\"wpcf7-f5-o1\" \/>\n<input type=\"hidden\" name=\"_wpcf7_container_post\" value=\"0\" \/>\n<input type=\"hidden\" name=\"_wpcf7_posted_data_hash\" value=\"\" \/>\n<\/div>\n<div class=\"row clearfix\">\n\t<div class=\"col-md-6 col-sm-6 col-xs-12 form-group\">\n\t\t<div class=\"field-label\">\n\t\t\t<p>Votre nom <span class=\"required-tag\">*<\/span>\n\t\t\t<\/p>\n\t\t<\/div>\n\t\t<p><span class=\"wpcf7-form-control-wrap\" data-name=\"your-name\"><input size=\"40\" maxlength=\"400\" class=\"wpcf7-form-control wpcf7-text wpcf7-validates-as-required\" aria-required=\"true\" aria-invalid=\"false\" value=\"\" type=\"text\" name=\"your-name\" \/><\/span>\n\t\t<\/p>\n\t<\/div>\n\t<div class=\"col-md-6 col-sm-6 col-xs-12 form-group\">\n\t\t<div class=\"field-label\">\n\t\t\t<p>Email <span class=\"required-tag\">*<\/span>\n\t\t\t<\/p>\n\t\t<\/div>\n\t\t<p><span class=\"wpcf7-form-control-wrap\" data-name=\"your-email\"><input size=\"40\" maxlength=\"400\" class=\"wpcf7-form-control wpcf7-email wpcf7-validates-as-required wpcf7-text wpcf7-validates-as-email\" aria-required=\"true\" aria-invalid=\"false\" value=\"\" type=\"email\" name=\"your-email\" \/><\/span>\n\t\t<\/p>\n\t<\/div>\n\t<div class=\"col-md-6 col-sm-6 col-xs-12 form-group\">\n\t\t<div class=\"field-label\">\n\t\t\t<p>T\u00e9l\u00e9phone\n\t\t\t<\/p>\n\t\t<\/div>\n\t\t<p><span class=\"wpcf7-form-control-wrap\" data-name=\"your-tel\"><input size=\"40\" maxlength=\"400\" class=\"wpcf7-form-control wpcf7-tel wpcf7-text wpcf7-validates-as-tel\" aria-invalid=\"false\" value=\"\" type=\"tel\" name=\"your-tel\" \/><\/span>\n\t\t<\/p>\n\t<\/div>\n\t<div class=\"col-md-6 col-sm-6 col-xs-12 form-group\">\n\t\t<div class=\"field-label\">\n\t\t\t<p>Sujet\n\t\t\t<\/p>\n\t\t<\/div>\n\t\t<p><span class=\"wpcf7-form-control-wrap\" data-name=\"your-subject\"><input size=\"40\" maxlength=\"400\" class=\"wpcf7-form-control wpcf7-text\" aria-invalid=\"false\" value=\"\" type=\"text\" name=\"your-subject\" \/><\/span>\n\t\t<\/p>\n\t<\/div>\n\t<div class=\"col-lg-12 col-md-12 col-sm-12 col-xs-12 form-group\">\n\t\t<div class=\"field-label\">\n\t\t\t<p>Message <span class=\"required-tag\">*<\/span>\n\t\t\t<\/p>\n\t\t<\/div>\n\t\t<p><span class=\"wpcf7-form-control-wrap\" data-name=\"your-message\"><textarea cols=\"40\" rows=\"10\" maxlength=\"2000\" class=\"wpcf7-form-control wpcf7-textarea\" aria-invalid=\"false\" name=\"your-message\"><\/textarea><\/span>\n\t\t<\/p>\n\t<\/div>\n\t<div class=\"col-lg-12 col-md-12 col-sm-12 col-xs-12 form-group\">\n\t\t<p><input class=\"wpcf7-form-control wpcf7-submit has-spinner theme-btn btn-style-two\" type=\"submit\" value=\"Envoyer\" \/>\n\t\t<\/p>\n\t<\/div>\n<\/div><div class=\"wpcf7-response-output\" aria-hidden=\"true\"><\/div>\n<\/form>\n<\/div>\n  \n                <\/div>\n                <!--End Comment Form --> \n            <\/div>\n            \n            <div class=\"column col-md-5 col-sm-12 col-xs-12\">\n                <h2>ENTRER EN CONTACT<\/h2>\n                <div class=\"text\">Fond\u00e9 en 2018 et promu par ACLEDD, \u00ab Ha\u00efti Climat \u00bb est le nom du projet de cr\u00e9ation d\u2019une presse sp\u00e9cialis\u00e9e en environnement et sur les changements climatiques en Ha\u00efti.<\/div>\n                \n                <!--Contact Info Detail-->\n                <ul class=\"contact-info-detail\">\n                    <li><div class=\"icon\"><span class=\"flaticon-pin\"><\/span><\/div><h4>Adresse<\/h4>Delmas 33<\/li>\n                    <li><div class=\"icon\"><span class=\"flaticon-interface\"><\/span><\/div><h4>Email<\/h4>info@haiticlimat.org<\/li>\n                    <li><div class=\"icon\"><span class=\"flaticon-technology-1\"><\/span><\/div><h4>T\u00e9l\u00e9phone<\/h4>+509 3643-2097 \/ +509 3935-2099<\/li>\n                <\/ul>\n                \n            <\/div>\n            \n        <\/div>\n    <\/div>\n    \n    <!--Big Logo-->\n    <div class=\"big-logo\">\n        <img decoding=\"async\" src=\"https:\/\/haiticlimat.org\/site\/wp-content\/uploads\/2020\/10\/Logo_Haiti_Climat_3-300x300.png\" alt=\"Awesome Image\" \/>\n    <\/div>\n<\/section>\n   <\/div><\/div><\/div><\/div><\/section><section class=\"kc-elm kc-css-516407 kc_row\"><div class=\"kc-row-container\"><div class=\"kc-wrap-columns\"><div class=\"kc-elm kc-css-61874 kc_col-sm-12 kc_column kc_col-sm-12\"><div class=\"kc-col-container\"><!--Map Section-->\n<section class=\"map-section\">\n    <div class=\"map-outer\">\n\n        <!--Map Canvas-->\n        <div class=\"map-canvas\"\n            data-zoom=\"12\"\n            data-lat=\"-37.817085\"\n            data-lng=\"144.955631\"\n            data-type=\"roadmap\"\n            data-hue=\"#ffc400\"\n            data-title=\"Envato\"\n            data-content=\"Melbourne VIC 3000, Australia<br><a href='mailto:info@youremail.com'>info@youremail.com<\/a>\">\n        <\/div>\n\n    <\/div>\n<\/section>\n<!--End Map Section-->\t<\/div><\/div><\/div><\/div><\/section>\n","protected":false},"excerpt":{"rendered":"","protected":false},"author":2,"featured_media":0,"parent":0,"menu_order":0,"comment_status":"closed","ping_status":"closed","template":"tpl-king_composer.php","meta":{"jetpack_post_was_ever_published":false,"footnotes":""},"class_list":["post-245","page","type-page","status-publish","hentry"],"jetpack_likes_enabled":false,"jetpack_sharing_enabled":false,"_links":{"self":[{"href":"https:\/\/haiticlimat.org\/site\/wp-json\/wp\/v2\/pages\/245","targetHints":{"allow":["GET"]}}],"collection":[{"href":"https:\/\/haiticlimat.org\/site\/wp-json\/wp\/v2\/pages"}],"about":[{"href":"https:\/\/haiticlimat.org\/site\/wp-json\/wp\/v2\/types\/page"}],"author":[{"embeddable":true,"href":"https:\/\/haiticlimat.org\/site\/wp-json\/wp\/v2\/users\/2"}],"replies":[{"embeddable":true,"href":"https:\/\/haiticlimat.org\/site\/wp-json\/wp\/v2\/comments?post=245"}],"version-history":[{"count":8,"href":"https:\/\/haiticlimat.org\/site\/wp-json\/wp\/v2\/pages\/245\/revisions"}],"predecessor-version":[{"id":755,"href":"https:\/\/haiticlimat.org\/site\/wp-json\/wp\/v2\/pages\/245\/revisions\/755"}],"wp:attachment":[{"href":"https:\/\/haiticlimat.org\/site\/wp-json\/wp\/v2\/media?parent=245"}],"curies":[{"name":"wp","href":"https:\/\/api.w.org\/{rel}","templated":true}]}}