{"id":1276,"date":"2020-12-13T20:52:56","date_gmt":"2020-12-13T19:52:56","guid":{"rendered":"https:\/\/haiticlimat.org\/site\/?page_id=1276"},"modified":"2021-09-02T00:42:32","modified_gmt":"2021-09-01T22:42:32","slug":"photos","status":"publish","type":"page","link":"https:\/\/haiticlimat.org\/site\/photos\/","title":{"rendered":"Photos"},"content":{"rendered":"<section class=\"kc-elm kc-css-510126 kc_row\"><div class=\"kc-row-container  kc-container\"><div class=\"kc-wrap-columns\"><div class=\"kc-elm kc-css-756366 kc_col-sm-12 kc_column kc_col-sm-12\"><div class=\"kc-col-container\"><div class=\"kc-image-gallery kc-elm kc-css-882844\"><h3 class=\"kc-title image-gallery-title\">ALBUM Haiti Climat @COP 25 Madrid<\/h3>\n<div class=\"kc_image_gallery kc-carousel-image kc-grid \">\n<div class=\"item-grid grid-3\"><img decoding=\"async\" src=\"https:\/\/haiticlimat.org\/site\/wp-content\/uploads\/2021\/09\/Screenshot-2021-09-01-173649.jpg\" alt=\"\"\/><\/div><div class=\"item-grid grid-3\"><img decoding=\"async\" src=\"https:\/\/haiticlimat.org\/site\/wp-content\/uploads\/2021\/09\/79354346_3343813169025778_5623990366777638912_n.jpg\" alt=\"\"\/><\/div><div class=\"item-grid grid-3\"><img decoding=\"async\" src=\"https:\/\/haiticlimat.org\/site\/wp-content\/uploads\/2021\/09\/Haiti-Climat-COP-25-16.jpg\" alt=\"\"\/><\/div><div class=\"item-grid grid-3\"><img decoding=\"async\" src=\"https:\/\/haiticlimat.org\/site\/wp-content\/uploads\/2021\/09\/Haiti-Climat-COP-25-3.jpg\" alt=\"\"\/><\/div><div class=\"item-grid grid-3\"><img decoding=\"async\" src=\"https:\/\/haiticlimat.org\/site\/wp-content\/uploads\/2021\/09\/Haiti-Climat-COP-25-6.jpg\" alt=\"\"\/><\/div><div class=\"item-grid grid-3\"><img decoding=\"async\" src=\"https:\/\/haiticlimat.org\/site\/wp-content\/uploads\/2021\/09\/Haiti-Climat-COP-25-1.jpg\" alt=\"\"\/><\/div><\/div>\n<\/div><div class=\"kc-image-gallery kc-elm kc-css-202170\"><h3 class=\"kc-title image-gallery-title\">ALBUM Haiti Climat @COP 25 Madrid<\/h3>\n<div class=\"kc_image_gallery kc-carousel-image kc-grid \">\n<div class=\"item-grid grid-3\"><img decoding=\"async\" src=\"https:\/\/haiticlimat.org\/site\/wp-content\/uploads\/2021\/09\/80007468_3343755752364853_1862790383574974464_n-1.jpg\" alt=\"\"\/><\/div><div class=\"item-grid grid-3\"><img decoding=\"async\" src=\"https:\/\/haiticlimat.org\/site\/wp-content\/uploads\/2021\/09\/79482986_3343865642353864_7041548592019931136_n.jpg\" alt=\"\"\/><\/div><div class=\"item-grid grid-3\"><img decoding=\"async\" src=\"https:\/\/haiticlimat.org\/site\/wp-content\/uploads\/2021\/09\/79959001_3343782452362183_1355659478694887424_n-1.jpg\" alt=\"\"\/><\/div><div class=\"item-grid grid-3\"><img decoding=\"async\" src=\"https:\/\/haiticlimat.org\/site\/wp-content\/uploads\/2021\/09\/79382422_3343834175690344_8711999933374267392_n.jpg\" alt=\"\"\/><\/div><div class=\"item-grid grid-3\"><img decoding=\"async\" src=\"https:\/\/haiticlimat.org\/site\/wp-content\/uploads\/2021\/09\/80009211_3343837222356706_2521100855919247360_n.jpg\" alt=\"\"\/><\/div><\/div>\n<\/div><div class=\"kc-elm kc-css-999350 kc_text_block\"><p>\nALBUM Haiti Climat @COP 25 Madrid<\/p>\n<p>La premi\u00e8re plateforme multim\u00e9dia ha\u00eftienne uniquement d\u00e9di\u00e9e \u00e0 l\u2019environnement et au changement climatique, HA\u00cfTI CLIMAT, a particip\u00e9 \u00e0 la 25e Conf\u00e9rence des parties des Nations unies sur les changements climatiques (COP25) qui s\u2019est tenue \u00e0 Madrid du 2 au 13 d\u00e9cembre 2019.<\/p>\n<p>A travers notre site internet\u00a0<a href=\"http:\/\/www.haiticlimat.com\/?fbclid=IwAR2Xjipm1PXBCj9AreIgePPiYjm96HbugatLlq0AdbUZ58zgm4j9yKw2dWc\" target=\"_blank\" rel=\"noreferrer noopener\">www.haiticlimat.com<\/a>, ainsi que sur nos comptes Facebook et Twitter, nous vous avons permis de suivre les principales activit\u00e9s de la COP25.<\/p>\n<p>Retour en images sur les faits saillants de la COP 25. La suite sur Facebook:\u00a0https:\/\/web.facebook.com\/media\/set\/?vanity=haiticlimat&#038;set=a.3343692992371129<\/p>\n<\/div><\/div><\/div><\/div><\/div><\/section>\n","protected":false},"excerpt":{"rendered":"","protected":false},"author":1,"featured_media":2022,"parent":0,"menu_order":0,"comment_status":"closed","ping_status":"closed","template":"","meta":{"jetpack_post_was_ever_published":false,"footnotes":""},"class_list":["post-1276","page","type-page","status-publish","has-post-thumbnail","hentry"],"jetpack_likes_enabled":false,"jetpack_sharing_enabled":false,"_links":{"self":[{"href":"https:\/\/haiticlimat.org\/site\/wp-json\/wp\/v2\/pages\/1276","targetHints":{"allow":["GET"]}}],"collection":[{"href":"https:\/\/haiticlimat.org\/site\/wp-json\/wp\/v2\/pages"}],"about":[{"href":"https:\/\/haiticlimat.org\/site\/wp-json\/wp\/v2\/types\/page"}],"author":[{"embeddable":true,"href":"https:\/\/haiticlimat.org\/site\/wp-json\/wp\/v2\/users\/1"}],"replies":[{"embeddable":true,"href":"https:\/\/haiticlimat.org\/site\/wp-json\/wp\/v2\/comments?post=1276"}],"version-history":[{"count":12,"href":"https:\/\/haiticlimat.org\/site\/wp-json\/wp\/v2\/pages\/1276\/revisions"}],"predecessor-version":[{"id":2028,"href":"https:\/\/haiticlimat.org\/site\/wp-json\/wp\/v2\/pages\/1276\/revisions\/2028"}],"wp:featuredmedia":[{"embeddable":true,"href":"https:\/\/haiticlimat.org\/site\/wp-json\/wp\/v2\/media\/2022"}],"wp:attachment":[{"href":"https:\/\/haiticlimat.org\/site\/wp-json\/wp\/v2\/media?parent=1276"}],"curies":[{"name":"wp","href":"https:\/\/api.w.org\/{rel}","templated":true}]}}