{"id":1273,"date":"2020-12-13T20:51:47","date_gmt":"2020-12-13T19:51:47","guid":{"rendered":"https:\/\/haiticlimat.org\/site\/?page_id=1273"},"modified":"2021-03-30T00:18:01","modified_gmt":"2021-03-29T22:18:01","slug":"podcast","status":"publish","type":"page","link":"https:\/\/haiticlimat.org\/site\/podcast\/","title":{"rendered":"Podcast"},"content":{"rendered":"<section class=\"kc-elm kc-css-23815 kc_row\"><div class=\"kc-row-container  kc-container\"><div class=\"kc-wrap-columns\"><div class=\"kc-elm kc-css-635551 kc_col-sm-6 kc_column kc_col-sm-6\"><div class=\"kc-col-container\">\r\n\t\t\t\t\t<div class=\"kc-elm kc-css-144995 kc-soundcloud\">\r\n\t\t\t\t\t\t<iframe loading=\"lazy\" title=\"Arnold Antonin : &quot;Le probl\u00e8me de l&#039;environnement en Ha\u00efti est global&quot; by Haiti Climat\" width=\"500\" height=\"400\" scrolling=\"no\" frameborder=\"no\" src=\"https:\/\/w.soundcloud.com\/player\/?visual=true&#038;url=https%3A%2F%2Fapi.soundcloud.com%2Ftracks%2F1016652895&#038;show_artwork=true&#038;maxheight=750&#038;maxwidth=500&#038;auto_play=false&#038;buying=true&#038;liking=true&#038;download=false&#038;sharing=true&#038;show_comments=true&#038;show_playcount=true&#038;show_user=true\"><\/iframe>\t\t\t\t\t<\/div>\r\n\r\n\t\t\r\n\t\t\t\t\t<div class=\"kc-elm kc-css-78891 kc-soundcloud\">\r\n\t\t\t\t\t\t<iframe loading=\"lazy\" title=\"La Grand&#039;Anse s&#039;alarme du risque de la disparition de ses mangroves by Haiti Climat\" width=\"500\" height=\"400\" scrolling=\"no\" frameborder=\"no\" src=\"https:\/\/w.soundcloud.com\/player\/?visual=true&#038;url=https%3A%2F%2Fapi.soundcloud.com%2Ftracks%2F1010477467&#038;show_artwork=true&#038;maxheight=750&#038;maxwidth=500&#038;auto_play=false&#038;buying=true&#038;liking=true&#038;download=false&#038;sharing=true&#038;show_comments=true&#038;show_playcount=true&#038;show_user=true\"><\/iframe>\t\t\t\t\t<\/div>\r\n\r\n\t\t\r\n\t\t\t\t\t<div class=\"kc-elm kc-css-371019 kc-soundcloud\">\r\n\t\t\t\t\t\t<iframe loading=\"lazy\" title=\"La mauvaise gestion des d\u00e9chets menace l&#039;environnement maritime \u00e0 Jacmel by Haiti Climat\" width=\"500\" height=\"400\" scrolling=\"no\" frameborder=\"no\" src=\"https:\/\/w.soundcloud.com\/player\/?visual=true&#038;url=https%3A%2F%2Fapi.soundcloud.com%2Ftracks%2F1010554219&#038;show_artwork=true&#038;maxheight=750&#038;maxwidth=500&#038;auto_play=false&#038;buying=true&#038;liking=true&#038;download=false&#038;sharing=true&#038;show_comments=true&#038;show_playcount=true&#038;show_user=true\"><\/iframe>\t\t\t\t\t<\/div>\r\n\r\n\t\t\r\n\t\t\t\t\t<div class=\"kc-elm kc-css-881749 kc-soundcloud\">\r\n\t\t\t\t\t\t<iframe loading=\"lazy\" title=\"L&#039;urbanisation incontr\u00f4l\u00e9e de Port-de-Paix menace la s\u00e9curit\u00e9 des riverains by Haiti Climat\" width=\"500\" height=\"400\" scrolling=\"no\" frameborder=\"no\" src=\"https:\/\/w.soundcloud.com\/player\/?visual=true&#038;url=https%3A%2F%2Fapi.soundcloud.com%2Ftracks%2F1010490838&#038;show_artwork=true&#038;maxheight=750&#038;maxwidth=500&#038;auto_play=false&#038;buying=true&#038;liking=true&#038;download=false&#038;sharing=true&#038;show_comments=true&#038;show_playcount=true&#038;show_user=true\"><\/iframe>\t\t\t\t\t<\/div>\r\n\r\n\t\t\r\n\t\t\t\t\t<div class=\"kc-elm kc-css-888744 kc-soundcloud\">\r\n\t\t\t\t\t\t<iframe loading=\"lazy\" title=\"C\u00e9l\u00e9bration des 35 Ans de la FAN... by Haiti Climat\" width=\"500\" height=\"400\" scrolling=\"no\" frameborder=\"no\" src=\"https:\/\/w.soundcloud.com\/player\/?visual=true&#038;url=https%3A%2F%2Fapi.soundcloud.com%2Ftracks%2F1016648299&#038;show_artwork=true&#038;maxheight=750&#038;maxwidth=500&#038;auto_play=false&#038;buying=true&#038;liking=true&#038;download=false&#038;sharing=true&#038;show_comments=true&#038;show_playcount=true&#038;show_user=true\"><\/iframe>\t\t\t\t\t<\/div>\r\n\r\n\t\t\r\n\t\t\t\t\t<div class=\"kc-elm kc-css-488253 kc-soundcloud\">\r\n\t\t\t\t\t\t<iframe loading=\"lazy\" title=\"Haiti Climat #1 avec AUDREY PULVAR by Haiti Climat\" width=\"500\" height=\"400\" scrolling=\"no\" frameborder=\"no\" src=\"https:\/\/w.soundcloud.com\/player\/?visual=true&#038;url=https%3A%2F%2Fapi.soundcloud.com%2Ftracks%2F621589641&#038;show_artwork=true&#038;maxheight=750&#038;maxwidth=500&#038;auto_play=false&#038;buying=true&#038;liking=true&#038;download=false&#038;sharing=true&#038;show_comments=true&#038;show_playcount=true&#038;show_user=true\"><\/iframe>\t\t\t\t\t<\/div>\r\n\r\n\t\t<\/div><\/div><div class=\"kc-elm kc-css-502995 kc_col-sm-6 kc_column kc_col-sm-6\"><div class=\"kc-col-container\">\r\n\t\t\t\t\t<div class=\"kc-elm kc-css-951756 kc-soundcloud\">\r\n\t\t\t\t\t\t<iframe loading=\"lazy\" title=\"L&#039;exploitation des carri\u00e8res amplifie la d\u00e9gradation de l&#039;environnement en Ha\u00efti by Haiti Climat\" width=\"500\" height=\"400\" scrolling=\"no\" frameborder=\"no\" src=\"https:\/\/w.soundcloud.com\/player\/?visual=true&#038;url=https%3A%2F%2Fapi.soundcloud.com%2Ftracks%2F1010468785&#038;show_artwork=true&#038;maxheight=750&#038;maxwidth=500&#038;auto_play=false&#038;buying=true&#038;liking=true&#038;download=false&#038;sharing=true&#038;show_comments=true&#038;show_playcount=true&#038;show_user=true\"><\/iframe>\t\t\t\t\t<\/div>\r\n\r\n\t\t\r\n\t\t\t\t\t<div class=\"kc-elm kc-css-408916 kc-soundcloud\">\r\n\t\t\t\t\t\t<iframe loading=\"lazy\" title=\"Des lots bois\u00e9s pour r\u00e9duire les risques d\u2019inondation aux Gona\u00efves by Haiti Climat\" width=\"500\" height=\"400\" scrolling=\"no\" frameborder=\"no\" src=\"https:\/\/w.soundcloud.com\/player\/?visual=true&#038;url=https%3A%2F%2Fapi.soundcloud.com%2Ftracks%2F1010479261&#038;show_artwork=true&#038;maxheight=750&#038;maxwidth=500&#038;auto_play=false&#038;buying=true&#038;liking=true&#038;download=false&#038;sharing=true&#038;show_comments=true&#038;show_playcount=true&#038;show_user=true\"><\/iframe>\t\t\t\t\t<\/div>\r\n\r\n\t\t\r\n\t\t\t\t\t<div class=\"kc-elm kc-css-63375 kc-soundcloud\">\r\n\t\t\t\t\t\t<iframe loading=\"lazy\" title=\"Konsekans deforestasyon Pak Makaya by Haiti Climat\" width=\"500\" height=\"400\" scrolling=\"no\" frameborder=\"no\" src=\"https:\/\/w.soundcloud.com\/player\/?visual=true&#038;url=https%3A%2F%2Fapi.soundcloud.com%2Ftracks%2F305002288&#038;show_artwork=true&#038;maxheight=750&#038;maxwidth=500&#038;auto_play=false&#038;buying=true&#038;liking=true&#038;download=false&#038;sharing=true&#038;show_comments=true&#038;show_playcount=true&#038;show_user=true\"><\/iframe>\t\t\t\t\t<\/div>\r\n\r\n\t\t\r\n\t\t\t\t\t<div class=\"kc-elm kc-css-162479 kc-soundcloud\">\r\n\t\t\t\t\t\t<iframe loading=\"lazy\" title=\"Sans site de d\u00e9charge, la ville de Cap-Ha\u00eftien peine a g\u00e9r\u00e9 ses d\u00e9chets by Haiti Climat\" width=\"500\" height=\"400\" scrolling=\"no\" frameborder=\"no\" src=\"https:\/\/w.soundcloud.com\/player\/?visual=true&#038;url=https%3A%2F%2Fapi.soundcloud.com%2Ftracks%2F1010529562&#038;show_artwork=true&#038;maxheight=750&#038;maxwidth=500&#038;auto_play=false&#038;buying=true&#038;liking=true&#038;download=false&#038;sharing=true&#038;show_comments=true&#038;show_playcount=true&#038;show_user=true\"><\/iframe>\t\t\t\t\t<\/div>\r\n\r\n\t\t\r\n\t\t\t\t\t<div class=\"kc-elm kc-css-150525 kc-soundcloud\">\r\n\t\t\t\t\t\t<iframe loading=\"lazy\" title=\"Des constructions anarchiques augmentent les risques d\u2019inondation aux Cayes by Haiti Climat\" width=\"500\" height=\"400\" scrolling=\"no\" frameborder=\"no\" src=\"https:\/\/w.soundcloud.com\/player\/?visual=true&#038;url=https%3A%2F%2Fapi.soundcloud.com%2Ftracks%2F1010483284&#038;show_artwork=true&#038;maxheight=750&#038;maxwidth=500&#038;auto_play=false&#038;buying=true&#038;liking=true&#038;download=false&#038;sharing=true&#038;show_comments=true&#038;show_playcount=true&#038;show_user=true\"><\/iframe>\t\t\t\t\t<\/div>\r\n\r\n\t\t\r\n\t\t\t\t\t<div class=\"kc-elm kc-css-260569 kc-soundcloud\">\r\n\t\t\t\t\t\t<iframe loading=\"lazy\" title=\"Haiti Climat 10 D\u00e9cembre 2020 invit\u00e9, le Dr #Evenson_Calixte, DG de #ANARSE by Radio Magik9\" width=\"500\" height=\"400\" scrolling=\"no\" frameborder=\"no\" src=\"https:\/\/w.soundcloud.com\/player\/?visual=true&#038;url=https%3A%2F%2Fapi.soundcloud.com%2Ftracks%2F945100543&#038;show_artwork=true&#038;maxheight=750&#038;maxwidth=500&#038;auto_play=false&#038;buying=true&#038;liking=true&#038;download=false&#038;sharing=true&#038;show_comments=true&#038;show_playcount=true&#038;show_user=true\"><\/iframe>\t\t\t\t\t<\/div>\r\n\r\n\t\t<\/div><\/div><\/div><\/div><\/section>\n","protected":false},"excerpt":{"rendered":"","protected":false},"author":1,"featured_media":0,"parent":0,"menu_order":0,"comment_status":"closed","ping_status":"closed","template":"","meta":{"jetpack_post_was_ever_published":false,"footnotes":""},"class_list":["post-1273","page","type-page","status-publish","hentry"],"jetpack_likes_enabled":false,"jetpack_sharing_enabled":false,"_links":{"self":[{"href":"https:\/\/haiticlimat.org\/site\/wp-json\/wp\/v2\/pages\/1273","targetHints":{"allow":["GET"]}}],"collection":[{"href":"https:\/\/haiticlimat.org\/site\/wp-json\/wp\/v2\/pages"}],"about":[{"href":"https:\/\/haiticlimat.org\/site\/wp-json\/wp\/v2\/types\/page"}],"author":[{"embeddable":true,"href":"https:\/\/haiticlimat.org\/site\/wp-json\/wp\/v2\/users\/1"}],"replies":[{"embeddable":true,"href":"https:\/\/haiticlimat.org\/site\/wp-json\/wp\/v2\/comments?post=1273"}],"version-history":[{"count":12,"href":"https:\/\/haiticlimat.org\/site\/wp-json\/wp\/v2\/pages\/1273\/revisions"}],"predecessor-version":[{"id":1649,"href":"https:\/\/haiticlimat.org\/site\/wp-json\/wp\/v2\/pages\/1273\/revisions\/1649"}],"wp:attachment":[{"href":"https:\/\/haiticlimat.org\/site\/wp-json\/wp\/v2\/media?parent=1273"}],"curies":[{"name":"wp","href":"https:\/\/api.w.org\/{rel}","templated":true}]}}